{"id":611,"date":"2013-11-27T02:12:20","date_gmt":"2013-11-27T02:12:20","guid":{"rendered":"http:\/\/infynia.devstaging.ca\/?page_id=611"},"modified":"2021-03-18T08:49:49","modified_gmt":"2021-03-18T13:49:49","slug":"rapports-statistiques","status":"publish","type":"page","link":"https:\/\/camplogistiks.com\/fr\/camp-logistiks\/rapports-statistiques\/","title":{"rendered":"Module de rapports statistiques"},"content":{"rendered":"<div class=\"wpb_row vc_row-fluid\">\n\t<div class=\"vc_span12 wpb_column column_container\">\n\t\t<div class=\"wpb_wrapper\">\n\t\t\t\n\t<div class=\"wpb_text_column wpb_content_element \">\n\t\t<div class=\"wpb_wrapper\">\n\t\t\t<p>Les bonnes d\u00e9cisions d\u2019aujourd\u2019hui sont orient\u00e9es par des donn\u00e9es. Alors, pourquoi ne pas les exploiter pleinement afin de prendre des d\u00e9cisions \u00e9clair\u00e9es ?<\/p>\n<p>\u00c9vitez de deviner et calculez vos actions en vous appuyant sur des faits concrets. En ce sens, <strong><em>CampLogisti<span style=\"color: #f49c14;\">k<\/span>s<\/em><\/strong> vous permet d\u2019acc\u00e9der \u00e0 des statistiques pr\u00e9\u00e9tablies pour les principaux modules de son syst\u00e8me informatique d\u00e9di\u00e9 \u00e0 la <a href=\"http:\/\/camplogistiks.com\/fr\/camp-logistiks\/\">gestion des sites \u00e9loign\u00e9s<\/a>. Vous pourrez donc g\u00e9n\u00e9rer des rapports d\u00e9taill\u00e9s concernant l\u2019h\u00e9bergement, les employ\u00e9s, <a href=\"http:\/\/camplogistiks.com\/fr\/camp-logistiks\/transport\/\">le transport<\/a>, la facturation, les m\u00e9nages et le <a href=\"http:\/\/camplogistiks.com\/fr\/camp-logistiks\/cafeteria\/\">service de caf\u00e9t\u00e9ria<\/a>.<\/p>\n<p>Bref, avec le module de rapports et statistiques, vous pourrez consulter rapidement les informations que vous recherchez en cr\u00e9ant des requ\u00eates pr\u00e9cises, en fonction de vos besoins.<\/p>\n\n\t\t<\/div> \n\t<\/div> <div class=\"highlightbox contenttable\"><div class=\"two_third\">\n<h2>D\u00e9couvrez le logiciel CampLogistiks<\/h2>\n<p>Obtenez une d\u00e9monstration gratuite de notre module de rapports statistiques <\/div>\n<p><a class=\"btn btn-warning margin5\" title=\"D\u00e9monstration gratuite\" href=\"http:\/\/camplogistiks.com\/?page_id=163\">D\u00e9monstration gratuite<\/a><\/p>\n<div class=\"one_third lastcolumn\"><\/div><div class=\"clear\"><\/div>\n<div class=\"one_third lastcolumn\"><\/div><div class=\"clear\"><\/div><\/div><div class=\"clear\"><\/div><div class=\"vc_separator wpb_content_element vc_el_width_100\">\n\t<span class=\"vc_sep_holder vc_sep_holder_l\"><span class=\"vc_sep_line\"><\/span><\/span>\n\t\t<span class=\"vc_sep_holder vc_sep_holder_r\"><span class=\"vc_sep_line\"><\/span><\/span>\n<\/div>\n\n<div class=\"wpb_row vc_row-fluid\">\n\t<div class=\"vc_span12 wpb_column column_container\">\n\t\t<div class=\"wpb_wrapper\">\n\t\t\t\n\t<div class=\"wpb_text_column wpb_content_element \">\n\t\t<div class=\"wpb_wrapper\">\n\t\t\t<h2 style=\"text-align: center;\">Facilitez votre processus de prise de d\u00e9cision gr\u00e2ce au module de rapports statistiques<\/h2>\n<p>Les rapports et statistiques sont une partie importante de la gestion active de toute entreprise. Ils sont la base sur laquelle reposeront toutes vos d\u00e9cisions strat\u00e9giques qui influenceront l\u2019avenir de votre organisation.<\/p>\n<h3>G\u00e9n\u00e9rez davantage de profits<\/h3>\n<p>Utilisez les rapports g\u00e9n\u00e9r\u00e9s automatiquement pour suivre les indicateurs cl\u00e9s, mieux contr\u00f4ler les d\u00e9penses et augmenter vos revenus. Ce module vous aidera \u00e9galement \u00e0 pr\u00e9voir les tendances (<a href=\"http:\/\/camplogistiks.com\/fr\/camp-logistiks\/hebergement-entretien-menager\/\">occupation, r\u00e9servations<\/a>, et vols) et \u00e0 prendre des mesures appropri\u00e9es pour accro\u00eetre les profits.<\/p>\n<h3>Ajustez vos strat\u00e9gies rapidement<\/h3>\n<p>Les gestionnaires qui examinent les rapports sur une base quotidienne, ou fr\u00e9quemment, peuvent rapidement faire des ajustements s\u2019il y a des anomalies. C\u2019est pourquoi un tel outil logiciel peut rendre votre entreprise beaucoup plus r\u00e9active.<\/p>\n<h3>Un module au potentiel immense<\/h3>\n<p>Les diff\u00e9rentes fonctions du module de rapports et statistiques du logiciel <strong><em>CampLogisti<span style=\"color: #f49c14;\">k<\/span>s<\/em><\/strong> vous offrent des possibilit\u00e9s int\u00e9ressantes.<\/p>\n<ul>\n<li>Imprimer et \/ ou exporter dans les formats les plus courants tels que Excel, Word et PDF.<\/li>\n<li>Filtrez les informations en s\u00e9lectionnant diff\u00e9rents types de param\u00e8tres.<\/li>\n<li>Profitez de donn\u00e9es statistiques en temps r\u00e9el.<\/li>\n<li>Obtenez des donn\u00e9es pr\u00e9cises, tir\u00e9es d\u2019une source d\u2019information unique.<\/li>\n<li>Appuyez votre processus de prise de d\u00e9cision sur des informations pr\u00e9cises.<\/li>\n<li>Des rapports et des indicateurs sur mesure sont disponibles sous demande.<\/li>\n<li>Solution d\u2019analyse d&rsquo;affaires qui vous permet de consulter vos donn\u00e9es et de partager des insights au sein de votre organisation, ou de les int\u00e9grer dans votre application ou dans votre site web. Connectez-vous \u00e0 votre source de donn\u00e9es et donnez vie \u00e0 vos donn\u00e9es avec des tableaux de bord et des rapports live, interactive et dynamique.<\/li>\n<\/ul>\n\n\t\t<\/div> \n\t<\/div> <div class=\"vc_separator wpb_content_element vc_el_width_100 vc_sep_color_grey\">\n\t<span class=\"vc_sep_holder vc_sep_holder_l\"><span class=\"vc_sep_line\"><\/span><\/span>\n\t\t<span class=\"vc_sep_holder vc_sep_holder_r\"><span class=\"vc_sep_line\"><\/span><\/span>\n<\/div>\n\n\n\t\t<\/div> \n\t<\/div> \n<\/div>\n\t\t<\/div> \n\t<\/div> \n<\/div><div class=\"wpb_row vc_row-fluid\">\n\t<div class=\"vc_span12 wpb_column column_container\">\n\t\t<div class=\"wpb_wrapper\">\n\t\t\t\n\t<div class=\"wpb_text_column wpb_content_element \">\n\t\t<div class=\"wpb_wrapper\">\n\t\t\t<h2 style=\"text-align: center;\">Capture d\u2019\u00e9cran d&rsquo;un rapport live, interactif et dynamique<\/h2>\n\n\t\t<\/div> \n\t<\/div> <div class=\"left mr\" style=\"width:auto;\">\n\t\t\t\t\t\t\t<div class=\"holderwrap\">\n\t\t\t\t\t\t\t\t<div class=\"mediaholder\">\n\t\t\t\t\t\t\t\t\t<img decoding=\"async\" src=\"https:\/\/camplogistiks.com\/wp-content\/uploads\/2013\/11\/Sites-Utilization.png\" alt=\"\">\n\t\t\t\t\t\t\t\t\t<div class=\"cover\"><\/div>\n\t\t\t\t\t\t\t\t\t<a href=\"https:\/\/camplogistiks.com\/wp-content\/uploads\/2013\/11\/Sites-Utilization.png\" rel=\"group2\" data-rel=\"group2\" class=\"fancybox\" title=\"\"><div class=\"show icon-search \"><\/div><\/a><\/div>\n\t\t\t\t\t\t\t\t<div class=\"foliotextholder\">\n\t\t\t\t\t\t\t\t\t<div class=\"foliotextwrapper\">\n\t\t\t\t\t\t\t\t\t\t<h5 class=\"itemtitle\"><a href=\"\"><\/a><\/h5>\n\t\t\t\t\t\t\t\t\t<\/div>\n\t\t\t\t\t\t\t\t<\/div>\n\t\t\t\t\t\t\t<\/div>\n\t\t\t\t\t\t<\/div>\n<div class=\"vc_separator wpb_content_element vc_el_width_100\">\n\t<span class=\"vc_sep_holder vc_sep_holder_l\"><span class=\"vc_sep_line\"><\/span><\/span>\n\t\t<span class=\"vc_sep_holder vc_sep_holder_r\"><span class=\"vc_sep_line\"><\/span><\/span>\n<\/div>\n\n\n\t\t<\/div> \n\t<\/div> \n<\/div><div class=\"wpb_row vc_row-fluid\">\n\t<div class=\"vc_span12 wpb_column column_container\">\n\t\t<div class=\"wpb_wrapper\">\n\t\t\t\n\t<div class=\"wpb_gallery wpb_content_element vc_clearfix\">\n\t\t<div class=\"wpb_wrapper\"><h2 class=\"wpb_heading wpb_gallery_heading\">BI Dashboards Gallerie<\/h2><div class=\"wpb_gallery_slides wpb_slider_nivo theme-default\" data-interval=\"3\"><div class=\"nivoSlider\"><a class=\"prettyphoto\" href=\"https:\/\/camplogistiks.com\/wp-content\/uploads\/2013\/11\/Sales-Revenue-1024x541.png\" rel=\"prettyPhoto[rel-1050076682]\"><img loading=\"lazy\" decoding=\"async\" width=\"940\" height=\"497\" src=\"https:\/\/camplogistiks.com\/wp-content\/uploads\/2013\/11\/Sales-Revenue-1024x541.png\" class=\"attachment-large\" alt=\"\" srcset=\"https:\/\/camplogistiks.com\/wp-content\/uploads\/2013\/11\/Sales-Revenue-1024x541.png 1024w, https:\/\/camplogistiks.com\/wp-content\/uploads\/2013\/11\/Sales-Revenue-300x158.png 300w, https:\/\/camplogistiks.com\/wp-content\/uploads\/2013\/11\/Sales-Revenue-768x406.png 768w, https:\/\/camplogistiks.com\/wp-content\/uploads\/2013\/11\/Sales-Revenue.png 1624w\" sizes=\"auto, (max-width: 940px) 100vw, 940px\" \/><\/a><a class=\"prettyphoto\" href=\"https:\/\/camplogistiks.com\/wp-content\/uploads\/2013\/11\/Guests-and-Reservations-1024x560.png\" rel=\"prettyPhoto[rel-1050076682]\"><img loading=\"lazy\" decoding=\"async\" width=\"940\" height=\"514\" src=\"https:\/\/camplogistiks.com\/wp-content\/uploads\/2013\/11\/Guests-and-Reservations-1024x560.png\" class=\"attachment-large\" alt=\"\" srcset=\"https:\/\/camplogistiks.com\/wp-content\/uploads\/2013\/11\/Guests-and-Reservations-1024x560.png 1024w, https:\/\/camplogistiks.com\/wp-content\/uploads\/2013\/11\/Guests-and-Reservations-300x164.png 300w, https:\/\/camplogistiks.com\/wp-content\/uploads\/2013\/11\/Guests-and-Reservations-768x420.png 768w, https:\/\/camplogistiks.com\/wp-content\/uploads\/2013\/11\/Guests-and-Reservations.png 1593w\" sizes=\"auto, (max-width: 940px) 100vw, 940px\" \/><\/a><a class=\"prettyphoto\" href=\"https:\/\/camplogistiks.com\/wp-content\/uploads\/2013\/11\/HK-Report-1-1024x687.png\" rel=\"prettyPhoto[rel-1050076682]\"><img loading=\"lazy\" decoding=\"async\" width=\"940\" height=\"631\" src=\"https:\/\/camplogistiks.com\/wp-content\/uploads\/2013\/11\/HK-Report-1-1024x687.png\" class=\"attachment-large\" alt=\"\" srcset=\"https:\/\/camplogistiks.com\/wp-content\/uploads\/2013\/11\/HK-Report-1-1024x687.png 1024w, https:\/\/camplogistiks.com\/wp-content\/uploads\/2013\/11\/HK-Report-1-300x201.png 300w, https:\/\/camplogistiks.com\/wp-content\/uploads\/2013\/11\/HK-Report-1-768x515.png 768w, https:\/\/camplogistiks.com\/wp-content\/uploads\/2013\/11\/HK-Report-1.png 1553w\" sizes=\"auto, (max-width: 940px) 100vw, 940px\" \/><\/a><a class=\"prettyphoto\" href=\"https:\/\/camplogistiks.com\/wp-content\/uploads\/2013\/11\/Accommodation-1024x561.png\" rel=\"prettyPhoto[rel-1050076682]\"><img loading=\"lazy\" decoding=\"async\" width=\"940\" height=\"515\" src=\"https:\/\/camplogistiks.com\/wp-content\/uploads\/2013\/11\/Accommodation-1024x561.png\" class=\"attachment-large\" alt=\"\" srcset=\"https:\/\/camplogistiks.com\/wp-content\/uploads\/2013\/11\/Accommodation-1024x561.png 1024w, https:\/\/camplogistiks.com\/wp-content\/uploads\/2013\/11\/Accommodation-300x164.png 300w, https:\/\/camplogistiks.com\/wp-content\/uploads\/2013\/11\/Accommodation-768x421.png 768w, https:\/\/camplogistiks.com\/wp-content\/uploads\/2013\/11\/Accommodation.png 1601w\" sizes=\"auto, (max-width: 940px) 100vw, 940px\" \/><\/a><a class=\"prettyphoto\" href=\"https:\/\/camplogistiks.com\/wp-content\/uploads\/2013\/11\/Capture-Sistek-1024x546.png\" rel=\"prettyPhoto[rel-1050076682]\"><img loading=\"lazy\" decoding=\"async\" width=\"940\" height=\"501\" src=\"https:\/\/camplogistiks.com\/wp-content\/uploads\/2013\/11\/Capture-Sistek-1024x546.png\" class=\"attachment-large\" alt=\"\" srcset=\"https:\/\/camplogistiks.com\/wp-content\/uploads\/2013\/11\/Capture-Sistek-1024x546.png 1024w, https:\/\/camplogistiks.com\/wp-content\/uploads\/2013\/11\/Capture-Sistek-300x160.png 300w, https:\/\/camplogistiks.com\/wp-content\/uploads\/2013\/11\/Capture-Sistek-768x409.png 768w, https:\/\/camplogistiks.com\/wp-content\/uploads\/2013\/11\/Capture-Sistek.png 1693w\" sizes=\"auto, (max-width: 940px) 100vw, 940px\" \/><\/a><a class=\"prettyphoto\" href=\"https:\/\/camplogistiks.com\/wp-content\/uploads\/2013\/11\/Billable-Hours-1024x676.png\" rel=\"prettyPhoto[rel-1050076682]\"><img loading=\"lazy\" decoding=\"async\" width=\"940\" height=\"621\" src=\"https:\/\/camplogistiks.com\/wp-content\/uploads\/2013\/11\/Billable-Hours-1024x676.png\" class=\"attachment-large\" alt=\"\" srcset=\"https:\/\/camplogistiks.com\/wp-content\/uploads\/2013\/11\/Billable-Hours-1024x676.png 1024w, https:\/\/camplogistiks.com\/wp-content\/uploads\/2013\/11\/Billable-Hours-300x198.png 300w, https:\/\/camplogistiks.com\/wp-content\/uploads\/2013\/11\/Billable-Hours-768x507.png 768w, https:\/\/camplogistiks.com\/wp-content\/uploads\/2013\/11\/Billable-Hours.png 1479w\" sizes=\"auto, (max-width: 940px) 100vw, 940px\" \/><\/a><a class=\"prettyphoto\" href=\"https:\/\/camplogistiks.com\/wp-content\/uploads\/2013\/11\/Decomposition-des-heures-1024x548.png\" rel=\"prettyPhoto[rel-1050076682]\"><img loading=\"lazy\" decoding=\"async\" width=\"940\" height=\"503\" src=\"https:\/\/camplogistiks.com\/wp-content\/uploads\/2013\/11\/Decomposition-des-heures-1024x548.png\" class=\"attachment-large\" alt=\"\" srcset=\"https:\/\/camplogistiks.com\/wp-content\/uploads\/2013\/11\/Decomposition-des-heures-1024x548.png 1024w, https:\/\/camplogistiks.com\/wp-content\/uploads\/2013\/11\/Decomposition-des-heures-300x161.png 300w, https:\/\/camplogistiks.com\/wp-content\/uploads\/2013\/11\/Decomposition-des-heures-768x411.png 768w, https:\/\/camplogistiks.com\/wp-content\/uploads\/2013\/11\/Decomposition-des-heures.png 1401w\" sizes=\"auto, (max-width: 940px) 100vw, 940px\" \/><\/a><a class=\"prettyphoto\" href=\"https:\/\/camplogistiks.com\/wp-content\/uploads\/2013\/11\/Sites-Utilization-1024x585.png\" rel=\"prettyPhoto[rel-1050076682]\"><img loading=\"lazy\" decoding=\"async\" width=\"940\" height=\"537\" src=\"https:\/\/camplogistiks.com\/wp-content\/uploads\/2013\/11\/Sites-Utilization-1024x585.png\" class=\"attachment-large\" alt=\"\" srcset=\"https:\/\/camplogistiks.com\/wp-content\/uploads\/2013\/11\/Sites-Utilization-1024x585.png 1024w, https:\/\/camplogistiks.com\/wp-content\/uploads\/2013\/11\/Sites-Utilization-300x171.png 300w, https:\/\/camplogistiks.com\/wp-content\/uploads\/2013\/11\/Sites-Utilization-768x439.png 768w, https:\/\/camplogistiks.com\/wp-content\/uploads\/2013\/11\/Sites-Utilization.png 1508w\" sizes=\"auto, (max-width: 940px) 100vw, 940px\" \/><\/a><\/div><\/div>\n\t\t<\/div> \n\t<\/div> \n\t\t<\/div> \n\t<\/div> \n<\/div>\n","protected":false},"excerpt":{"rendered":"Les bonnes d\u00e9cisions d\u2019aujourd\u2019hui sont orient\u00e9es par des donn\u00e9es. Alors, pourquoi ne pas les exploiter pleinement afin de prendre des d\u00e9cisions \u00e9clair\u00e9es ? \u00c9vitez de deviner et calculez vos actions en vous appuyant sur des faits concrets. En ce sens, CampLogistiks vous permet d\u2019acc\u00e9der \u00e0 des statistiques pr\u00e9\u00e9tablies pour les principaux modules de son syst\u00e8me ...","protected":false},"author":1001005,"featured_media":0,"parent":596,"menu_order":8,"comment_status":"closed","ping_status":"closed","template":"","meta":{"_monsterinsights_skip_tracking":false,"_monsterinsights_sitenote_active":false,"_monsterinsights_sitenote_note":"","_monsterinsights_sitenote_category":0,"footnotes":""},"class_list":["post-611","page","type-page","status-publish","hentry"],"yoast_head":"<!-- This site is optimized with the Yoast SEO plugin v27.4 - https:\/\/yoast.com\/product\/yoast-seo-wordpress\/ -->\n<title>Rapports et statistiques| Logiciel CampLogistiks<\/title>\n<meta name=\"description\" content=\"Profitez de rapports et statistiques pr\u00e9configur\u00e9s, adapt\u00e9s aux principaux modules tels que l\u2019h\u00e9bergement, les employ\u00e9s, les transports et la caf\u00e9t\u00e9ria.\" \/>\n<meta name=\"robots\" content=\"index, follow, max-snippet:-1, max-image-preview:large, max-video-preview:-1\" \/>\n<link rel=\"canonical\" href=\"https:\/\/camplogistiks.com\/fr\/camp-logistiks\/rapports-statistiques\/\" \/>\n<meta property=\"og:locale\" content=\"fr_FR\" \/>\n<meta property=\"og:type\" content=\"article\" \/>\n<meta property=\"og:title\" content=\"Rapports et statistiques| Logiciel CampLogistiks\" \/>\n<meta property=\"og:description\" content=\"Profitez de rapports et statistiques pr\u00e9configur\u00e9s, adapt\u00e9s aux principaux modules tels que l\u2019h\u00e9bergement, les employ\u00e9s, les transports et la caf\u00e9t\u00e9ria.\" \/>\n<meta property=\"og:url\" content=\"https:\/\/camplogistiks.com\/fr\/camp-logistiks\/rapports-statistiques\/\" \/>\n<meta property=\"og:site_name\" content=\"Camp Logistiks\" \/>\n<meta property=\"article:modified_time\" content=\"2021-03-18T13:49:49+00:00\" \/>\n<meta name=\"twitter:label1\" content=\"Dur\u00e9e de lecture estim\u00e9e\" \/>\n\t<meta name=\"twitter:data1\" content=\"3 minutes\" \/>\n<script type=\"application\/ld+json\" class=\"yoast-schema-graph\">{\"@context\":\"https:\\\/\\\/schema.org\",\"@graph\":[{\"@type\":\"WebPage\",\"@id\":\"https:\\\/\\\/camplogistiks.com\\\/fr\\\/camp-logistiks\\\/rapports-statistiques\\\/\",\"url\":\"https:\\\/\\\/camplogistiks.com\\\/fr\\\/camp-logistiks\\\/rapports-statistiques\\\/\",\"name\":\"Rapports et statistiques| Logiciel CampLogistiks\",\"isPartOf\":{\"@id\":\"https:\\\/\\\/camplogistiks.com\\\/#website\"},\"datePublished\":\"2013-11-27T02:12:20+00:00\",\"dateModified\":\"2021-03-18T13:49:49+00:00\",\"description\":\"Profitez de rapports et statistiques pr\u00e9configur\u00e9s, adapt\u00e9s aux principaux modules tels que l\u2019h\u00e9bergement, les employ\u00e9s, les transports et la caf\u00e9t\u00e9ria.\",\"breadcrumb\":{\"@id\":\"https:\\\/\\\/camplogistiks.com\\\/fr\\\/camp-logistiks\\\/rapports-statistiques\\\/#breadcrumb\"},\"inLanguage\":\"fr-FR\",\"potentialAction\":[{\"@type\":\"ReadAction\",\"target\":[\"https:\\\/\\\/camplogistiks.com\\\/fr\\\/camp-logistiks\\\/rapports-statistiques\\\/\"]}]},{\"@type\":\"BreadcrumbList\",\"@id\":\"https:\\\/\\\/camplogistiks.com\\\/fr\\\/camp-logistiks\\\/rapports-statistiques\\\/#breadcrumb\",\"itemListElement\":[{\"@type\":\"ListItem\",\"position\":1,\"name\":\"Accueil\",\"item\":\"https:\\\/\\\/camplogistiks.com\\\/fr\\\/\"},{\"@type\":\"ListItem\",\"position\":2,\"name\":\"CampLogistiks : Solution de gestion de camps \u00e9loign\u00e9s\",\"item\":\"https:\\\/\\\/camplogistiks.com\\\/fr\\\/camp-logistiks\\\/\"},{\"@type\":\"ListItem\",\"position\":3,\"name\":\"Module de rapports statistiques\"}]},{\"@type\":\"WebSite\",\"@id\":\"https:\\\/\\\/camplogistiks.com\\\/#website\",\"url\":\"https:\\\/\\\/camplogistiks.com\\\/\",\"name\":\"Camp Logistiks\",\"description\":\"Powered by Infynia\",\"potentialAction\":[{\"@type\":\"SearchAction\",\"target\":{\"@type\":\"EntryPoint\",\"urlTemplate\":\"https:\\\/\\\/camplogistiks.com\\\/?s={search_term_string}\"},\"query-input\":{\"@type\":\"PropertyValueSpecification\",\"valueRequired\":true,\"valueName\":\"search_term_string\"}}],\"inLanguage\":\"fr-FR\"}]}<\/script>\n<!-- \/ Yoast SEO plugin. -->","yoast_head_json":{"title":"Rapports et statistiques| Logiciel CampLogistiks","description":"Profitez de rapports et statistiques pr\u00e9configur\u00e9s, adapt\u00e9s aux principaux modules tels que l\u2019h\u00e9bergement, les employ\u00e9s, les transports et la caf\u00e9t\u00e9ria.","robots":{"index":"index","follow":"follow","max-snippet":"max-snippet:-1","max-image-preview":"max-image-preview:large","max-video-preview":"max-video-preview:-1"},"canonical":"https:\/\/camplogistiks.com\/fr\/camp-logistiks\/rapports-statistiques\/","og_locale":"fr_FR","og_type":"article","og_title":"Rapports et statistiques| Logiciel CampLogistiks","og_description":"Profitez de rapports et statistiques pr\u00e9configur\u00e9s, adapt\u00e9s aux principaux modules tels que l\u2019h\u00e9bergement, les employ\u00e9s, les transports et la caf\u00e9t\u00e9ria.","og_url":"https:\/\/camplogistiks.com\/fr\/camp-logistiks\/rapports-statistiques\/","og_site_name":"Camp Logistiks","article_modified_time":"2021-03-18T13:49:49+00:00","twitter_misc":{"Dur\u00e9e de lecture estim\u00e9e":"3 minutes"},"schema":{"@context":"https:\/\/schema.org","@graph":[{"@type":"WebPage","@id":"https:\/\/camplogistiks.com\/fr\/camp-logistiks\/rapports-statistiques\/","url":"https:\/\/camplogistiks.com\/fr\/camp-logistiks\/rapports-statistiques\/","name":"Rapports et statistiques| Logiciel CampLogistiks","isPartOf":{"@id":"https:\/\/camplogistiks.com\/#website"},"datePublished":"2013-11-27T02:12:20+00:00","dateModified":"2021-03-18T13:49:49+00:00","description":"Profitez de rapports et statistiques pr\u00e9configur\u00e9s, adapt\u00e9s aux principaux modules tels que l\u2019h\u00e9bergement, les employ\u00e9s, les transports et la caf\u00e9t\u00e9ria.","breadcrumb":{"@id":"https:\/\/camplogistiks.com\/fr\/camp-logistiks\/rapports-statistiques\/#breadcrumb"},"inLanguage":"fr-FR","potentialAction":[{"@type":"ReadAction","target":["https:\/\/camplogistiks.com\/fr\/camp-logistiks\/rapports-statistiques\/"]}]},{"@type":"BreadcrumbList","@id":"https:\/\/camplogistiks.com\/fr\/camp-logistiks\/rapports-statistiques\/#breadcrumb","itemListElement":[{"@type":"ListItem","position":1,"name":"Accueil","item":"https:\/\/camplogistiks.com\/fr\/"},{"@type":"ListItem","position":2,"name":"CampLogistiks : Solution de gestion de camps \u00e9loign\u00e9s","item":"https:\/\/camplogistiks.com\/fr\/camp-logistiks\/"},{"@type":"ListItem","position":3,"name":"Module de rapports statistiques"}]},{"@type":"WebSite","@id":"https:\/\/camplogistiks.com\/#website","url":"https:\/\/camplogistiks.com\/","name":"Camp Logistiks","description":"Powered by Infynia","potentialAction":[{"@type":"SearchAction","target":{"@type":"EntryPoint","urlTemplate":"https:\/\/camplogistiks.com\/?s={search_term_string}"},"query-input":{"@type":"PropertyValueSpecification","valueRequired":true,"valueName":"search_term_string"}}],"inLanguage":"fr-FR"}]}},"featured_image_src":null,"featured_image_src_square":null,"_links":{"self":[{"href":"https:\/\/camplogistiks.com\/fr\/wp-json\/wp\/v2\/pages\/611","targetHints":{"allow":["GET"]}}],"collection":[{"href":"https:\/\/camplogistiks.com\/fr\/wp-json\/wp\/v2\/pages"}],"about":[{"href":"https:\/\/camplogistiks.com\/fr\/wp-json\/wp\/v2\/types\/page"}],"author":[{"embeddable":true,"href":"https:\/\/camplogistiks.com\/fr\/wp-json\/wp\/v2\/users\/1001005"}],"replies":[{"embeddable":true,"href":"https:\/\/camplogistiks.com\/fr\/wp-json\/wp\/v2\/comments?post=611"}],"version-history":[{"count":0,"href":"https:\/\/camplogistiks.com\/fr\/wp-json\/wp\/v2\/pages\/611\/revisions"}],"up":[{"embeddable":true,"href":"https:\/\/camplogistiks.com\/fr\/wp-json\/wp\/v2\/pages\/596"}],"wp:attachment":[{"href":"https:\/\/camplogistiks.com\/fr\/wp-json\/wp\/v2\/media?parent=611"}],"curies":[{"name":"wp","href":"https:\/\/api.w.org\/{rel}","templated":true}]}}