{"id":609,"date":"2013-11-27T02:11:59","date_gmt":"2013-11-27T02:11:59","guid":{"rendered":"http:\/\/infynia.devstaging.ca\/?page_id=609"},"modified":"2018-09-19T16:34:45","modified_gmt":"2018-09-19T21:34:45","slug":"controle-acces","status":"publish","type":"page","link":"https:\/\/camplogistiks.com\/fr\/camp-logistiks\/controle-acces\/","title":{"rendered":"Int\u00e9gration du syst\u00e8me de contr\u00f4le d\u2019acc\u00e8s \u00e0 Camp Logistiks"},"content":{"rendered":"<div class=\"wpb_row vc_row-fluid\">\n\t<div class=\"vc_span12 wpb_column column_container\">\n\t\t<div class=\"wpb_wrapper\">\n\t\t\t<div class=\"wpb_row vc_row-fluid\">\n\t<div class=\"vc_span12 wpb_column column_container\">\n\t\t<div class=\"wpb_wrapper\">\n\t\t\t\n\t<div class=\"wpb_text_column wpb_content_element \">\n\t\t<div class=\"wpb_wrapper\">\n\t\t\t<p>Tirer le meilleur de ses ressources et de ses investissements est un objectif l\u00e9gitime pour toute entreprise. C\u2019est d\u2019ailleurs dans cet esprit que plusieurs d\u2019entre elles, qui se sp\u00e9cialisent dans la gestion de campements pour les travailleurs en r\u00e9gions \u00e9loign\u00e9es, se tournent vers le <a href=\"\/fr\/camp-logistiks\/\">logiciel <strong><em>CampLogisti<span style=\"color: #f49c14;\">k<\/span>s<\/em><\/strong><\/a>. Cet outil leur permet d\u2019optimiser leurs op\u00e9rations et de r\u00e9duire les risques d\u2019erreurs co\u00fbteuses.<\/p>\n<p>Cependant, pour maximiser le potentiel de <strong><em>CampLogisti<span style=\"color: #f49c14;\">k<\/span>s<\/em><\/strong>, il est possible de proc\u00e9der \u00e0 l\u2019int\u00e9gration du contr\u00f4le d\u2019acc\u00e8s aux diff\u00e9rentes zones sensibles du campement. Ainsi, il devient facile de suivre les all\u00e9es et venues des travailleurs du site afin de garantir la s\u00e9curit\u00e9 de celui-ci.<\/p>\n\n\t\t<\/div> \n\t<\/div> <div class=\"highlightbox contenttable\"><div class=\"two_third\">\n<h2>D\u00e9couvrez le logiciel CampLogistiks<\/h2>\n<p>Obtenez une d\u00e9monstration gratuite de notre logiciel de gestion de sites \u00e9loign\u00e9s <\/div> <div class=\"one_third lastcolumn\"> <div class=\" \" style=\"display:block;clear:both;height:20px\"><\/div><a class=\"btn btn-warning margin5\" title=\"D\u00e9monstration gratuite\" href=\"http:\/\/camplogistiks.com\/fr\/demonstration\">D\u00e9monstration gratuite<\/a> <\/div><div class=\"clear\"><\/div><\/div><div class=\"clear\"><\/div><div class=\"vc_separator wpb_content_element vc_el_width_100 vc_sep_color_grey\">\n\t<span class=\"vc_sep_holder vc_sep_holder_l\"><span class=\"vc_sep_line\"><\/span><\/span>\n\t\t<span class=\"vc_sep_holder vc_sep_holder_r\"><span class=\"vc_sep_line\"><\/span><\/span>\n<\/div>\n\n\n\t<div class=\"wpb_text_column wpb_content_element \">\n\t\t<div class=\"wpb_wrapper\">\n\t\t\t<h2 style=\"text-align: center;\">Une meilleure tra\u00e7abilit\u00e9 gr\u00e2ce \u00e0 l\u2019int\u00e9gration en temps r\u00e9el avec les solutions de contr\u00f4le d\u2019acc\u00e8s<\/h2>\n<p>L\u2019int\u00e9gration du syst\u00e8me de contr\u00f4le d\u2019acc\u00e8s \u00e0 <strong><em>CampLogisti<span style=\"color: #f49c14;\">k<\/span>s<\/em><\/strong> repr\u00e9sente une excellente avenue si vous souhaitez \u00e9tablir un lien r\u00e9el entre les op\u00e9rations et \u00eatre en mesure de rep\u00e9rer les anomalies.<\/p>\n<ul>\n<li>Utilisez la m\u00eame carte d\u2019acc\u00e8s pour la porte et la <a href=\"\/fr\/camp-logistiks\/cafeteria\/\">caf\u00e9t\u00e9ria<\/a><\/li>\n<li>Gardez \u00e0 distance les personnes non autoris\u00e9es \u00e0 circuler sur le site ou dans la caf\u00e9t\u00e9ria.<\/li>\n<li>Profitez de l\u2019int\u00e9gration du syst\u00e8me de contr\u00f4le d\u2019acc\u00e8s avec les ressources humaines.<\/li>\n<li>Suivez les all\u00e9es et venues des <a href=\"\/fr\/camp-logistiks\/employes\/\">employ\u00e9s<\/a>.<\/li>\n<li>D\u00e9couvrez les irr\u00e9gularit\u00e9s en consultant le rapport de corr\u00e9lation entre les \u00e9v\u00e9nements enregistr\u00e9s \u00e0 la caf\u00e9t\u00e9ria, \u00e0 la r\u00e9ception et aux portes.<\/li>\n<\/ul>\n\n\t\t<\/div> \n\t<\/div> <div class=\"vc_separator wpb_content_element vc_el_width_100 vc_sep_color_grey\">\n\t<span class=\"vc_sep_holder vc_sep_holder_l\"><span class=\"vc_sep_line\"><\/span><\/span>\n\t\t<span class=\"vc_sep_holder vc_sep_holder_r\"><span class=\"vc_sep_line\"><\/span><\/span>\n<\/div>\n\n\n\t\t<\/div> \n\t<\/div> \n<\/div><div class=\"wpb_row vc_row-fluid\">\n\t<div class=\"vc_span12 wpb_column column_container\">\n\t\t<div class=\"wpb_wrapper\">\n\t\t\t\n\t<div class=\"wpb_text_column wpb_content_element \">\n\t\t<div class=\"wpb_wrapper\">\n\t\t\t<h2 style=\"text-align: center;\">Notre \u00e9quipe est l\u00e0 pour vous soutenir durant l\u2019int\u00e9gration<\/h2>\n<p>L\u2019int\u00e9gration logicielle, pour \u00eatre r\u00e9alis\u00e9e de la meilleure fa\u00e7on possible, devrait \u00eatre faite par des experts en la mati\u00e8re. De cette fa\u00e7on, vous \u00eates assur\u00e9 que les changements apport\u00e9s \u00e0 votre plateforme de gestion informatique n\u2019occasionneront pas de probl\u00e8mes d\u2019acc\u00e8s majeurs. C\u2019est d\u2019ailleurs pourquoi nous offrons un accompagnement de qualit\u00e9 \u00e0 tous <a href=\"\/fr\/nos-clients\/\">nos clients<\/a>.<\/p>\n<p>Lors de l\u2019int\u00e9gration, nos experts pourront maximiser les opportunit\u00e9s d\u2019int\u00e9gration de <strong><em>CampLogisti<span style=\"color: #f49c14;\">k<\/span>s<\/em><\/strong> avec vos syst\u00e8mes d\u2019acc\u00e8s d\u00e9j\u00e0 en place. Bref, vous b\u00e9n\u00e9ficiez d\u2019un service personnalis\u00e9, tenant compte du contexte dans lequel vous \u00e9voluez et des possibilit\u00e9s qu\u2019offrent vos logistiques de d\u00e9part.<\/p>\n\n\t\t<\/div> \n\t<\/div> \n\t\t<\/div> \n\t<\/div> \n<\/div>\n\t\t<\/div> \n\t<\/div> \n<\/div><div class=\"wpb_row vc_row-fluid\">\n\t<div class=\"vc_span12 wpb_column column_container\">\n\t\t<div class=\"wpb_wrapper\">\n\t\t\t<div class=\"highlightbox contenttable\"><div class=\"two_third\">\n<h2>Vous voulez en savoir plus sur CampLogistiks?<\/h2>\n<p>Remplissez notre formulaire et il nous fera plaisir de vous contacter pour une pr\u00e9sentation de notre logiciel. <\/div> <div class=\"one_third lastcolumn\"> <div class=\" \" style=\"display:block;clear:both;height:20px\"><\/div><a class=\"btn btn-warning margin5\" title=\"Demander une d\u00e9mo\" href=\"http:\/\/camplogistiks.com\/fr\/demonstration\">Demander une d\u00e9mo <\/a> <a class=\"btn btn-warning margin5 right10\" title=\"Brochure\" href=\"http:\/\/camplogistiks.com\/wp-content\/uploads\/2015\/09\/Brochure_Infynia-CampLogistiks_FR.pdf\" target=\"_blank\" download=\"\">T\u00e9l\u00e9charger la brochure <\/a> <\/div><div class=\"clear\"><\/div><\/div><div class=\"clear\"><\/div>\n\t\t<\/div> \n\t<\/div> \n<\/div>\n","protected":false},"excerpt":{"rendered":"Tirer le meilleur de ses ressources et de ses investissements est un objectif l\u00e9gitime pour toute entreprise. C\u2019est d\u2019ailleurs dans cet esprit que plusieurs d\u2019entre elles, qui se sp\u00e9cialisent dans la gestion de campements pour les travailleurs en r\u00e9gions \u00e9loign\u00e9es, se tournent vers le logiciel CampLogistiks. Cet outil leur permet d\u2019optimiser leurs op\u00e9rations et de ...","protected":false},"author":6,"featured_media":0,"parent":596,"menu_order":7,"comment_status":"open","ping_status":"closed","template":"","meta":{"_monsterinsights_skip_tracking":false,"_monsterinsights_sitenote_active":false,"_monsterinsights_sitenote_note":"","_monsterinsights_sitenote_category":0,"footnotes":""},"class_list":["post-609","page","type-page","status-publish","hentry"],"yoast_head":"<!-- This site is optimized with the Yoast SEO plugin v27.4 - https:\/\/yoast.com\/product\/yoast-seo-wordpress\/ -->\n<title>Int\u00e9gration au Contr\u00f4le d\u2019Acc\u00e8s | Logiciel CampLogistiks<\/title>\n<meta name=\"description\" content=\"L\u2019int\u00e9gration du syst\u00e8me de contr\u00f4le d\u2019acc\u00e8s \u00e0 Camp Logistiks repr\u00e9sente une excellente\u00a0option si vous souhaitez \u00e9tablir un lien r\u00e9el entre les op\u00e9rations.\" \/>\n<meta name=\"robots\" content=\"index, follow, max-snippet:-1, max-image-preview:large, max-video-preview:-1\" \/>\n<link rel=\"canonical\" href=\"https:\/\/camplogistiks.com\/fr\/camp-logistiks\/controle-acces\/\" \/>\n<meta property=\"og:locale\" content=\"fr_FR\" \/>\n<meta property=\"og:type\" content=\"article\" \/>\n<meta property=\"og:title\" content=\"Int\u00e9gration au Contr\u00f4le d\u2019Acc\u00e8s | Logiciel CampLogistiks\" \/>\n<meta property=\"og:description\" content=\"L\u2019int\u00e9gration du syst\u00e8me de contr\u00f4le d\u2019acc\u00e8s \u00e0 Camp Logistiks repr\u00e9sente une excellente\u00a0option si vous souhaitez \u00e9tablir un lien r\u00e9el entre les op\u00e9rations.\" \/>\n<meta property=\"og:url\" content=\"https:\/\/camplogistiks.com\/fr\/camp-logistiks\/controle-acces\/\" \/>\n<meta property=\"og:site_name\" content=\"Camp Logistiks\" \/>\n<meta property=\"article:modified_time\" content=\"2018-09-19T21:34:45+00:00\" \/>\n<meta name=\"twitter:label1\" content=\"Dur\u00e9e de lecture estim\u00e9e\" \/>\n\t<meta name=\"twitter:data1\" content=\"3 minutes\" \/>\n<script type=\"application\/ld+json\" class=\"yoast-schema-graph\">{\"@context\":\"https:\\\/\\\/schema.org\",\"@graph\":[{\"@type\":\"WebPage\",\"@id\":\"https:\\\/\\\/camplogistiks.com\\\/fr\\\/camp-logistiks\\\/controle-acces\\\/\",\"url\":\"https:\\\/\\\/camplogistiks.com\\\/fr\\\/camp-logistiks\\\/controle-acces\\\/\",\"name\":\"Int\u00e9gration au Contr\u00f4le d\u2019Acc\u00e8s | Logiciel CampLogistiks\",\"isPartOf\":{\"@id\":\"https:\\\/\\\/camplogistiks.com\\\/#website\"},\"datePublished\":\"2013-11-27T02:11:59+00:00\",\"dateModified\":\"2018-09-19T21:34:45+00:00\",\"description\":\"L\u2019int\u00e9gration du syst\u00e8me de contr\u00f4le d\u2019acc\u00e8s \u00e0 Camp Logistiks repr\u00e9sente une excellente\u00a0option si vous souhaitez \u00e9tablir un lien r\u00e9el entre les op\u00e9rations.\",\"breadcrumb\":{\"@id\":\"https:\\\/\\\/camplogistiks.com\\\/fr\\\/camp-logistiks\\\/controle-acces\\\/#breadcrumb\"},\"inLanguage\":\"fr-FR\",\"potentialAction\":[{\"@type\":\"ReadAction\",\"target\":[\"https:\\\/\\\/camplogistiks.com\\\/fr\\\/camp-logistiks\\\/controle-acces\\\/\"]}]},{\"@type\":\"BreadcrumbList\",\"@id\":\"https:\\\/\\\/camplogistiks.com\\\/fr\\\/camp-logistiks\\\/controle-acces\\\/#breadcrumb\",\"itemListElement\":[{\"@type\":\"ListItem\",\"position\":1,\"name\":\"Accueil\",\"item\":\"https:\\\/\\\/camplogistiks.com\\\/fr\\\/\"},{\"@type\":\"ListItem\",\"position\":2,\"name\":\"CampLogistiks : Solution de gestion de camps \u00e9loign\u00e9s\",\"item\":\"https:\\\/\\\/camplogistiks.com\\\/fr\\\/camp-logistiks\\\/\"},{\"@type\":\"ListItem\",\"position\":3,\"name\":\"Int\u00e9gration du syst\u00e8me de contr\u00f4le d\u2019acc\u00e8s \u00e0 Camp Logistiks\"}]},{\"@type\":\"WebSite\",\"@id\":\"https:\\\/\\\/camplogistiks.com\\\/#website\",\"url\":\"https:\\\/\\\/camplogistiks.com\\\/\",\"name\":\"Camp Logistiks\",\"description\":\"Powered by Infynia\",\"potentialAction\":[{\"@type\":\"SearchAction\",\"target\":{\"@type\":\"EntryPoint\",\"urlTemplate\":\"https:\\\/\\\/camplogistiks.com\\\/?s={search_term_string}\"},\"query-input\":{\"@type\":\"PropertyValueSpecification\",\"valueRequired\":true,\"valueName\":\"search_term_string\"}}],\"inLanguage\":\"fr-FR\"}]}<\/script>\n<!-- \/ Yoast SEO plugin. -->","yoast_head_json":{"title":"Int\u00e9gration au Contr\u00f4le d\u2019Acc\u00e8s | Logiciel CampLogistiks","description":"L\u2019int\u00e9gration du syst\u00e8me de contr\u00f4le d\u2019acc\u00e8s \u00e0 Camp Logistiks repr\u00e9sente une excellente\u00a0option si vous souhaitez \u00e9tablir un lien r\u00e9el entre les op\u00e9rations.","robots":{"index":"index","follow":"follow","max-snippet":"max-snippet:-1","max-image-preview":"max-image-preview:large","max-video-preview":"max-video-preview:-1"},"canonical":"https:\/\/camplogistiks.com\/fr\/camp-logistiks\/controle-acces\/","og_locale":"fr_FR","og_type":"article","og_title":"Int\u00e9gration au Contr\u00f4le d\u2019Acc\u00e8s | Logiciel CampLogistiks","og_description":"L\u2019int\u00e9gration du syst\u00e8me de contr\u00f4le d\u2019acc\u00e8s \u00e0 Camp Logistiks repr\u00e9sente une excellente\u00a0option si vous souhaitez \u00e9tablir un lien r\u00e9el entre les op\u00e9rations.","og_url":"https:\/\/camplogistiks.com\/fr\/camp-logistiks\/controle-acces\/","og_site_name":"Camp Logistiks","article_modified_time":"2018-09-19T21:34:45+00:00","twitter_misc":{"Dur\u00e9e de lecture estim\u00e9e":"3 minutes"},"schema":{"@context":"https:\/\/schema.org","@graph":[{"@type":"WebPage","@id":"https:\/\/camplogistiks.com\/fr\/camp-logistiks\/controle-acces\/","url":"https:\/\/camplogistiks.com\/fr\/camp-logistiks\/controle-acces\/","name":"Int\u00e9gration au Contr\u00f4le d\u2019Acc\u00e8s | Logiciel CampLogistiks","isPartOf":{"@id":"https:\/\/camplogistiks.com\/#website"},"datePublished":"2013-11-27T02:11:59+00:00","dateModified":"2018-09-19T21:34:45+00:00","description":"L\u2019int\u00e9gration du syst\u00e8me de contr\u00f4le d\u2019acc\u00e8s \u00e0 Camp Logistiks repr\u00e9sente une excellente\u00a0option si vous souhaitez \u00e9tablir un lien r\u00e9el entre les op\u00e9rations.","breadcrumb":{"@id":"https:\/\/camplogistiks.com\/fr\/camp-logistiks\/controle-acces\/#breadcrumb"},"inLanguage":"fr-FR","potentialAction":[{"@type":"ReadAction","target":["https:\/\/camplogistiks.com\/fr\/camp-logistiks\/controle-acces\/"]}]},{"@type":"BreadcrumbList","@id":"https:\/\/camplogistiks.com\/fr\/camp-logistiks\/controle-acces\/#breadcrumb","itemListElement":[{"@type":"ListItem","position":1,"name":"Accueil","item":"https:\/\/camplogistiks.com\/fr\/"},{"@type":"ListItem","position":2,"name":"CampLogistiks : Solution de gestion de camps \u00e9loign\u00e9s","item":"https:\/\/camplogistiks.com\/fr\/camp-logistiks\/"},{"@type":"ListItem","position":3,"name":"Int\u00e9gration du syst\u00e8me de contr\u00f4le d\u2019acc\u00e8s \u00e0 Camp Logistiks"}]},{"@type":"WebSite","@id":"https:\/\/camplogistiks.com\/#website","url":"https:\/\/camplogistiks.com\/","name":"Camp Logistiks","description":"Powered by Infynia","potentialAction":[{"@type":"SearchAction","target":{"@type":"EntryPoint","urlTemplate":"https:\/\/camplogistiks.com\/?s={search_term_string}"},"query-input":{"@type":"PropertyValueSpecification","valueRequired":true,"valueName":"search_term_string"}}],"inLanguage":"fr-FR"}]}},"featured_image_src":null,"featured_image_src_square":null,"_links":{"self":[{"href":"https:\/\/camplogistiks.com\/fr\/wp-json\/wp\/v2\/pages\/609","targetHints":{"allow":["GET"]}}],"collection":[{"href":"https:\/\/camplogistiks.com\/fr\/wp-json\/wp\/v2\/pages"}],"about":[{"href":"https:\/\/camplogistiks.com\/fr\/wp-json\/wp\/v2\/types\/page"}],"author":[{"embeddable":true,"href":"https:\/\/camplogistiks.com\/fr\/wp-json\/wp\/v2\/users\/6"}],"replies":[{"embeddable":true,"href":"https:\/\/camplogistiks.com\/fr\/wp-json\/wp\/v2\/comments?post=609"}],"version-history":[{"count":0,"href":"https:\/\/camplogistiks.com\/fr\/wp-json\/wp\/v2\/pages\/609\/revisions"}],"up":[{"embeddable":true,"href":"https:\/\/camplogistiks.com\/fr\/wp-json\/wp\/v2\/pages\/596"}],"wp:attachment":[{"href":"https:\/\/camplogistiks.com\/fr\/wp-json\/wp\/v2\/media?parent=609"}],"curies":[{"name":"wp","href":"https:\/\/api.w.org\/{rel}","templated":true}]}}