{"id":607,"date":"2013-11-27T02:11:41","date_gmt":"2013-11-27T02:11:41","guid":{"rendered":"http:\/\/infynia.devstaging.ca\/?page_id=607"},"modified":"2018-09-19T16:28:00","modified_gmt":"2018-09-19T21:28:00","slug":"transport","status":"publish","type":"page","link":"https:\/\/camplogistiks.com\/fr\/camp-logistiks\/transport\/","title":{"rendered":"Module de gestion du transport"},"content":{"rendered":"<div class=\"wpb_row vc_row-fluid\">\n\t<div class=\"vc_span12 wpb_column column_container\">\n\t\t<div class=\"wpb_wrapper\">\n\t\t\t\n\t<div class=\"wpb_text_column wpb_content_element  icon-transportation\">\n\t\t<div class=\"wpb_wrapper\">\n\t\t\t<p>Qu\u2019ils voyagent par voie terrestre ou a\u00e9rienne, la liste des passagers devrait toujours \u00eatre \u00e0 jour lorsqu\u2019elle est transmise \u00e0 la soci\u00e9t\u00e9 avec laquelle vous faites affaire pour le transport de vos travailleurs. <strong><em>CampLogisti<span style=\"color: #f49c14;\">k<\/span>s<\/em><\/strong> vous offre un moyen efficace de g\u00e9rer les d\u00e9placements afin de simplifier cette t\u00e2che ardue.<\/p>\n<p>Arranger les r\u00e9servations de voyage peut prendre beaucoup de temps. C\u2019est une t\u00e2che complexe si vous ne disposez pas d\u2019un syst\u00e8me ad\u00e9quat et cela peut devenir on\u00e9reux. Avec <a href=\"http:\/\/camplogistiks.com\/fr\/camp-logistiks\/\"><strong><em>CampLogisti<span style=\"color: #f49c14;\">k<\/span>s<\/em><\/strong><\/a>, vous pouvez planifier votre c\u00e9dule de transport terrestre et a\u00e9rien puis assigner les voyages d\u2019entr\u00e9e et de sortie de fa\u00e7on simple et efficace, \u00e0 m\u00eame les formulaires de r\u00e9servation ponctuelles ou d\u2019horaires r\u00e9currents.<\/p>\n\n\t\t<\/div> \n\t<\/div> <div class=\"highlightbox contenttable\"><div class=\"two_third\">\n<h2>D\u00e9couvrez le logiciel CampLogistiks<\/h2>\n<p>Obtenez une d\u00e9monstration gratuite de notre module de gestion du transport<br \/>\n<\/div>\n<div class=\"one_third lastcolumn\">\n<div class=\" \" style=\"display:block;clear:both;height:20px\"><\/div><br \/>\n<a class=\"btn btn-warning margin5\" title=\"D\u00e9monstration gratuite\" href=\"http:\/\/camplogistiks.com\/fr\/demonstration\">D\u00e9monstration gratuite<br \/>\n<\/a><\/p>\n<p><\/div><div class=\"clear\"><\/div><\/div><div class=\"clear\"><\/div><div class=\"vc_separator wpb_content_element vc_el_width_100\">\n\t<span class=\"vc_sep_holder vc_sep_holder_l\"><span class=\"vc_sep_line\"><\/span><\/span>\n\t\t<span class=\"vc_sep_holder vc_sep_holder_r\"><span class=\"vc_sep_line\"><\/span><\/span>\n<\/div>\n\n<div class=\"wpb_row vc_row-fluid\">\n\t<div class=\"vc_span12 wpb_column column_container\">\n\t\t<div class=\"wpb_wrapper\">\n\t\t\t\n\t<div class=\"wpb_text_column wpb_content_element \">\n\t\t<div class=\"wpb_wrapper\">\n\t\t\t<h2 style=\"text-align: center;\">G\u00e9rez vos besoins en mati\u00e8re de d\u00e9placement de la main-d\u2019\u0153uvre<\/h2>\n<p>Con\u00e7u sp\u00e9cialement pour offrir un support informatique aux gestionnaires qui doivent administrer des campements \u00e9loign\u00e9s, notamment pour les <a href=\"http:\/\/camplogistiks.com\/fr\/nos-clients\/\">compagnies p\u00e9troli\u00e8res et mini\u00e8res<\/a>, CampLogistiks est un outil logiciel qui offre une grande flexibilit\u00e9 pour vos Fly-In et Fly-Out.<\/p>\n<p>Le module de gestion des transports propose d\u2019ailleurs une foule de possibilit\u00e9s permettant diff\u00e9rentes actions qui favorisent une gestion efficace des d\u00e9placements des travailleurs.<\/p>\n<ul>\n<li>Configurez diff\u00e9rents v\u00e9hicules de transport (avion, h\u00e9licopt\u00e8re, autobus et voiture).<\/li>\n<li>Planifiez votre c\u00e9dule de transport (segments, routes ou voyages ad hoc).<\/li>\n<li>Affectez des employ\u00e9s \u00e0 des itin\u00e9raires de voyage.<\/li>\n<li>Consultez la capacit\u00e9 des v\u00e9hicules de transport en temps r\u00e9el.<\/li>\n<li>G\u00e9rez facilement les exceptions comme les pannes, les transferts de groupes, les retards de vols, les voyageurs qui ne se pr\u00e9sentent pas, etc., le tout en parfaite int\u00e9gration avec les r\u00e9servations de chambres.<\/li>\n<li>Transmettez des notifications automatiques de mises \u00e0 jour des d\u00e9placements par courriel.<\/li>\n<li>Imprimez les manifestes de voyage et les cartes d\u2019embarquement.<\/li>\n<li>Validez les itin\u00e9raires de voyage par rapport aux ports d\u2019attaches des employ\u00e9s.<\/li>\n<li>Gardez une trace de qui est venu par un vol nolis\u00e9, vol commercial ou par la route, chaque jour<\/li>\n<li>Obtenez des statistiques sur la performance de vos routes en termes de taux d\u2019occupations p\u00e9riodiques.<\/li>\n<\/ul>\n<p>Notre outil de r\u00e9servation des voyages est intuitif et facile \u00e0 utiliser pour vous aider \u00e0 gagner du temps.<\/p>\n\n\t\t<\/div> \n\t<\/div> \n\t\t<\/div> \n\t<\/div> \n<\/div>\n\t\t<\/div> \n\t<\/div> \n<\/div><div class=\"wpb_row vc_row-fluid\">\n\t<div class=\"vc_span12 wpb_column column_container\">\n\t\t<div class=\"wpb_wrapper\">\n\t\t\t<div class=\"wpb_row vc_row-fluid\">\n\t<div class=\"vc_span12 wpb_column column_container\">\n\t\t<div class=\"wpb_wrapper\">\n\t\t\t\n\t<div class=\"wpb_text_column wpb_content_element \">\n\t\t<div class=\"wpb_wrapper\">\n\t\t\t<h2 style=\"text-align: center;\">Exemple de captures d\u2019\u00e9cran dans le logiciel CampLogistiks<\/h2>\n\n\t\t<\/div> \n\t<\/div> <div class=\"left mr\" style=\"width:850px;\">\n\t\t\t\t\t\t\t<div class=\"holderwrap\">\n\t\t\t\t\t\t\t\t<div class=\"mediaholder\">\n\t\t\t\t\t\t\t\t\t<img decoding=\"async\" src=\"https:\/\/camplogistiks.com\/wp-content\/uploads\/2013\/11\/Room-and-Flight-Allocation_FR.png\" alt=\"\">\n\t\t\t\t\t\t\t\t\t<div class=\"cover\"><\/div>\n\t\t\t\t\t\t\t\t\t<a href=\"https:\/\/camplogistiks.com\/wp-content\/uploads\/2013\/11\/Room-and-Flight-Allocation_FR.png\" rel=\"group2\" data-rel=\"group2\" class=\"fancybox\" title=\"\"><div class=\"show icon-search \"><\/div><\/a><\/div>\n\t\t\t\t\t\t\t\t<div class=\"foliotextholder\">\n\t\t\t\t\t\t\t\t\t<div class=\"foliotextwrapper\">\n\t\t\t\t\t\t\t\t\t\t<h5 class=\"itemtitle\"><a href=\"\"><\/a><\/h5>\n\t\t\t\t\t\t\t\t\t<\/div>\n\t\t\t\t\t\t\t\t<\/div>\n\t\t\t\t\t\t\t<\/div>\n\t\t\t\t\t\t<\/div>\n<div class=\"left mr\" style=\"width:850px;\">\n\t\t\t\t\t\t\t<div class=\"holderwrap\">\n\t\t\t\t\t\t\t\t<div class=\"mediaholder\">\n\t\t\t\t\t\t\t\t\t<img decoding=\"async\" src=\"https:\/\/camplogistiks.com\/wp-content\/uploads\/2013\/11\/Flights_FR.png\" alt=\"\">\n\t\t\t\t\t\t\t\t\t<div class=\"cover\"><\/div>\n\t\t\t\t\t\t\t\t\t<a href=\"https:\/\/camplogistiks.com\/wp-content\/uploads\/2013\/11\/Flights_FR.png\" rel=\"group2\" data-rel=\"group2\" class=\"fancybox\" title=\"\"><div class=\"show icon-search \"><\/div><\/a><\/div>\n\t\t\t\t\t\t\t\t<div class=\"foliotextholder\">\n\t\t\t\t\t\t\t\t\t<div class=\"foliotextwrapper\">\n\t\t\t\t\t\t\t\t\t\t<h5 class=\"itemtitle\"><a href=\"\"><\/a><\/h5>\n\t\t\t\t\t\t\t\t\t<\/div>\n\t\t\t\t\t\t\t\t<\/div>\n\t\t\t\t\t\t\t<\/div>\n\t\t\t\t\t\t<\/div>\n<div class=\"vc_separator wpb_content_element vc_el_width_100 vc_sep_color_grey\">\n\t<span class=\"vc_sep_holder vc_sep_holder_l\"><span class=\"vc_sep_line\"><\/span><\/span>\n\t\t<span class=\"vc_sep_holder vc_sep_holder_r\"><span class=\"vc_sep_line\"><\/span><\/span>\n<\/div>\n\n<div class=\"highlightbox contenttable\"><div class=\"two_third\">\n<h2>Vous voulez en savoir plus sur notre module de gestion du transport?<\/h2>\n<p>Remplissez notre formulaire et il nous fera plaisir de vous contacter pour une pr\u00e9sentation de notre logiciel.<br \/>\n<\/div>\n<div class=\"one_third lastcolumn\">\n<div class=\" \" style=\"display:block;clear:both;height:20px\"><\/div><br \/>\n<a class=\"btn btn-warning margin5\" title=\"Demander une d\u00e9mo\" href=\"http:\/\/camplogistiks.com\/fr\/demonstration\">Demander une d\u00e9mo<br \/>\n<\/a> <a class=\"btn btn-warning margin5 right10\" title=\"Brochure\" href=\"http:\/\/camplogistiks.com\/wp-content\/uploads\/2015\/09\/Brochure_Infynia-CampLogistiks_FR.pdf\" target=\"_blank\" download=\"\">T\u00e9l\u00e9charger la brochure <\/a><\/p>\n<p><\/div><div class=\"clear\"><\/div><\/div><div class=\"clear\"><\/div>\n\t\t<\/div> \n\t<\/div> \n<\/div>\n\t\t<\/div> \n\t<\/div> \n<\/div>\n","protected":false},"excerpt":{"rendered":"Qu\u2019ils voyagent par voie terrestre ou a\u00e9rienne, la liste des passagers devrait toujours \u00eatre \u00e0 jour lorsqu\u2019elle est transmise \u00e0 la soci\u00e9t\u00e9 avec laquelle vous faites affaire pour le transport de vos travailleurs. CampLogistiks vous offre un moyen efficace de g\u00e9rer les d\u00e9placements afin de simplifier cette t\u00e2che ardue. Arranger les r\u00e9servations de voyage peut ...","protected":false},"author":6,"featured_media":0,"parent":596,"menu_order":6,"comment_status":"open","ping_status":"closed","template":"","meta":{"_monsterinsights_skip_tracking":false,"_monsterinsights_sitenote_active":false,"_monsterinsights_sitenote_note":"","_monsterinsights_sitenote_category":0,"footnotes":""},"class_list":["post-607","page","type-page","status-publish","hentry"],"yoast_head":"<!-- This site is optimized with the Yoast SEO plugin v27.5 - https:\/\/yoast.com\/product\/yoast-seo-wordpress\/ -->\n<title>Module de gestion du transport | Logiciel CampLogistiks<\/title>\n<meta name=\"description\" content=\"Le module &quot;Transport&quot; vous permettra de vous assurer que vos employ\u00e9s se rendront \u00e0 destination \u00e0 temps, que ce soit par voie a\u00e9rienne ou terrestre.\" \/>\n<meta name=\"robots\" content=\"index, follow, max-snippet:-1, max-image-preview:large, max-video-preview:-1\" \/>\n<link rel=\"canonical\" href=\"https:\/\/camplogistiks.com\/fr\/camp-logistiks\/transport\/\" \/>\n<meta property=\"og:locale\" content=\"fr_FR\" \/>\n<meta property=\"og:type\" content=\"article\" \/>\n<meta property=\"og:title\" content=\"Module de gestion du transport | Logiciel CampLogistiks\" \/>\n<meta property=\"og:description\" content=\"Le module &quot;Transport&quot; vous permettra de vous assurer que vos employ\u00e9s se rendront \u00e0 destination \u00e0 temps, que ce soit par voie a\u00e9rienne ou terrestre.\" \/>\n<meta property=\"og:url\" content=\"https:\/\/camplogistiks.com\/fr\/camp-logistiks\/transport\/\" \/>\n<meta property=\"og:site_name\" content=\"Camp Logistiks\" \/>\n<meta property=\"article:modified_time\" content=\"2018-09-19T21:28:00+00:00\" \/>\n<meta name=\"twitter:label1\" content=\"Dur\u00e9e de lecture estim\u00e9e\" \/>\n\t<meta name=\"twitter:data1\" content=\"3 minutes\" \/>\n<script type=\"application\/ld+json\" class=\"yoast-schema-graph\">{\"@context\":\"https:\\\/\\\/schema.org\",\"@graph\":[{\"@type\":\"WebPage\",\"@id\":\"https:\\\/\\\/camplogistiks.com\\\/fr\\\/camp-logistiks\\\/transport\\\/\",\"url\":\"https:\\\/\\\/camplogistiks.com\\\/fr\\\/camp-logistiks\\\/transport\\\/\",\"name\":\"Module de gestion du transport | Logiciel CampLogistiks\",\"isPartOf\":{\"@id\":\"https:\\\/\\\/camplogistiks.com\\\/#website\"},\"datePublished\":\"2013-11-27T02:11:41+00:00\",\"dateModified\":\"2018-09-19T21:28:00+00:00\",\"description\":\"Le module \\\"Transport\\\" vous permettra de vous assurer que vos employ\u00e9s se rendront \u00e0 destination \u00e0 temps, que ce soit par voie a\u00e9rienne ou terrestre.\",\"breadcrumb\":{\"@id\":\"https:\\\/\\\/camplogistiks.com\\\/fr\\\/camp-logistiks\\\/transport\\\/#breadcrumb\"},\"inLanguage\":\"fr-FR\",\"potentialAction\":[{\"@type\":\"ReadAction\",\"target\":[\"https:\\\/\\\/camplogistiks.com\\\/fr\\\/camp-logistiks\\\/transport\\\/\"]}]},{\"@type\":\"BreadcrumbList\",\"@id\":\"https:\\\/\\\/camplogistiks.com\\\/fr\\\/camp-logistiks\\\/transport\\\/#breadcrumb\",\"itemListElement\":[{\"@type\":\"ListItem\",\"position\":1,\"name\":\"Accueil\",\"item\":\"https:\\\/\\\/camplogistiks.com\\\/fr\\\/\"},{\"@type\":\"ListItem\",\"position\":2,\"name\":\"CampLogistiks : Solution de gestion de camps \u00e9loign\u00e9s\",\"item\":\"https:\\\/\\\/camplogistiks.com\\\/fr\\\/camp-logistiks\\\/\"},{\"@type\":\"ListItem\",\"position\":3,\"name\":\"Module de gestion du transport\"}]},{\"@type\":\"WebSite\",\"@id\":\"https:\\\/\\\/camplogistiks.com\\\/#website\",\"url\":\"https:\\\/\\\/camplogistiks.com\\\/\",\"name\":\"Camp Logistiks\",\"description\":\"Powered by Infynia\",\"potentialAction\":[{\"@type\":\"SearchAction\",\"target\":{\"@type\":\"EntryPoint\",\"urlTemplate\":\"https:\\\/\\\/camplogistiks.com\\\/?s={search_term_string}\"},\"query-input\":{\"@type\":\"PropertyValueSpecification\",\"valueRequired\":true,\"valueName\":\"search_term_string\"}}],\"inLanguage\":\"fr-FR\"}]}<\/script>\n<!-- \/ Yoast SEO plugin. -->","yoast_head_json":{"title":"Module de gestion du transport | Logiciel CampLogistiks","description":"Le module \"Transport\" vous permettra de vous assurer que vos employ\u00e9s se rendront \u00e0 destination \u00e0 temps, que ce soit par voie a\u00e9rienne ou terrestre.","robots":{"index":"index","follow":"follow","max-snippet":"max-snippet:-1","max-image-preview":"max-image-preview:large","max-video-preview":"max-video-preview:-1"},"canonical":"https:\/\/camplogistiks.com\/fr\/camp-logistiks\/transport\/","og_locale":"fr_FR","og_type":"article","og_title":"Module de gestion du transport | Logiciel CampLogistiks","og_description":"Le module \"Transport\" vous permettra de vous assurer que vos employ\u00e9s se rendront \u00e0 destination \u00e0 temps, que ce soit par voie a\u00e9rienne ou terrestre.","og_url":"https:\/\/camplogistiks.com\/fr\/camp-logistiks\/transport\/","og_site_name":"Camp Logistiks","article_modified_time":"2018-09-19T21:28:00+00:00","twitter_misc":{"Dur\u00e9e de lecture estim\u00e9e":"3 minutes"},"schema":{"@context":"https:\/\/schema.org","@graph":[{"@type":"WebPage","@id":"https:\/\/camplogistiks.com\/fr\/camp-logistiks\/transport\/","url":"https:\/\/camplogistiks.com\/fr\/camp-logistiks\/transport\/","name":"Module de gestion du transport | Logiciel CampLogistiks","isPartOf":{"@id":"https:\/\/camplogistiks.com\/#website"},"datePublished":"2013-11-27T02:11:41+00:00","dateModified":"2018-09-19T21:28:00+00:00","description":"Le module \"Transport\" vous permettra de vous assurer que vos employ\u00e9s se rendront \u00e0 destination \u00e0 temps, que ce soit par voie a\u00e9rienne ou terrestre.","breadcrumb":{"@id":"https:\/\/camplogistiks.com\/fr\/camp-logistiks\/transport\/#breadcrumb"},"inLanguage":"fr-FR","potentialAction":[{"@type":"ReadAction","target":["https:\/\/camplogistiks.com\/fr\/camp-logistiks\/transport\/"]}]},{"@type":"BreadcrumbList","@id":"https:\/\/camplogistiks.com\/fr\/camp-logistiks\/transport\/#breadcrumb","itemListElement":[{"@type":"ListItem","position":1,"name":"Accueil","item":"https:\/\/camplogistiks.com\/fr\/"},{"@type":"ListItem","position":2,"name":"CampLogistiks : Solution de gestion de camps \u00e9loign\u00e9s","item":"https:\/\/camplogistiks.com\/fr\/camp-logistiks\/"},{"@type":"ListItem","position":3,"name":"Module de gestion du transport"}]},{"@type":"WebSite","@id":"https:\/\/camplogistiks.com\/#website","url":"https:\/\/camplogistiks.com\/","name":"Camp Logistiks","description":"Powered by Infynia","potentialAction":[{"@type":"SearchAction","target":{"@type":"EntryPoint","urlTemplate":"https:\/\/camplogistiks.com\/?s={search_term_string}"},"query-input":{"@type":"PropertyValueSpecification","valueRequired":true,"valueName":"search_term_string"}}],"inLanguage":"fr-FR"}]}},"featured_image_src":null,"featured_image_src_square":null,"_links":{"self":[{"href":"https:\/\/camplogistiks.com\/fr\/wp-json\/wp\/v2\/pages\/607","targetHints":{"allow":["GET"]}}],"collection":[{"href":"https:\/\/camplogistiks.com\/fr\/wp-json\/wp\/v2\/pages"}],"about":[{"href":"https:\/\/camplogistiks.com\/fr\/wp-json\/wp\/v2\/types\/page"}],"author":[{"embeddable":true,"href":"https:\/\/camplogistiks.com\/fr\/wp-json\/wp\/v2\/users\/6"}],"replies":[{"embeddable":true,"href":"https:\/\/camplogistiks.com\/fr\/wp-json\/wp\/v2\/comments?post=607"}],"version-history":[{"count":0,"href":"https:\/\/camplogistiks.com\/fr\/wp-json\/wp\/v2\/pages\/607\/revisions"}],"up":[{"embeddable":true,"href":"https:\/\/camplogistiks.com\/fr\/wp-json\/wp\/v2\/pages\/596"}],"wp:attachment":[{"href":"https:\/\/camplogistiks.com\/fr\/wp-json\/wp\/v2\/media?parent=607"}],"curies":[{"name":"wp","href":"https:\/\/api.w.org\/{rel}","templated":true}]}}