{"id":605,"date":"2013-11-27T02:11:23","date_gmt":"2013-11-27T02:11:23","guid":{"rendered":"http:\/\/infynia.devstaging.ca\/?page_id=605"},"modified":"2018-09-21T14:38:47","modified_gmt":"2018-09-21T19:38:47","slug":"cafeteria","status":"publish","type":"page","link":"https:\/\/camplogistiks.com\/fr\/camp-logistiks\/cafeteria\/","title":{"rendered":"Module de gestion de la caf\u00e9t\u00e9ria"},"content":{"rendered":"<div class=\"wpb_row vc_row-fluid\">\n\t<div class=\"vc_span12 wpb_column column_container\">\n\t\t<div class=\"wpb_wrapper\">\n\t\t\t\n\t<div class=\"wpb_text_column wpb_content_element \">\n\t\t<div class=\"wpb_wrapper\">\n\t\t\t<p>M\u00eame si la gestion de la caf\u00e9t\u00e9ria est sous-trait\u00e9e \u00e0 un partenaire externe, il est important d\u2019exercer un contr\u00f4le appropri\u00e9 sur les transactions de repas afin de s\u2019assurer que les ressources consacr\u00e9es \u00e0 l\u2019alimentation des travailleurs soient utilis\u00e9es le plus efficacement possible.<br \/>\nC\u2019est exactement ce que propose le module de gestion de caf\u00e9t\u00e9ria du logiciel CampLogistiks. \u00c0 l\u2019aide de celui-ci, vous pourrez effectuer un suivi rigoureux des repas consomm\u00e9s par les employ\u00e9s de vos campements \u00e9loign\u00e9s, de sorte qu\u2019il vous sera possible de rep\u00e9rer les anomalies rapidement et ainsi, de r\u00e9duire les cas de fraude ou de gaspillage de nourriture.<\/p>\n\n\t\t<\/div> \n\t<\/div> <div class=\"highlightbox contenttable\"><div class=\"two_third\">\n<h2>D\u00e9couvrez le logiciel CampLogistiks<\/h2>\n<p>Obtenez une d\u00e9monstration gratuite de notre module de gestion de caf\u00e9t\u00e9ria<br \/>\n<\/div>\n<div class=\"one_third lastcolumn\">\n<div class=\" \" style=\"display:block;clear:both;height:20px\"><\/div><br \/>\n<a class=\"btn btn-warning margin5\" title=\"Request a DEMO\" href=\"http:\/\/camplogistiks.com\/fr\/demonstration\">D\u00e9monstration gratuite<\/a><\/p>\n<p><\/div><div class=\"clear\"><\/div><\/div><div class=\"clear\"><\/div><div class=\"vc_separator wpb_content_element vc_el_width_100\">\n\t<span class=\"vc_sep_holder vc_sep_holder_l\"><span class=\"vc_sep_line\"><\/span><\/span>\n\t\t<span class=\"vc_sep_holder vc_sep_holder_r\"><span class=\"vc_sep_line\"><\/span><\/span>\n<\/div>\n\n<div class=\"wpb_row vc_row-fluid\">\n\t<div class=\"vc_span12 wpb_column column_container\">\n\t\t<div class=\"wpb_wrapper\">\n\t\t\t\n\t<div class=\"wpb_text_column wpb_content_element \">\n\t\t<div class=\"wpb_wrapper\">\n\t\t\t<h2 style=\"text-align: center;\">Le fonctionnement du module de gestion de la caf\u00e9t\u00e9ria<\/h2>\n<p>Le module de caf\u00e9t\u00e9ria de <strong><em>CampLogisti<span style=\"color: #f49c14;\">k<\/span>s<\/em><\/strong> peut fonctionner de deux mani\u00e8res, soit \u00e0 l\u2019aide d\u2019un tourniquet qui serait plac\u00e9 \u00e0 l\u2019entr\u00e9e, ou bien \u00e0 l\u2019aide d\u2019un \u00e9cran tactile qui permet d\u2019enregistrer les transactions de repas journali\u00e8res. Les r\u00e8gles d\u2019affaires qui r\u00e9gissent ce module sont tr\u00e8s flexibles, et donc, param\u00e9trables par le client.<\/p>\n<p>Par exemple, combien de repas peuvent \u00eatre consomm\u00e9s par jour, permettre ou non de consommer un repas le jour du d\u00e9part de l\u2019employ\u00e9 entre le moment du Check-Out et le vol de sortie.<\/p>\n<p>Ce module est totalement int\u00e9gr\u00e9 avec les r\u00e9servations. Lorsqu\u2019un employ\u00e9 arrive pour consommer un repas, le commis \u00e0 l\u2019entr\u00e9e de la caf\u00e9t\u00e9ria s\u00e9lectionne les repas qui seront consomm\u00e9s \u00e0 l\u2019\u00e9cran (d\u00e9jeuner, diner, souper ou collations), l\u2019employ\u00e9 passe sa carte d\u2019acc\u00e8s sur le lecteur branch\u00e9 \u00e0 l\u2019ordinateur et l\u2019application valide en temps r\u00e9el si l\u2019employ\u00e9 poss\u00e8de une r\u00e9servation en cours, s\u2019il a d\u00e9pass\u00e9 ou non ses repas autoris\u00e9s.<\/p>\n<p>De plus, le nom et la photo de l\u2019employ\u00e9 s\u2019affichent sur l\u2019\u00e9cran tactile pour permettre une validation visuelle et r\u00e9duire ainsi toute forme de fraude.<\/p>\n<h3>Gr\u00e2ce au module caf\u00e9t\u00e9ria, vous pourrez :<\/h3>\n<ul>\n<li>Identifiez visuellement les employ\u00e9s pour r\u00e9duire la fraude.<\/li>\n<li>Enregistrez la quantit\u00e9 de repas consomm\u00e9s par jour, par employ\u00e9 et par entrepreneur.<\/li>\n<li>Validez le statut des <a href=\"\/fr\/employes\">employ\u00e9s<\/a> sur place.<\/li>\n<li>Assurer une meilleure gestion de l\u2019inventaire.<\/li>\n<\/ul>\n\n\t\t<\/div> \n\t<\/div> <div class=\"vc_separator wpb_content_element vc_el_width_100 vc_sep_color_grey\">\n\t<span class=\"vc_sep_holder vc_sep_holder_l\"><span class=\"vc_sep_line\"><\/span><\/span>\n\t\t<span class=\"vc_sep_holder vc_sep_holder_r\"><span class=\"vc_sep_line\"><\/span><\/span>\n<\/div>\n\n\n\t\t<\/div> \n\t<\/div> \n<\/div>\n\t\t<\/div> \n\t<\/div> \n<\/div><div class=\"wpb_row vc_row-fluid\">\n\t<div class=\"vc_span12 wpb_column column_container\">\n\t\t<div class=\"wpb_wrapper\">\n\t\t\t\n\t<div class=\"wpb_text_column wpb_content_element \">\n\t\t<div class=\"wpb_wrapper\">\n\t\t\t<h2 style=\"text-align: center;\">Capture d\u2019\u00e9cran montrant l\u2019interface du module<\/h2>\n\n\t\t<\/div> \n\t<\/div> <div class=\"left mr\" style=\"width:850px;\">\n\t\t\t\t\t\t\t<div class=\"holderwrap\">\n\t\t\t\t\t\t\t\t<div class=\"mediaholder\">\n\t\t\t\t\t\t\t\t\t<img decoding=\"async\" src=\"https:\/\/camplogistiks.com\/wp-content\/uploads\/2013\/11\/Cafeteria-fr.png\" alt=\"\">\n\t\t\t\t\t\t\t\t\t<div class=\"cover\"><\/div>\n\t\t\t\t\t\t\t\t\t<a href=\"https:\/\/camplogistiks.com\/wp-content\/uploads\/2013\/11\/Cafeteria-fr.png\" rel=\"group2\" data-rel=\"group2\" class=\"fancybox\" title=\"\"><div class=\"show icon-search \"><\/div><\/a><\/div>\n\t\t\t\t\t\t\t\t<div class=\"foliotextholder\">\n\t\t\t\t\t\t\t\t\t<div class=\"foliotextwrapper\">\n\t\t\t\t\t\t\t\t\t\t<h5 class=\"itemtitle\"><a href=\"\"><\/a><\/h5>\n\t\t\t\t\t\t\t\t\t<\/div>\n\t\t\t\t\t\t\t\t<\/div>\n\t\t\t\t\t\t\t<\/div>\n\t\t\t\t\t\t<\/div>\n<div class=\"vc_separator wpb_content_element vc_el_width_100\">\n\t<span class=\"vc_sep_holder vc_sep_holder_l\"><span class=\"vc_sep_line\"><\/span><\/span>\n\t\t<span class=\"vc_sep_holder vc_sep_holder_r\"><span class=\"vc_sep_line\"><\/span><\/span>\n<\/div>\n\n<div class=\"highlightbox contenttable\"><div class=\"two_third\">\n<h2>Vous voulez en savoir plus sur notre module de gestion de la caf\u00e9t\u00e9ria?<\/h2>\n<p>Remplissez notre formulaire et il nous fera plaisir de vous contacter pour une pr\u00e9sentation de notre logiciel.<br \/>\n<\/div>\n<div class=\"one_third lastcolumn\">\n<div class=\" \" style=\"display:block;clear:both;height:20px\"><\/div><br \/>\n<a class=\"btn btn-warning margin5\" title=\"Request a DEMO\" href=\"http:\/\/camplogistiks.com\/fr\/demonstration\">Demander une d\u00e9mo<br \/>\n<\/a> <a class=\"btn btn-warning margin5 right10\" title=\"Brochure\" href=\"http:\/\/camplogistiks.com\/wp-content\/uploads\/2015\/09\/Brochure_Infynia-CampLogistiks_FR.pdf\" target=\"_blank\" download=\"\">T\u00e9l\u00e9charger la brochure <\/a><\/p>\n<p><\/div><div class=\"clear\"><\/div><\/div><div class=\"clear\"><\/div><div class=\"wpb_row vc_row-fluid\">\n\t<div class=\"vc_span12 wpb_column column_container\">\n\t\t<div class=\"wpb_wrapper\">\n\t\t\t<br \/>\n\n\t\t<\/div> \n\t<\/div> \n<\/div>\n\t\t<\/div> \n\t<\/div> \n<\/div>\n","protected":false},"excerpt":{"rendered":"M\u00eame si la gestion de la caf\u00e9t\u00e9ria est sous-trait\u00e9e \u00e0 un partenaire externe, il est important d\u2019exercer un contr\u00f4le appropri\u00e9 sur les transactions de repas afin de s\u2019assurer que les ressources consacr\u00e9es \u00e0 l\u2019alimentation des travailleurs soient utilis\u00e9es le plus efficacement possible. C\u2019est exactement ce que propose le module de gestion de caf\u00e9t\u00e9ria du logiciel ...","protected":false},"author":6,"featured_media":0,"parent":596,"menu_order":5,"comment_status":"open","ping_status":"closed","template":"","meta":{"_monsterinsights_skip_tracking":false,"_monsterinsights_sitenote_active":false,"_monsterinsights_sitenote_note":"","_monsterinsights_sitenote_category":0,"footnotes":""},"class_list":["post-605","page","type-page","status-publish","hentry"],"yoast_head":"<!-- This site is optimized with the Yoast SEO plugin v27.5 - https:\/\/yoast.com\/product\/yoast-seo-wordpress\/ -->\n<title>Gestion de la caf\u00e9t\u00e9ria | Logiciel CampLogistiks<\/title>\n<meta name=\"description\" content=\"Le module &quot;Caf\u00e9t\u00e9ria&quot; du logiciel CampLogistiks vous permettra de surveiller et de g\u00e9rer les ressources des caf\u00e9t\u00e9rias de vos campements \u00e9loign\u00e9s. D\u00e9couvrez-le!\" \/>\n<meta name=\"robots\" content=\"index, follow, max-snippet:-1, max-image-preview:large, max-video-preview:-1\" \/>\n<link rel=\"canonical\" href=\"https:\/\/camplogistiks.com\/fr\/camp-logistiks\/cafeteria\/\" \/>\n<meta property=\"og:locale\" content=\"fr_FR\" \/>\n<meta property=\"og:type\" content=\"article\" \/>\n<meta property=\"og:title\" content=\"Gestion de la caf\u00e9t\u00e9ria | Logiciel CampLogistiks\" \/>\n<meta property=\"og:description\" content=\"Le module &quot;Caf\u00e9t\u00e9ria&quot; du logiciel CampLogistiks vous permettra de surveiller et de g\u00e9rer les ressources des caf\u00e9t\u00e9rias de vos campements \u00e9loign\u00e9s. D\u00e9couvrez-le!\" \/>\n<meta property=\"og:url\" content=\"https:\/\/camplogistiks.com\/fr\/camp-logistiks\/cafeteria\/\" \/>\n<meta property=\"og:site_name\" content=\"Camp Logistiks\" \/>\n<meta property=\"article:modified_time\" content=\"2018-09-21T19:38:47+00:00\" \/>\n<meta name=\"twitter:label1\" content=\"Dur\u00e9e de lecture estim\u00e9e\" \/>\n\t<meta name=\"twitter:data1\" content=\"3 minutes\" \/>\n<script type=\"application\/ld+json\" class=\"yoast-schema-graph\">{\"@context\":\"https:\\\/\\\/schema.org\",\"@graph\":[{\"@type\":\"WebPage\",\"@id\":\"https:\\\/\\\/camplogistiks.com\\\/fr\\\/camp-logistiks\\\/cafeteria\\\/\",\"url\":\"https:\\\/\\\/camplogistiks.com\\\/fr\\\/camp-logistiks\\\/cafeteria\\\/\",\"name\":\"Gestion de la caf\u00e9t\u00e9ria | Logiciel CampLogistiks\",\"isPartOf\":{\"@id\":\"https:\\\/\\\/camplogistiks.com\\\/#website\"},\"datePublished\":\"2013-11-27T02:11:23+00:00\",\"dateModified\":\"2018-09-21T19:38:47+00:00\",\"description\":\"Le module \\\"Caf\u00e9t\u00e9ria\\\" du logiciel CampLogistiks vous permettra de surveiller et de g\u00e9rer les ressources des caf\u00e9t\u00e9rias de vos campements \u00e9loign\u00e9s. D\u00e9couvrez-le!\",\"breadcrumb\":{\"@id\":\"https:\\\/\\\/camplogistiks.com\\\/fr\\\/camp-logistiks\\\/cafeteria\\\/#breadcrumb\"},\"inLanguage\":\"fr-FR\",\"potentialAction\":[{\"@type\":\"ReadAction\",\"target\":[\"https:\\\/\\\/camplogistiks.com\\\/fr\\\/camp-logistiks\\\/cafeteria\\\/\"]}]},{\"@type\":\"BreadcrumbList\",\"@id\":\"https:\\\/\\\/camplogistiks.com\\\/fr\\\/camp-logistiks\\\/cafeteria\\\/#breadcrumb\",\"itemListElement\":[{\"@type\":\"ListItem\",\"position\":1,\"name\":\"Accueil\",\"item\":\"https:\\\/\\\/camplogistiks.com\\\/fr\\\/\"},{\"@type\":\"ListItem\",\"position\":2,\"name\":\"CampLogistiks : Solution de gestion de camps \u00e9loign\u00e9s\",\"item\":\"https:\\\/\\\/camplogistiks.com\\\/fr\\\/camp-logistiks\\\/\"},{\"@type\":\"ListItem\",\"position\":3,\"name\":\"Module de gestion de la caf\u00e9t\u00e9ria\"}]},{\"@type\":\"WebSite\",\"@id\":\"https:\\\/\\\/camplogistiks.com\\\/#website\",\"url\":\"https:\\\/\\\/camplogistiks.com\\\/\",\"name\":\"Camp Logistiks\",\"description\":\"Powered by Infynia\",\"potentialAction\":[{\"@type\":\"SearchAction\",\"target\":{\"@type\":\"EntryPoint\",\"urlTemplate\":\"https:\\\/\\\/camplogistiks.com\\\/?s={search_term_string}\"},\"query-input\":{\"@type\":\"PropertyValueSpecification\",\"valueRequired\":true,\"valueName\":\"search_term_string\"}}],\"inLanguage\":\"fr-FR\"}]}<\/script>\n<!-- \/ Yoast SEO plugin. -->","yoast_head_json":{"title":"Gestion de la caf\u00e9t\u00e9ria | Logiciel CampLogistiks","description":"Le module \"Caf\u00e9t\u00e9ria\" du logiciel CampLogistiks vous permettra de surveiller et de g\u00e9rer les ressources des caf\u00e9t\u00e9rias de vos campements \u00e9loign\u00e9s. D\u00e9couvrez-le!","robots":{"index":"index","follow":"follow","max-snippet":"max-snippet:-1","max-image-preview":"max-image-preview:large","max-video-preview":"max-video-preview:-1"},"canonical":"https:\/\/camplogistiks.com\/fr\/camp-logistiks\/cafeteria\/","og_locale":"fr_FR","og_type":"article","og_title":"Gestion de la caf\u00e9t\u00e9ria | Logiciel CampLogistiks","og_description":"Le module \"Caf\u00e9t\u00e9ria\" du logiciel CampLogistiks vous permettra de surveiller et de g\u00e9rer les ressources des caf\u00e9t\u00e9rias de vos campements \u00e9loign\u00e9s. D\u00e9couvrez-le!","og_url":"https:\/\/camplogistiks.com\/fr\/camp-logistiks\/cafeteria\/","og_site_name":"Camp Logistiks","article_modified_time":"2018-09-21T19:38:47+00:00","twitter_misc":{"Dur\u00e9e de lecture estim\u00e9e":"3 minutes"},"schema":{"@context":"https:\/\/schema.org","@graph":[{"@type":"WebPage","@id":"https:\/\/camplogistiks.com\/fr\/camp-logistiks\/cafeteria\/","url":"https:\/\/camplogistiks.com\/fr\/camp-logistiks\/cafeteria\/","name":"Gestion de la caf\u00e9t\u00e9ria | Logiciel CampLogistiks","isPartOf":{"@id":"https:\/\/camplogistiks.com\/#website"},"datePublished":"2013-11-27T02:11:23+00:00","dateModified":"2018-09-21T19:38:47+00:00","description":"Le module \"Caf\u00e9t\u00e9ria\" du logiciel CampLogistiks vous permettra de surveiller et de g\u00e9rer les ressources des caf\u00e9t\u00e9rias de vos campements \u00e9loign\u00e9s. D\u00e9couvrez-le!","breadcrumb":{"@id":"https:\/\/camplogistiks.com\/fr\/camp-logistiks\/cafeteria\/#breadcrumb"},"inLanguage":"fr-FR","potentialAction":[{"@type":"ReadAction","target":["https:\/\/camplogistiks.com\/fr\/camp-logistiks\/cafeteria\/"]}]},{"@type":"BreadcrumbList","@id":"https:\/\/camplogistiks.com\/fr\/camp-logistiks\/cafeteria\/#breadcrumb","itemListElement":[{"@type":"ListItem","position":1,"name":"Accueil","item":"https:\/\/camplogistiks.com\/fr\/"},{"@type":"ListItem","position":2,"name":"CampLogistiks : Solution de gestion de camps \u00e9loign\u00e9s","item":"https:\/\/camplogistiks.com\/fr\/camp-logistiks\/"},{"@type":"ListItem","position":3,"name":"Module de gestion de la caf\u00e9t\u00e9ria"}]},{"@type":"WebSite","@id":"https:\/\/camplogistiks.com\/#website","url":"https:\/\/camplogistiks.com\/","name":"Camp Logistiks","description":"Powered by Infynia","potentialAction":[{"@type":"SearchAction","target":{"@type":"EntryPoint","urlTemplate":"https:\/\/camplogistiks.com\/?s={search_term_string}"},"query-input":{"@type":"PropertyValueSpecification","valueRequired":true,"valueName":"search_term_string"}}],"inLanguage":"fr-FR"}]}},"featured_image_src":null,"featured_image_src_square":null,"_links":{"self":[{"href":"https:\/\/camplogistiks.com\/fr\/wp-json\/wp\/v2\/pages\/605","targetHints":{"allow":["GET"]}}],"collection":[{"href":"https:\/\/camplogistiks.com\/fr\/wp-json\/wp\/v2\/pages"}],"about":[{"href":"https:\/\/camplogistiks.com\/fr\/wp-json\/wp\/v2\/types\/page"}],"author":[{"embeddable":true,"href":"https:\/\/camplogistiks.com\/fr\/wp-json\/wp\/v2\/users\/6"}],"replies":[{"embeddable":true,"href":"https:\/\/camplogistiks.com\/fr\/wp-json\/wp\/v2\/comments?post=605"}],"version-history":[{"count":0,"href":"https:\/\/camplogistiks.com\/fr\/wp-json\/wp\/v2\/pages\/605\/revisions"}],"up":[{"embeddable":true,"href":"https:\/\/camplogistiks.com\/fr\/wp-json\/wp\/v2\/pages\/596"}],"wp:attachment":[{"href":"https:\/\/camplogistiks.com\/fr\/wp-json\/wp\/v2\/media?parent=605"}],"curies":[{"name":"wp","href":"https:\/\/api.w.org\/{rel}","templated":true}]}}