{"id":601,"date":"2013-11-27T02:10:46","date_gmt":"2013-11-27T02:10:46","guid":{"rendered":"http:\/\/infynia.devstaging.ca\/?page_id=601"},"modified":"2018-09-19T16:29:45","modified_gmt":"2018-09-19T21:29:45","slug":"quarts-de-travail","status":"publish","type":"page","link":"https:\/\/camplogistiks.com\/fr\/camp-logistiks\/quarts-de-travail\/","title":{"rendered":"Module de gestion des horaires de travail"},"content":{"rendered":"<div class=\"wpb_row vc_row-fluid\">\n\t<div class=\"vc_span12 wpb_column column_container\">\n\t\t<div class=\"wpb_wrapper\">\n\t\t\t\n\t<div class=\"wpb_text_column wpb_content_element \">\n\t\t<div class=\"wpb_wrapper\">\n\t\t\t<p>Lorsqu\u2019une entreprise emploie des centaines de travailleurs, la gestion des horaires de travail peut devenir tr\u00e8s complexe. Pourtant, il est essentiel que les quarts de travail soient bien synchronis\u00e9s pour qu\u2019une organisation puisse tirer le meilleur de chaque employ\u00e9.<\/p>\n<p>C\u2019est d\u2019ailleurs un enjeu particuli\u00e8rement important pour les gestionnaires en ressources humaines, qui doivent cr\u00e9er des horaires logiques et efficaces pour les employ\u00e9s des <a href=\"http:\/\/camplogistiks.com\/fr\/nos-clients\/\">compagnies mini\u00e8res et p\u00e9troli\u00e8res<\/a>.<\/p>\n<p>C\u2019est donc pour r\u00e9pondre \u00e0 cette probl\u00e9matique qu\u2019a \u00e9t\u00e9 d\u00e9velopp\u00e9 le module de gestion des horaires de travail du logiciel <strong><em>CampLogisti<span style=\"color: #f49c14;\">k<\/span>s<\/em><\/strong>. Avec celui-ci, choisissez l\u2019horaire r\u00e9current, la chambre et les voyages d\u2019entr\u00e9e-sortie une seule fois et le syst\u00e8me s\u2019occupera du reste !<\/p>\n\n\t\t<\/div> \n\t<\/div> <div class=\"highlightbox contenttable\"><div class=\"two_third\">\n<h2>D\u00e9couvrez le logiciel CampLogistiks<\/h2>\n<p>Remplissez notre formulaire et il nous fera plaisir de vous contacter pour une pr\u00e9sentation de notre logiciel.<br \/>\n<\/div>\n<div class=\"one_third lastcolumn\">\n<div class=\" \" style=\"display:block;clear:both;height:20px\"><\/div><br \/>\n<a class=\"btn btn-warning margin5\" title=\"Demander une d\u00e9mo\" href=\"http:\/\/camplogistiks.com\/fr\/demonstration\">Demander une d\u00e9mo<br \/>\n<\/a><\/p>\n<p><\/div><div class=\"clear\"><\/div><\/div><div class=\"clear\"><\/div><div class=\"vc_separator wpb_content_element vc_el_width_100\">\n\t<span class=\"vc_sep_holder vc_sep_holder_l\"><span class=\"vc_sep_line\"><\/span><\/span>\n\t\t<span class=\"vc_sep_holder vc_sep_holder_r\"><span class=\"vc_sep_line\"><\/span><\/span>\n<\/div>\n\n<div class=\"wpb_row vc_row-fluid\">\n\t<div class=\"vc_span12 wpb_column column_container\">\n\t\t<div class=\"wpb_wrapper\">\n\t\t\t\n\t<div class=\"wpb_text_column wpb_content_element \">\n\t\t<div class=\"wpb_wrapper\">\n\t\t\t<h2 style=\"text-align: center;\">G\u00e9rez facilement les quarts de travail rotatifs<\/h2>\n<p>Les rotations par quart de travail sont habituelles dans les secteurs o\u00f9 les proc\u00e9d\u00e9s techniques ne peuvent pas \u00eatre interrompus et o\u00f9 la machinerie co\u00fbteuse est utilis\u00e9e de fa\u00e7on plus rentable en utilisation constante.<\/p>\n<p>Afin de vous permettre d\u2019exploiter votre entreprise 24 heures sur 24, on assigne aux employ\u00e9s des quarts de travail rotatifs selon leurs conventions collectives. Pour vous supporter dans cette t\u00e2che, le <a href=\"\/fr\/camp-logistiks\/\">logiciel<strong> <em>CampLogisti<span style=\"color: #f49c14;\">k<\/span>s<\/em><\/strong><\/a>\u00a0vous permet de g\u00e9rer la cr\u00e9ation et la modification de ces routines de fa\u00e7on simple et efficace.<\/p>\n<p>Une fois que vous s\u00e9lectionnez l\u2019horaire du travailleur et vous lui assignez une chambre usuelle ainsi que ses <a href=\"http:\/\/camplogistiks.com\/fr\/camp-logistiks\/transport\/\">voyages d\u2019entr\u00e9e-sortie<\/a> dans le m\u00eame formulaire, le syst\u00e8me cr\u00e9era toutes les r\u00e9servations futures pour vous de fa\u00e7on automatique. Vous n\u2019aurez alors qu\u2019\u00e0 g\u00e9rer les exceptions, telles que les absences, une extension de date de d\u00e9part pour une r\u00e9servation particuli\u00e8re, etc.<\/p>\n<p>Le module de gestion des horaires de travail vous propose une multitude de fonctionnalit\u00e9s pratiques vous permettant de r\u00e9duire consid\u00e9rablement les t\u00e2ches r\u00e9p\u00e9titives et de limiter les risques d\u2019erreurs humaines.<\/p>\n<ul>\n<li>Configurez les types de quarts de travail : de jour, de nuit et cong\u00e9.<\/li>\n<li>G\u00e9n\u00e9rez des rotations en fonction de vos besoins: 7 \u00d7 7, 4 \u00d7 3, 21 \u00d7 7, 8 \u00d7 6<\/li>\n<li>Affectez des employ\u00e9s \u00e0 un horaire de travail et allouez des chambres et des vols au cours de leurs p\u00e9riodes de travail.<\/li>\n<li>Modifiez des variables d\u2019imputation, telles que d\u00e9partement et centre de co\u00fbts, \u00e0 tout moment, en appliquant le changement aux r\u00e9servations futures automatiquement.<\/li>\n<li><a href=\"\/fr\/camp-logistiks\/employes\/\">Listez tous les employ\u00e9s<\/a> affect\u00e9s \u00e0 une rotation de travail donn\u00e9.<\/li>\n<li>Identifiez les employ\u00e9s en quart altern\u00e9 dans une chambre.<\/li>\n<li>Profitez d\u2019un processus d\u2019enregistrement automatique d\u2019arriv\u00e9e et de d\u00e9part (optionnel).<\/li>\n<li>Traitez facilement les r\u00e9servations ad hoc<\/li>\n<\/ul>\n\n\t\t<\/div> \n\t<\/div> <div class=\"vc_separator wpb_content_element vc_el_width_100 vc_sep_color_grey\">\n\t<span class=\"vc_sep_holder vc_sep_holder_l\"><span class=\"vc_sep_line\"><\/span><\/span>\n\t\t<span class=\"vc_sep_holder vc_sep_holder_r\"><span class=\"vc_sep_line\"><\/span><\/span>\n<\/div>\n\n\n\t\t<\/div> \n\t<\/div> \n<\/div>\n\t\t<\/div> \n\t<\/div> \n<\/div><div class=\"wpb_row vc_row-fluid\">\n\t<div class=\"vc_span12 wpb_column column_container\">\n\t\t<div class=\"wpb_wrapper\">\n\t\t\t<div class=\"wpb_row vc_row-fluid\">\n\t<div class=\"vc_span12 wpb_column column_container\">\n\t\t<div class=\"wpb_wrapper\">\n\t\t\t\n\t<div class=\"wpb_text_column wpb_content_element \">\n\t\t<div class=\"wpb_wrapper\">\n\t\t\t<h2 style=\"text-align: center;\">Capture d\u2019\u00e9cran montrant l\u2019interface du module<\/h2>\n\n\t\t<\/div> \n\t<\/div> <div class=\"left mr\" style=\"width:850px;\">\n\t\t\t\t\t\t\t<div class=\"holderwrap\">\n\t\t\t\t\t\t\t\t<div class=\"mediaholder\">\n\t\t\t\t\t\t\t\t\t<img decoding=\"async\" src=\"https:\/\/camplogistiks.com\/wp-content\/uploads\/2013\/11\/Shift-Patterns_EN.jpg\" alt=\"\">\n\t\t\t\t\t\t\t\t\t<div class=\"cover\"><\/div>\n\t\t\t\t\t\t\t\t\t<a href=\"https:\/\/camplogistiks.com\/wp-content\/uploads\/2013\/11\/Shift-Patterns_EN.jpg\" rel=\"group2\" data-rel=\"group2\" class=\"fancybox\" title=\"\"><div class=\"show icon-search \"><\/div><\/a><\/div>\n\t\t\t\t\t\t\t\t<div class=\"foliotextholder\">\n\t\t\t\t\t\t\t\t\t<div class=\"foliotextwrapper\">\n\t\t\t\t\t\t\t\t\t\t<h5 class=\"itemtitle\"><a href=\"\"><\/a><\/h5>\n\t\t\t\t\t\t\t\t\t<\/div>\n\t\t\t\t\t\t\t\t<\/div>\n\t\t\t\t\t\t\t<\/div>\n\t\t\t\t\t\t<\/div>\n<div class=\"vc_separator wpb_content_element vc_el_width_100\">\n\t<span class=\"vc_sep_holder vc_sep_holder_l\"><span class=\"vc_sep_line\"><\/span><\/span>\n\t\t<span class=\"vc_sep_holder vc_sep_holder_r\"><span class=\"vc_sep_line\"><\/span><\/span>\n<\/div>\n\n\n\t\t<\/div> \n\t<\/div> \n<\/div><div class=\"highlightbox contenttable\"><div class=\"two_third\">\n<h2>Vous voulez en savoir plus sur notre module de gestion des horaires de travail?<\/h2>\n<p>Remplissez notre formulaire et il nous fera plaisir de vous contacter pour une pr\u00e9sentation de notre logiciel.<br \/>\n<\/div>\n<div class=\"one_third lastcolumn\">\n<div class=\" \" style=\"display:block;clear:both;height:20px\"><\/div><br \/>\n<a class=\"btn btn-warning margin5\" title=\"Request a DEMO\" href=\"http:\/\/camplogistiks.com\/?page_id=163\">Demander une d\u00e9mo<br \/>\n<\/a> <a class=\"btn btn-warning margin5 right10\" title=\"Brochure\" href=\"http:\/\/camplogistiks.com\/wp-content\/uploads\/2015\/09\/Brochure_Infynia-CampLogistiks_FR.pdf\" target=\"_blank\" download=\"\">T\u00e9l\u00e9charger la brochure <\/a><\/p>\n<p><\/div><div class=\"clear\"><\/div><\/div><div class=\"clear\"><\/div>\n\t\t<\/div> \n\t<\/div> \n<\/div>\n","protected":false},"excerpt":{"rendered":"Lorsqu\u2019une entreprise emploie des centaines de travailleurs, la gestion des horaires de travail peut devenir tr\u00e8s complexe. Pourtant, il est essentiel que les quarts de travail soient bien synchronis\u00e9s pour qu\u2019une organisation puisse tirer le meilleur de chaque employ\u00e9. C\u2019est d\u2019ailleurs un enjeu particuli\u00e8rement important pour les gestionnaires en ressources humaines, qui doivent cr\u00e9er des ...","protected":false},"author":6,"featured_media":0,"parent":596,"menu_order":3,"comment_status":"open","ping_status":"closed","template":"","meta":{"_monsterinsights_skip_tracking":false,"_monsterinsights_sitenote_active":false,"_monsterinsights_sitenote_note":"","_monsterinsights_sitenote_category":0,"footnotes":""},"class_list":["post-601","page","type-page","status-publish","hentry"],"yoast_head":"<!-- This site is optimized with the Yoast SEO plugin v27.5 - https:\/\/yoast.com\/product\/yoast-seo-wordpress\/ -->\n<title>Module de Gestion des Horaires de Travail | Logiciel CampLogistiks<\/title>\n<meta name=\"description\" content=\"Avec le logiciel CampLogistiks, vous serez en mesure de g\u00e9rer de fa\u00e7on simple et efficace tous vos quarts de travail. Organisez les horaires des employ\u00e9s.\" \/>\n<meta name=\"robots\" content=\"index, follow, max-snippet:-1, max-image-preview:large, max-video-preview:-1\" \/>\n<link rel=\"canonical\" href=\"https:\/\/camplogistiks.com\/fr\/camp-logistiks\/quarts-de-travail\/\" \/>\n<meta property=\"og:locale\" content=\"fr_FR\" \/>\n<meta property=\"og:type\" content=\"article\" \/>\n<meta property=\"og:title\" content=\"Module de Gestion des Horaires de Travail | Logiciel CampLogistiks\" \/>\n<meta property=\"og:description\" content=\"Avec le logiciel CampLogistiks, vous serez en mesure de g\u00e9rer de fa\u00e7on simple et efficace tous vos quarts de travail. Organisez les horaires des employ\u00e9s.\" \/>\n<meta property=\"og:url\" content=\"https:\/\/camplogistiks.com\/fr\/camp-logistiks\/quarts-de-travail\/\" \/>\n<meta property=\"og:site_name\" content=\"Camp Logistiks\" \/>\n<meta property=\"article:modified_time\" content=\"2018-09-19T21:29:45+00:00\" \/>\n<meta name=\"twitter:label1\" content=\"Dur\u00e9e de lecture estim\u00e9e\" \/>\n\t<meta name=\"twitter:data1\" content=\"3 minutes\" \/>\n<script type=\"application\/ld+json\" class=\"yoast-schema-graph\">{\"@context\":\"https:\\\/\\\/schema.org\",\"@graph\":[{\"@type\":\"WebPage\",\"@id\":\"https:\\\/\\\/camplogistiks.com\\\/fr\\\/camp-logistiks\\\/quarts-de-travail\\\/\",\"url\":\"https:\\\/\\\/camplogistiks.com\\\/fr\\\/camp-logistiks\\\/quarts-de-travail\\\/\",\"name\":\"Module de Gestion des Horaires de Travail | Logiciel CampLogistiks\",\"isPartOf\":{\"@id\":\"https:\\\/\\\/camplogistiks.com\\\/#website\"},\"datePublished\":\"2013-11-27T02:10:46+00:00\",\"dateModified\":\"2018-09-19T21:29:45+00:00\",\"description\":\"Avec le logiciel CampLogistiks, vous serez en mesure de g\u00e9rer de fa\u00e7on simple et efficace tous vos quarts de travail. Organisez les horaires des employ\u00e9s.\",\"breadcrumb\":{\"@id\":\"https:\\\/\\\/camplogistiks.com\\\/fr\\\/camp-logistiks\\\/quarts-de-travail\\\/#breadcrumb\"},\"inLanguage\":\"fr-FR\",\"potentialAction\":[{\"@type\":\"ReadAction\",\"target\":[\"https:\\\/\\\/camplogistiks.com\\\/fr\\\/camp-logistiks\\\/quarts-de-travail\\\/\"]}]},{\"@type\":\"BreadcrumbList\",\"@id\":\"https:\\\/\\\/camplogistiks.com\\\/fr\\\/camp-logistiks\\\/quarts-de-travail\\\/#breadcrumb\",\"itemListElement\":[{\"@type\":\"ListItem\",\"position\":1,\"name\":\"Accueil\",\"item\":\"https:\\\/\\\/camplogistiks.com\\\/fr\\\/\"},{\"@type\":\"ListItem\",\"position\":2,\"name\":\"CampLogistiks : Solution de gestion de camps \u00e9loign\u00e9s\",\"item\":\"https:\\\/\\\/camplogistiks.com\\\/fr\\\/camp-logistiks\\\/\"},{\"@type\":\"ListItem\",\"position\":3,\"name\":\"Module de gestion des horaires de travail\"}]},{\"@type\":\"WebSite\",\"@id\":\"https:\\\/\\\/camplogistiks.com\\\/#website\",\"url\":\"https:\\\/\\\/camplogistiks.com\\\/\",\"name\":\"Camp Logistiks\",\"description\":\"Powered by Infynia\",\"potentialAction\":[{\"@type\":\"SearchAction\",\"target\":{\"@type\":\"EntryPoint\",\"urlTemplate\":\"https:\\\/\\\/camplogistiks.com\\\/?s={search_term_string}\"},\"query-input\":{\"@type\":\"PropertyValueSpecification\",\"valueRequired\":true,\"valueName\":\"search_term_string\"}}],\"inLanguage\":\"fr-FR\"}]}<\/script>\n<!-- \/ Yoast SEO plugin. -->","yoast_head_json":{"title":"Module de Gestion des Horaires de Travail | Logiciel CampLogistiks","description":"Avec le logiciel CampLogistiks, vous serez en mesure de g\u00e9rer de fa\u00e7on simple et efficace tous vos quarts de travail. Organisez les horaires des employ\u00e9s.","robots":{"index":"index","follow":"follow","max-snippet":"max-snippet:-1","max-image-preview":"max-image-preview:large","max-video-preview":"max-video-preview:-1"},"canonical":"https:\/\/camplogistiks.com\/fr\/camp-logistiks\/quarts-de-travail\/","og_locale":"fr_FR","og_type":"article","og_title":"Module de Gestion des Horaires de Travail | Logiciel CampLogistiks","og_description":"Avec le logiciel CampLogistiks, vous serez en mesure de g\u00e9rer de fa\u00e7on simple et efficace tous vos quarts de travail. Organisez les horaires des employ\u00e9s.","og_url":"https:\/\/camplogistiks.com\/fr\/camp-logistiks\/quarts-de-travail\/","og_site_name":"Camp Logistiks","article_modified_time":"2018-09-19T21:29:45+00:00","twitter_misc":{"Dur\u00e9e de lecture estim\u00e9e":"3 minutes"},"schema":{"@context":"https:\/\/schema.org","@graph":[{"@type":"WebPage","@id":"https:\/\/camplogistiks.com\/fr\/camp-logistiks\/quarts-de-travail\/","url":"https:\/\/camplogistiks.com\/fr\/camp-logistiks\/quarts-de-travail\/","name":"Module de Gestion des Horaires de Travail | Logiciel CampLogistiks","isPartOf":{"@id":"https:\/\/camplogistiks.com\/#website"},"datePublished":"2013-11-27T02:10:46+00:00","dateModified":"2018-09-19T21:29:45+00:00","description":"Avec le logiciel CampLogistiks, vous serez en mesure de g\u00e9rer de fa\u00e7on simple et efficace tous vos quarts de travail. Organisez les horaires des employ\u00e9s.","breadcrumb":{"@id":"https:\/\/camplogistiks.com\/fr\/camp-logistiks\/quarts-de-travail\/#breadcrumb"},"inLanguage":"fr-FR","potentialAction":[{"@type":"ReadAction","target":["https:\/\/camplogistiks.com\/fr\/camp-logistiks\/quarts-de-travail\/"]}]},{"@type":"BreadcrumbList","@id":"https:\/\/camplogistiks.com\/fr\/camp-logistiks\/quarts-de-travail\/#breadcrumb","itemListElement":[{"@type":"ListItem","position":1,"name":"Accueil","item":"https:\/\/camplogistiks.com\/fr\/"},{"@type":"ListItem","position":2,"name":"CampLogistiks : Solution de gestion de camps \u00e9loign\u00e9s","item":"https:\/\/camplogistiks.com\/fr\/camp-logistiks\/"},{"@type":"ListItem","position":3,"name":"Module de gestion des horaires de travail"}]},{"@type":"WebSite","@id":"https:\/\/camplogistiks.com\/#website","url":"https:\/\/camplogistiks.com\/","name":"Camp Logistiks","description":"Powered by Infynia","potentialAction":[{"@type":"SearchAction","target":{"@type":"EntryPoint","urlTemplate":"https:\/\/camplogistiks.com\/?s={search_term_string}"},"query-input":{"@type":"PropertyValueSpecification","valueRequired":true,"valueName":"search_term_string"}}],"inLanguage":"fr-FR"}]}},"featured_image_src":null,"featured_image_src_square":null,"_links":{"self":[{"href":"https:\/\/camplogistiks.com\/fr\/wp-json\/wp\/v2\/pages\/601","targetHints":{"allow":["GET"]}}],"collection":[{"href":"https:\/\/camplogistiks.com\/fr\/wp-json\/wp\/v2\/pages"}],"about":[{"href":"https:\/\/camplogistiks.com\/fr\/wp-json\/wp\/v2\/types\/page"}],"author":[{"embeddable":true,"href":"https:\/\/camplogistiks.com\/fr\/wp-json\/wp\/v2\/users\/6"}],"replies":[{"embeddable":true,"href":"https:\/\/camplogistiks.com\/fr\/wp-json\/wp\/v2\/comments?post=601"}],"version-history":[{"count":0,"href":"https:\/\/camplogistiks.com\/fr\/wp-json\/wp\/v2\/pages\/601\/revisions"}],"up":[{"embeddable":true,"href":"https:\/\/camplogistiks.com\/fr\/wp-json\/wp\/v2\/pages\/596"}],"wp:attachment":[{"href":"https:\/\/camplogistiks.com\/fr\/wp-json\/wp\/v2\/media?parent=601"}],"curies":[{"name":"wp","href":"https:\/\/api.w.org\/{rel}","templated":true}]}}