{"id":596,"date":"2013-11-27T01:59:38","date_gmt":"2013-11-27T01:59:38","guid":{"rendered":"http:\/\/infynia.devstaging.ca\/?page_id=596"},"modified":"2018-09-21T16:00:38","modified_gmt":"2018-09-21T21:00:38","slug":"camp-logistiks","status":"publish","type":"page","link":"https:\/\/camplogistiks.com\/fr\/camp-logistiks\/","title":{"rendered":"CampLogistiks : Solution de gestion de camps \u00e9loign\u00e9s"},"content":{"rendered":"<div class=\"wpb_row vc_row-fluid\">\n\t<div class=\"vc_span12 wpb_column column_container\">\n\t\t<div class=\"wpb_wrapper\">\n\t\t\t\n\t<div class=\"wpb_text_column wpb_content_element \">\n\t\t<div class=\"wpb_wrapper\">\n\t\t\t<p><strong><em>CampLogisti<span style=\"color: #f49c14;\">k<\/span>s<\/em><\/strong> vous offre une solution compl\u00e8te pour la gestion des campements \u00e9loign\u00e9s.<\/p>\n\n\t\t<\/div> \n\t<\/div> <div class=\"vc_separator wpb_content_element vc_el_width_100\">\n\t<span class=\"vc_sep_holder vc_sep_holder_l\"><span class=\"vc_sep_line\"><\/span><\/span>\n\t\t<span class=\"vc_sep_holder vc_sep_holder_r\"><span class=\"vc_sep_line\"><\/span><\/span>\n<\/div>\n\n<div class=\"wpb_row vc_row-fluid\">\n\t<div class=\"vc_span6 wpb_column column_container\">\n\t\t<div class=\"wpb_wrapper\">\n\t\t\t\n\t<div class=\"wpb_text_column wpb_content_element \">\n\t\t<div class=\"wpb_wrapper\">\n\t\t\t<h2>G\u00e9rez la logistique de vos sites \u00e9loign\u00e9s avec <strong><em>CampLogisti<span style=\"color: #f49c14;\">k<\/span>s<\/em><\/strong><\/h2>\n\n\t\t<\/div> \n\t<\/div> \n\t<div class=\"wpb_text_column wpb_content_element \">\n\t\t<div class=\"wpb_wrapper\">\n\t\t\t<p>Le logiciel <strong><em>CampLogisti<span style=\"color: #f49c14;\">k<\/span>s<\/em><\/strong> a \u00e9t\u00e9 sp\u00e9cialement con\u00e7u pour les industries mini\u00e8res et p\u00e9troli\u00e8res et permet aux gestionnaires de camps \u00e9loign\u00e9s de g\u00e9rer leurs op\u00e9rations quotidiennes de fa\u00e7on simple et efficace. La solution n&rsquo;a cess\u00e9 d&rsquo;\u00e9voluer depuis 2008 pour r\u00e9pondre aux exigences pointues de multinationales mondialement reconnues.<\/p>\n<div class=\" \" style=\"display:block;clear:both;height:20px\"><\/div>\n\n\t\t<\/div> \n\t<\/div> \n\t\t<\/div> \n\t<\/div> \n\n\t<div class=\"vc_span6 wpb_column column_container\">\n\t\t<div class=\"wpb_wrapper\">\n\t\t\t<div class=\"hidden-phone \" style=\"display:block;clear:both;height:50px\"><\/div><div class=\"highlightbox contenttable\">\n<p style=\"text-align: center;\"><strong>D\u00e9couvrez le logiciel CampLogistiks<\/strong><\/p>\n<p style=\"text-align: center;\">Obtenez une d\u00e9monstration gratuite de l\u2019un de nos diff\u00e9rents modules de gestion<\/p>\n<p style=\"text-align: center;\"><a class=\"btn btn-warning margin5\" title=\"Request a DEMO\" href=\"http:\/\/camplogistiks.com\/demonstration\">D\u00e9monstration gratuite<\/a><\/p>\n<\/div><div class=\"clear\"><\/div>\n\t\t<\/div> \n\t<\/div> \n<\/div><div class=\"vc_separator wpb_content_element vc_el_width_100 vc_sep_color_grey\">\n\t<span class=\"vc_sep_holder vc_sep_holder_l\"><span class=\"vc_sep_line\"><\/span><\/span>\n\t\t<span class=\"vc_sep_holder vc_sep_holder_r\"><span class=\"vc_sep_line\"><\/span><\/span>\n<\/div>\n\n<div class=\"wpb_row vc_row-fluid\">\n\t<div class=\"vc_span12 wpb_column column_container\">\n\t\t<div class=\"wpb_wrapper\">\n\t\t\t\n\t<div class=\"wpb_text_column wpb_content_element \">\n\t\t<div class=\"wpb_wrapper\">\n\t\t\t<h3>Diff\u00e9rents modules pour faciliter la gestion de vos op\u00e9rations<\/h3>\n<p>De la <a href=\"http:\/\/camplogistiks.com\/fr\/camp-logistiks\/quarts-de-travail\/\">configuration des horaires de travail<\/a>, \u00e0 la <a href=\"http:\/\/camplogistiks.com\/fr\/camp-logistiks\/cafeteria\/\">gestion de la caf\u00e9t\u00e9ria<\/a> et des m\u00e9nages, en passant par les <a href=\"http:\/\/camplogistiks.com\/fr\/camp-logistiks\/hebergement-entretien-menager\/\">r\u00e9servations de chambres<\/a> et de <a href=\"http:\/\/camplogistiks.com\/fr\/camp-logistiks\/transport\/\">vols<\/a>, ainsi que la facturation, le logiciel offre des avantages ind\u00e9niables vous permettant d\u2019optimiser l\u2019utilisation de vos ressources et de r\u00e9duire vos co\u00fbts des op\u00e9rations.<\/p>\n<p>La possibilit\u00e9 d\u2019imputer les d\u00e9penses aux bons projets, d\u00e9partements et entrepreneurs ; et de produire des <a href=\"http:\/\/camplogistiks.com\/fr\/camp-logistiks\/rapports-statistiques\/\">rapports et des statistiques<\/a> en temps r\u00e9el, vous permet de bien contr\u00f4ler vos projets et vos budgets et \u00e9ventuellement de facturer vos clients de fa\u00e7on simple et pr\u00e9cise.<\/p>\n<p><strong><em>CampLogisti<span style=\"color: #f49c14;\">k<\/span>s<\/em><\/strong> peut \u00e9galement s\u2019interfacer avec les logiciels de contr\u00f4le d\u2019acc\u00e8s pour un meilleur contr\u00f4le de pr\u00e9sence au site ou encore avec votre syst\u00e8me comptable existant pour centraliser les informations et \u00e9viter la double saisie.<\/p>\n<div class=\" \" style=\"display:block;clear:both;height:20px\"><\/div>\n\n\t\t<\/div> \n\t<\/div> \n\t\t<\/div> \n\t<\/div> \n<\/div>\n\t\t<\/div> \n\t<\/div> \n<\/div><div class=\"wpb_row vc_row-fluid\">\n\t<div class=\"vc_span12 wpb_column column_container\">\n\t\t<div class=\"wpb_wrapper\">\n\t\t\t\n\t<div class=\"wpb_text_column wpb_content_element \">\n\t\t<div class=\"wpb_wrapper\">\n\t\t\t<h2 style=\"text-align: center;\">Ayez une vision globale de vos op\u00e9rations<\/h2>\n\n\t\t<\/div> \n\t<\/div> <div class=\"left mr\" style=\"width:850px;\">\n\t\t\t\t\t\t\t<div class=\"holderwrap\">\n\t\t\t\t\t\t\t\t<div class=\"mediaholder\">\n\t\t\t\t\t\t\t\t\t<img decoding=\"async\" src=\"https:\/\/camplogistiks.com\/wp-content\/uploads\/2013\/11\/Process-FR.png\" alt=\"\">\n\t\t\t\t\t\t\t\t\t<div class=\"cover\"><\/div>\n\t\t\t\t\t\t\t\t\t<a href=\"https:\/\/camplogistiks.com\/wp-content\/uploads\/2013\/11\/Process-FR.png\" rel=\"group2\" data-rel=\"group2\" class=\"fancybox\" title=\"\"><div class=\"show icon-search \"><\/div><\/a><\/div>\n\t\t\t\t\t\t\t\t<div class=\"foliotextholder\">\n\t\t\t\t\t\t\t\t\t<div class=\"foliotextwrapper\">\n\t\t\t\t\t\t\t\t\t\t<h5 class=\"itemtitle\"><a href=\"\"><\/a><\/h5>\n\t\t\t\t\t\t\t\t\t<\/div>\n\t\t\t\t\t\t\t\t<\/div>\n\t\t\t\t\t\t\t<\/div>\n\t\t\t\t\t\t<\/div>\n\n\t<div class=\"wpb_text_column wpb_content_element \">\n\t\t<div class=\"wpb_wrapper\">\n\t\t\t<div class=\" \" style=\"display:block;clear:both;height:20px\"><\/div>\n<h2><span style=\"text-decoration: underline; color: #000000;\"><strong>Principaux avantages de\u00a0CampLogistiks<\/strong><\/span><\/h2>\n<ol style=\"text-align: left;\">\n<li><span style=\"color: #000000;\">R\u00e9duire les co\u00fbts d\u2019exploitation de vos sites \u00e9loign\u00e9s<\/span><\/li>\n<li><span style=\"color: #000000;\">G\u00e9rer les horaires de travail des employ\u00e9s<\/span><\/li>\n<li><span style=\"color: #000000;\">Faciliter la gestion des r\u00e9servations de chambres et de vols<\/span><\/li>\n<li><span style=\"color: #000000;\">Facturer vos clients<\/span><\/li>\n<li><span style=\"color: #000000;\">Se conformer aux r\u00e8glementations de sant\u00e9 et s\u00e9curit\u00e9<\/span><\/li>\n<li><span style=\"color: #000000;\">Optimiser l\u2019utilisation de vos ressources<\/span><\/li>\n<li><span style=\"color: #000000;\">Imputer les co\u00fbts des nuit\u00e9es, des repas et des voyages aux bonnes variables<\/span><\/li>\n<li><span style=\"color: #000000;\">Contr\u00f4ler les factures des entrepreneurs et des\u00a0sous-traitants<\/span><\/li>\n<li><span style=\"color: #000000;\">Contr\u00f4ler l&rsquo;acc\u00e8s \u00e0 la caf\u00e9t\u00e9ria et les co\u00fbts des repas<\/span><\/li>\n<li><span style=\"color: #000000;\">Acc\u00e9der \u00e0 vos indicateurs de performance cl\u00e9 en temps r\u00e9el<\/span><\/li>\n<li><span style=\"color: #000000;\">Obtenir une meilleure tra\u00e7abilit\u00e9 gr\u00e2ce \u00e0 l\u2019int\u00e9gration avec les logiciels de contr\u00f4le d\u2019acc\u00e8s<\/span><\/li>\n<\/ol>\n<div class=\" \" style=\"display:block;clear:both;height:20px\"><\/div>\n<p>\u00c9videmment, \u00e0 tous ces avantages s\u2019ajoute \u00e9galement une tr\u00e8s bonne connaissance de la r\u00e9alit\u00e9 des sites industriels \u00e9loign\u00e9s ainsi qu\u2019un service personnalis\u00e9 sur lequel vous pouvez compter \u00e0 tout moment. La force de <strong><em>CampLogisti<span style=\"color: #f49c14;\">k<\/span>s<\/em><\/strong> repose d\u2019ailleurs sur sa capacit\u00e9 d\u2019adaptation rapide face aux besoins \u00e9volutifs des clients.<\/p>\n\n\t\t<\/div> \n\t<\/div> <div class=\"vc_separator wpb_content_element vc_el_width_100 vc_sep_color_grey\">\n\t<span class=\"vc_sep_holder vc_sep_holder_l\"><span class=\"vc_sep_line\"><\/span><\/span>\n\t\t<span class=\"vc_sep_holder vc_sep_holder_r\"><span class=\"vc_sep_line\"><\/span><\/span>\n<\/div>\n\n<div class=\"highlightbox contenttable\"><div class=\"two_third\">\n<h2 style=\"text-align: left;\">Vous voulez en savoir plus sur notre logiciel de gestion de camps \u00e9loign\u00e9s?<\/h2>\n<p>Remplissez notre formulaire et il nous fera plaisir de vous contacter pour une pr\u00e9sentation de notre logiciel.<br \/>\n<\/div>\n<div class=\"one_third lastcolumn\">\n<div class=\" \" style=\"display:block;clear:both;height:20px\"><\/div><br \/>\n<a class=\"btn btn-warning margin5\" title=\"Request a DEMO\" href=\"http:\/\/camplogistiks.com\/fr\/demonstration\">Demander une d\u00e9mo<br \/>\n<\/a> <a class=\"btn btn-warning margin5 right10\" title=\"Brochure\" href=\"http:\/\/camplogistiks.com\/wp-content\/uploads\/2015\/09\/Brochure_Infynia-CampLogistiks_FR.pdf\" target=\"_blank\" download=\"\">T\u00e9l\u00e9charger la brochure <\/a><\/p>\n<p><\/div><div class=\"clear\"><\/div><\/div><div class=\"clear\"><\/div>\n\t\t<\/div> \n\t<\/div> \n<\/div>\n","protected":false},"excerpt":{"rendered":"CampLogistiks vous offre une solution compl\u00e8te pour la gestion des campements \u00e9loign\u00e9s. G\u00e9rez la logistique de vos sites \u00e9loign\u00e9s avec CampLogistiks Le logiciel CampLogistiks a \u00e9t\u00e9 sp\u00e9cialement con\u00e7u pour les industries mini\u00e8res et p\u00e9troli\u00e8res et permet aux gestionnaires de camps \u00e9loign\u00e9s de g\u00e9rer leurs op\u00e9rations quotidiennes de fa\u00e7on simple et efficace. La solution n'a cess\u00e9 ...","protected":false},"author":6,"featured_media":0,"parent":0,"menu_order":1,"comment_status":"closed","ping_status":"closed","template":"","meta":{"_monsterinsights_skip_tracking":false,"_monsterinsights_sitenote_active":false,"_monsterinsights_sitenote_note":"","_monsterinsights_sitenote_category":0,"footnotes":""},"class_list":["post-596","page","type-page","status-publish","hentry"],"yoast_head":"<!-- This site is optimized with the Yoast SEO plugin v27.3 - https:\/\/yoast.com\/product\/yoast-seo-wordpress\/ -->\n<title>Gestion de campements \u00e9loign\u00e9s et FIFO | Logiciel CampLogistiks<\/title>\n<meta name=\"description\" content=\"Depuis 2008, le logiciel CampLogistiks permet aux gestionnaires de camps \u00e9loign\u00e9s de g\u00e9rer leurs op\u00e9rations quotidiennes de fa\u00e7on simple et efficace.\" \/>\n<meta name=\"robots\" content=\"index, follow, max-snippet:-1, max-image-preview:large, max-video-preview:-1\" \/>\n<link rel=\"canonical\" href=\"https:\/\/camplogistiks.com\/fr\/camp-logistiks\/\" \/>\n<meta property=\"og:locale\" content=\"fr_FR\" \/>\n<meta property=\"og:type\" content=\"article\" \/>\n<meta property=\"og:title\" content=\"Gestion de campements \u00e9loign\u00e9s et FIFO | Logiciel CampLogistiks\" \/>\n<meta property=\"og:description\" content=\"Depuis 2008, le logiciel CampLogistiks permet aux gestionnaires de camps \u00e9loign\u00e9s de g\u00e9rer leurs op\u00e9rations quotidiennes de fa\u00e7on simple et efficace.\" \/>\n<meta property=\"og:url\" content=\"https:\/\/camplogistiks.com\/fr\/camp-logistiks\/\" \/>\n<meta property=\"og:site_name\" content=\"Camp Logistiks\" \/>\n<meta property=\"article:modified_time\" content=\"2018-09-21T21:00:38+00:00\" \/>\n<meta name=\"twitter:label1\" content=\"Dur\u00e9e de lecture estim\u00e9e\" \/>\n\t<meta name=\"twitter:data1\" content=\"3 minutes\" \/>\n<script type=\"application\/ld+json\" class=\"yoast-schema-graph\">{\"@context\":\"https:\\\/\\\/schema.org\",\"@graph\":[{\"@type\":\"WebPage\",\"@id\":\"https:\\\/\\\/camplogistiks.com\\\/fr\\\/camp-logistiks\\\/\",\"url\":\"https:\\\/\\\/camplogistiks.com\\\/fr\\\/camp-logistiks\\\/\",\"name\":\"Gestion de campements \u00e9loign\u00e9s et FIFO | Logiciel CampLogistiks\",\"isPartOf\":{\"@id\":\"https:\\\/\\\/camplogistiks.com\\\/#website\"},\"datePublished\":\"2013-11-27T01:59:38+00:00\",\"dateModified\":\"2018-09-21T21:00:38+00:00\",\"description\":\"Depuis 2008, le logiciel CampLogistiks permet aux gestionnaires de camps \u00e9loign\u00e9s de g\u00e9rer leurs op\u00e9rations quotidiennes de fa\u00e7on simple et efficace.\",\"breadcrumb\":{\"@id\":\"https:\\\/\\\/camplogistiks.com\\\/fr\\\/camp-logistiks\\\/#breadcrumb\"},\"inLanguage\":\"fr-FR\",\"potentialAction\":[{\"@type\":\"ReadAction\",\"target\":[\"https:\\\/\\\/camplogistiks.com\\\/fr\\\/camp-logistiks\\\/\"]}]},{\"@type\":\"BreadcrumbList\",\"@id\":\"https:\\\/\\\/camplogistiks.com\\\/fr\\\/camp-logistiks\\\/#breadcrumb\",\"itemListElement\":[{\"@type\":\"ListItem\",\"position\":1,\"name\":\"Accueil\",\"item\":\"https:\\\/\\\/camplogistiks.com\\\/fr\\\/\"},{\"@type\":\"ListItem\",\"position\":2,\"name\":\"CampLogistiks : Solution de gestion de camps \u00e9loign\u00e9s\"}]},{\"@type\":\"WebSite\",\"@id\":\"https:\\\/\\\/camplogistiks.com\\\/#website\",\"url\":\"https:\\\/\\\/camplogistiks.com\\\/\",\"name\":\"Camp Logistiks\",\"description\":\"Powered by Infynia\",\"potentialAction\":[{\"@type\":\"SearchAction\",\"target\":{\"@type\":\"EntryPoint\",\"urlTemplate\":\"https:\\\/\\\/camplogistiks.com\\\/?s={search_term_string}\"},\"query-input\":{\"@type\":\"PropertyValueSpecification\",\"valueRequired\":true,\"valueName\":\"search_term_string\"}}],\"inLanguage\":\"fr-FR\"}]}<\/script>\n<!-- \/ Yoast SEO plugin. -->","yoast_head_json":{"title":"Gestion de campements \u00e9loign\u00e9s et FIFO | Logiciel CampLogistiks","description":"Depuis 2008, le logiciel CampLogistiks permet aux gestionnaires de camps \u00e9loign\u00e9s de g\u00e9rer leurs op\u00e9rations quotidiennes de fa\u00e7on simple et efficace.","robots":{"index":"index","follow":"follow","max-snippet":"max-snippet:-1","max-image-preview":"max-image-preview:large","max-video-preview":"max-video-preview:-1"},"canonical":"https:\/\/camplogistiks.com\/fr\/camp-logistiks\/","og_locale":"fr_FR","og_type":"article","og_title":"Gestion de campements \u00e9loign\u00e9s et FIFO | Logiciel CampLogistiks","og_description":"Depuis 2008, le logiciel CampLogistiks permet aux gestionnaires de camps \u00e9loign\u00e9s de g\u00e9rer leurs op\u00e9rations quotidiennes de fa\u00e7on simple et efficace.","og_url":"https:\/\/camplogistiks.com\/fr\/camp-logistiks\/","og_site_name":"Camp Logistiks","article_modified_time":"2018-09-21T21:00:38+00:00","twitter_misc":{"Dur\u00e9e de lecture estim\u00e9e":"3 minutes"},"schema":{"@context":"https:\/\/schema.org","@graph":[{"@type":"WebPage","@id":"https:\/\/camplogistiks.com\/fr\/camp-logistiks\/","url":"https:\/\/camplogistiks.com\/fr\/camp-logistiks\/","name":"Gestion de campements \u00e9loign\u00e9s et FIFO | Logiciel CampLogistiks","isPartOf":{"@id":"https:\/\/camplogistiks.com\/#website"},"datePublished":"2013-11-27T01:59:38+00:00","dateModified":"2018-09-21T21:00:38+00:00","description":"Depuis 2008, le logiciel CampLogistiks permet aux gestionnaires de camps \u00e9loign\u00e9s de g\u00e9rer leurs op\u00e9rations quotidiennes de fa\u00e7on simple et efficace.","breadcrumb":{"@id":"https:\/\/camplogistiks.com\/fr\/camp-logistiks\/#breadcrumb"},"inLanguage":"fr-FR","potentialAction":[{"@type":"ReadAction","target":["https:\/\/camplogistiks.com\/fr\/camp-logistiks\/"]}]},{"@type":"BreadcrumbList","@id":"https:\/\/camplogistiks.com\/fr\/camp-logistiks\/#breadcrumb","itemListElement":[{"@type":"ListItem","position":1,"name":"Accueil","item":"https:\/\/camplogistiks.com\/fr\/"},{"@type":"ListItem","position":2,"name":"CampLogistiks : Solution de gestion de camps \u00e9loign\u00e9s"}]},{"@type":"WebSite","@id":"https:\/\/camplogistiks.com\/#website","url":"https:\/\/camplogistiks.com\/","name":"Camp Logistiks","description":"Powered by Infynia","potentialAction":[{"@type":"SearchAction","target":{"@type":"EntryPoint","urlTemplate":"https:\/\/camplogistiks.com\/?s={search_term_string}"},"query-input":{"@type":"PropertyValueSpecification","valueRequired":true,"valueName":"search_term_string"}}],"inLanguage":"fr-FR"}]}},"featured_image_src":null,"featured_image_src_square":null,"_links":{"self":[{"href":"https:\/\/camplogistiks.com\/fr\/wp-json\/wp\/v2\/pages\/596","targetHints":{"allow":["GET"]}}],"collection":[{"href":"https:\/\/camplogistiks.com\/fr\/wp-json\/wp\/v2\/pages"}],"about":[{"href":"https:\/\/camplogistiks.com\/fr\/wp-json\/wp\/v2\/types\/page"}],"author":[{"embeddable":true,"href":"https:\/\/camplogistiks.com\/fr\/wp-json\/wp\/v2\/users\/6"}],"replies":[{"embeddable":true,"href":"https:\/\/camplogistiks.com\/fr\/wp-json\/wp\/v2\/comments?post=596"}],"version-history":[{"count":0,"href":"https:\/\/camplogistiks.com\/fr\/wp-json\/wp\/v2\/pages\/596\/revisions"}],"wp:attachment":[{"href":"https:\/\/camplogistiks.com\/fr\/wp-json\/wp\/v2\/media?parent=596"}],"curies":[{"name":"wp","href":"https:\/\/api.w.org\/{rel}","templated":true}]}}