{"id":584,"date":"2013-10-08T14:41:48","date_gmt":"2013-10-08T14:41:48","guid":{"rendered":"http:\/\/infynia.devstaging.ca\/?page_id=584"},"modified":"2019-07-10T13:12:33","modified_gmt":"2019-07-10T18:12:33","slug":"sample-page-2","status":"publish","type":"page","link":"https:\/\/camplogistiks.com\/fr\/","title":{"rendered":"Accueil"},"content":{"rendered":"<div class=\"wpb_row vc_row-fluid\">\n\t<div class=\"vc_span12 wpb_column column_container\">\n\t\t<div class=\"wpb_wrapper\">\n\t\t\t\n\t<div class=\"wpb_text_column wpb_content_element \">\n\t\t<div class=\"wpb_wrapper\">\n\t\t\t<h2 style=\"text-align: center;\">Un logiciel int\u00e9gr\u00e9 pour g\u00e9rer les op\u00e9rations de vos sites \u00e9loign\u00e9s<\/h2>\n\n\t\t<\/div> \n\t<\/div> <div class=\"vc_separator wpb_content_element vc_el_width_100\">\n\t<span class=\"vc_sep_holder vc_sep_holder_l\"><span class=\"vc_sep_line\"><\/span><\/span>\n\t\t<span class=\"vc_sep_holder vc_sep_holder_r\"><span class=\"vc_sep_line\"><\/span><\/span>\n<\/div>\n\n\n\t\t\t\t<div class=\"row moduletitle\" style=\"clear:both;\">\n\t\t        \t<div class=\"titletext\"><h2>Head Title<\/h2><\/div><div class=\"linktext\"><a href=\"http:\/\/camplogistiks.com\/fr\/camp-logistiks\/\" target=\"_self\">Voir tous les modules<\/a><\/div><\/div>\n\t\t<\/div> \n\t<\/div> \n<\/div><div class=\"wpb_row vc_row-fluid\">\n\t<div class=\"vc_span4 wpb_column column_container\">\n\t\t<div class=\"wpb_wrapper\">\n\t\t\t\n\t<div class=\"wpb_text_column wpb_content_element \">\n\t\t<div class=\"wpb_wrapper\">\n\t\t\t<p style=\"text-align: center;\"><strong><a href=\"http:\/\/camplogistiks.com\/fr\/camp-logistiks\/employes\/\"><img loading=\"lazy\" decoding=\"async\" class=\"aligncenter size-full wp-image-422\" src=\"http:\/\/camplogistiks.com\/wp-content\/uploads\/2013\/10\/employees-icon2.png\" alt=\"employ\u00e9s-ic\u00f4ne\" width=\"114\" height=\"114\" \/><\/a><a href=\"http:\/\/camplogistiks.com\/fr\/camp-logistiks\/employes\/\">Employ\u00e9s<\/a><br \/>\n<\/strong>Profils, pr\u00e9f\u00e9rences, absences<\/p>\n\n\t\t<\/div> \n\t<\/div> \n\t\t<\/div> \n\t<\/div> \n\n\t<div class=\"vc_span4 wpb_column column_container\">\n\t\t<div class=\"wpb_wrapper\">\n\t\t\t\n\t<div class=\"wpb_text_column wpb_content_element \">\n\t\t<div class=\"wpb_wrapper\">\n\t\t\t<p style=\"text-align: center;\"><a href=\"http:\/\/camplogistiks.com\/fr\/camp-logistiks\/hebergement\/\"><img loading=\"lazy\" decoding=\"async\" class=\"aligncenter size-full wp-image-424\" src=\"http:\/\/camplogistiks.com\/wp-content\/uploads\/2013\/10\/accomodation-icon.png\" alt=\"H\u00e9bergement-ic\u00f4ne\" width=\"114\" height=\"114\" \/><\/a><strong><a href=\"http:\/\/camplogistiks.com\/fr\/camp-logistiks\/hebergement\/\">H\u00e9bergement<\/a><br \/>\n<\/strong>Chambres,\u00a0 bagages<strong><br \/>\n<\/strong><\/p>\n\n\t\t<\/div> \n\t<\/div> \n\t\t<\/div> \n\t<\/div> \n\n\t<div class=\"vc_span4 wpb_column column_container\">\n\t\t<div class=\"wpb_wrapper\">\n\t\t\t\n\t<div class=\"wpb_text_column wpb_content_element \">\n\t\t<div class=\"wpb_wrapper\">\n\t\t\t<p style=\"text-align: center;\"><a href=\"http:\/\/camplogistiks.com\/fr\/camp-logistiks\/entretien-menager\/\"><img loading=\"lazy\" decoding=\"async\" class=\"wp-image-1681 size-full aligncenter\" src=\"http:\/\/camplogistiks.com\/wp-content\/uploads\/2018\/09\/menage-1.png\" alt=\"\" width=\"114\" height=\"114\" \/><\/a><a href=\"http:\/\/camplogistiks.com\/fr\/camp-logistiks\/entretien-menager\/\"><strong>M\u00e9nage et maintenance<\/strong><\/a><br \/>\nChambres propres, clients satisfaits<\/p>\n\n\t\t<\/div> \n\t<\/div> \n\t\t<\/div> \n\t<\/div> \n<\/div><div class=\"wpb_row vc_row-fluid\">\n\t<div class=\"vc_span4 wpb_column column_container\">\n\t\t<div class=\"wpb_wrapper\">\n\t\t\t\n\t<div class=\"wpb_text_column wpb_content_element \">\n\t\t<div class=\"wpb_wrapper\">\n\t\t\t<p style=\"text-align: center;\"><a href=\"http:\/\/camplogistiks.com\/fr\/camp-logistiks\/cafeteria\/\"><img loading=\"lazy\" decoding=\"async\" class=\"aligncenter size-full wp-image-426\" src=\"http:\/\/camplogistiks.com\/wp-content\/uploads\/2013\/10\/cafeteria-icon.png\" alt=\"Caf\u00e9t\u00e9ria-ic\u00f4ne\" width=\"114\" height=\"114\" \/><\/a><a href=\"http:\/\/camplogistiks.com\/fr\/camp-logistiks\/cafeteria\/\"><strong>Caf\u00e9t\u00e9ria<\/strong><\/a><br \/>\nQui a mang\u00e9 quoi et quand<\/p>\n\n\t\t<\/div> \n\t<\/div> \n\t\t<\/div> \n\t<\/div> \n\n\t<div class=\"vc_span4 wpb_column column_container\">\n\t\t<div class=\"wpb_wrapper\">\n\t\t\t\n\t<div class=\"wpb_text_column wpb_content_element \">\n\t\t<div class=\"wpb_wrapper\">\n\t\t\t<p style=\"text-align: center;\"><strong><a href=\"http:\/\/camplogistiks.com\/fr\/camp-logistiks\/transport\/\"><img loading=\"lazy\" decoding=\"async\" class=\"aligncenter size-full wp-image-431\" src=\"http:\/\/camplogistiks.com\/wp-content\/uploads\/2013\/10\/fly-in-out-icon.png\" alt=\"transport-ic\u00f4ne\" width=\"114\" height=\"114\" \/><\/a><a href=\"http:\/\/camplogistiks.com\/fr\/camp-logistiks\/transport\/\">Transport<\/a><br \/>\n<\/strong>A\u00e9rien et terrestre<\/p>\n\n\t\t<\/div> \n\t<\/div> \n\t\t<\/div> \n\t<\/div> \n\n\t<div class=\"vc_span4 wpb_column column_container\">\n\t\t<div class=\"wpb_wrapper\">\n\t\t\t\n\t<div class=\"wpb_text_column wpb_content_element \">\n\t\t<div class=\"wpb_wrapper\">\n\t\t\t<p style=\"text-align: center;\"><strong><a href=\"http:\/\/camplogistiks.com\/fr\/camp-logistiks\/quarts-de-travail\/\"><img loading=\"lazy\" decoding=\"async\" class=\"aligncenter size-full wp-image-422\" src=\"http:\/\/camplogistiks.com\/wp-content\/uploads\/2013\/10\/employees-icon.png\" alt=\"employ\u00e9s-ic\u00f4ne\" width=\"114\" height=\"114\" \/><\/a><a href=\"http:\/\/camplogistiks.com\/fr\/camp-logistiks\/quarts-de-travail\/\">Horaires de travail<\/a><br \/>\n<\/strong>Quarts r\u00e9currents,\u00a0imputation de co\u00fbts<strong><br \/>\n<\/strong><\/p>\n\n\t\t<\/div> \n\t<\/div> \n\t\t<\/div> \n\t<\/div> \n<\/div><div class=\"wpb_row vc_row-fluid\">\n\t<div class=\"vc_span4 wpb_column column_container\">\n\t\t<div class=\"wpb_wrapper\">\n\t\t\t\n\t<div class=\"wpb_text_column wpb_content_element \">\n\t\t<div class=\"wpb_wrapper\">\n\t\t\t<p style=\"text-align: center;\"><strong><a href=\"http:\/\/camplogistiks.com\/fr\/camp-logistiks\/facturation\/\"><img loading=\"lazy\" decoding=\"async\" class=\"wp-image-1679 size-full aligncenter\" src=\"http:\/\/camplogistiks.com\/wp-content\/uploads\/2018\/09\/facturation-1.png\" alt=\"\" width=\"114\" height=\"114\" \/><\/a><\/strong><strong><a href=\"http:\/\/camplogistiks.com\/fr\/camp-logistiks\/facturation\/\">Facturation<\/a><br \/>\n<\/strong>Par client, projet, PO et autre<\/p>\n\n\t\t<\/div> \n\t<\/div> \n\t\t<\/div> \n\t<\/div> \n\n\t<div class=\"vc_span4 wpb_column column_container\">\n\t\t<div class=\"wpb_wrapper\">\n\t\t\t\n\t<div class=\"wpb_text_column wpb_content_element \">\n\t\t<div class=\"wpb_wrapper\">\n\t\t\t<p style=\"text-align: center;\"><strong><a href=\"http:\/\/camplogistiks.com\/fr\/camp-logistiks\/gestion-contrats-clients\/\"><img loading=\"lazy\" decoding=\"async\" class=\"wp-image-1680 size-full aligncenter\" src=\"http:\/\/camplogistiks.com\/wp-content\/uploads\/2018\/09\/gestion-client-contrats-1.png\" alt=\"\" width=\"114\" height=\"114\" \/><\/a><\/strong><strong><a href=\"http:\/\/camplogistiks.com\/fr\/camp-logistiks\/gestion-contrats-clients\/\">Clients et contrats<\/a><br \/>\n<\/strong>Tarifs et param\u00e8tres sp\u00e9cifiques<strong><br \/>\n<\/strong><\/p>\n\n\t\t<\/div> \n\t<\/div> \n\t\t<\/div> \n\t<\/div> \n\n\t<div class=\"vc_span4 wpb_column column_container\">\n\t\t<div class=\"wpb_wrapper\">\n\t\t\t\n\t<div class=\"wpb_text_column wpb_content_element \">\n\t\t<div class=\"wpb_wrapper\">\n\t\t\t<p style=\"text-align: center;\"><a href=\"http:\/\/camplogistiks.com\/fr\/camp-logistiks\/rapports-statistiques\/\"><img loading=\"lazy\" decoding=\"async\" class=\"size-full wp-image-432 aligncenter\" src=\"http:\/\/camplogistiks.com\/wp-content\/uploads\/2013\/10\/report-icon.png\" alt=\"report-icon\" width=\"114\" height=\"114\" \/><\/a><a href=\"http:\/\/camplogistiks.com\/fr\/camp-logistiks\/rapports-statistiques\/\"><strong>Rapports et statistiques<\/strong><\/a><br \/>\nIndicateurs de performance cl\u00e9<\/p>\n\n\t\t<\/div> \n\t<\/div> \n\t\t<\/div> \n\t<\/div> \n<\/div><div class=\"wpb_row vc_row-fluid\">\n\t<div class=\"vc_span12 wpb_column column_container\">\n\t\t<div class=\"wpb_wrapper\">\n\t\t\t<div class=\"vc_separator wpb_content_element vc_el_width_100\">\n\t<span class=\"vc_sep_holder vc_sep_holder_l\"><span class=\"vc_sep_line\"><\/span><\/span>\n\t\t<span class=\"vc_sep_holder vc_sep_holder_r\"><span class=\"vc_sep_line\"><\/span><\/span>\n<\/div>\n\n<div class=\"highlightbox contenttable\"><div class=\"two_third\">\n<h2>Vous voulez en savoir plus?<\/h2>\n<p>Remplissez notre formulaire et il nous fera plaisir de vous contacter pour une pr\u00e9sentation de notre logiciel de gestion de sites : <strong><em>Camp Logisti<span style=\"color: #f49c14;\">k<\/span>s<\/em><\/strong>.<br \/>\n<\/div>\n<div class=\"one_third lastcolumn\">\n<a class=\"btn btn-warning btnposright margin5\" title=\"Request a DEMO\" href=\"\/fr\/demonstration\/\">Demander une\u00a0d\u00e9mo<br \/>\n<\/a> <a class=\"btn btn-warning btnposright margin5 right10\" title=\"Brochure\" href=\"http:\/\/camplogistiks.com\/wp-content\/uploads\/2015\/09\/Brochure_Infynia-CampLogistiks_FR.pdf\" target=\"_blank\" download=\"\">T\u00e9l\u00e9charger la brochure <\/a><\/p>\n<p><\/div><div class=\"clear\"><\/div><\/div><div class=\"clear\"><\/div>\n\t\t<\/div> \n\t<\/div> \n<\/div><div class=\"wpb_row vc_row-fluid\">\n\t<div class=\"vc_span12 wpb_column column_container\">\n\t\t<div class=\"wpb_wrapper\">\n\t\t\t<div class=\"vc_separator wpb_content_element vc_el_width_100\">\n\t<span class=\"vc_sep_holder vc_sep_holder_l\"><span class=\"vc_sep_line\"><\/span><\/span>\n\t\t<span class=\"vc_sep_holder vc_sep_holder_r\"><span class=\"vc_sep_line\"><\/span><\/span>\n<\/div>\n\n\n\t\t\t\t<div class=\"row moduletitle\" style=\"clear:both;\">\n\t\t        \t<div class=\"titletext\"><h2>Clients<\/h2><\/div><div class=\"linktext\"><a href=\"http:\/\/camplogistiks.com\/fr\/nos-clients\/\" target=\"_self\">En savoir plus<\/a><\/div><\/div>\n\t\t<\/div> \n\t<\/div> \n<\/div><div class=\"wpb_row vc_row-fluid\">\n\t<div class=\"vc_span12 wpb_column column_container\">\n\t\t<div class=\"wpb_wrapper\">\n\t\t\t\n\t<div class=\"wpb_text_column wpb_content_element  client-carousel\">\n\t\t<div class=\"wpb_wrapper\">\n\t\t\t<pre>[wpaft_logo_slider]<\/pre>\n\n\t\t<\/div> \n\t<\/div> \n\t\t<\/div> \n\t<\/div> \n<\/div>\n","protected":false},"excerpt":{"rendered":"Un logiciel int\u00e9gr\u00e9 pour g\u00e9rer les op\u00e9rations de vos sites \u00e9loign\u00e9s Head TitleVoir tous les modules Employ\u00e9s Profils, pr\u00e9f\u00e9rences, absences H\u00e9bergement Chambres,\u00a0 bagages M\u00e9nage et maintenance Chambres propres, clients satisfaits Caf\u00e9t\u00e9ria Qui a mang\u00e9 quoi et quand Transport A\u00e9rien et terrestre Horaires de travail Quarts r\u00e9currents,\u00a0imputation de co\u00fbts Facturation Par client, projet, PO et autre ...","protected":false},"author":6,"featured_media":0,"parent":0,"menu_order":0,"comment_status":"open","ping_status":"closed","template":"","meta":{"_monsterinsights_skip_tracking":false,"_monsterinsights_sitenote_active":false,"_monsterinsights_sitenote_note":"","_monsterinsights_sitenote_category":0,"footnotes":""},"class_list":["post-584","page","type-page","status-publish","hentry"],"yoast_head":"<!-- This site is optimized with the Yoast SEO plugin v27.4 - https:\/\/yoast.com\/product\/yoast-seo-wordpress\/ -->\n<title>Accueil | Logiciel CampLogistiks<\/title>\n<meta name=\"description\" content=\"La meilleure solution int\u00e9gr\u00e9e pour la gestion des campements industriels \u00e9loign\u00e9s. Horaires de travail r\u00e9currents, h\u00e9bergement, transport, m\u00e9nages, caf\u00e9t\u00e9ria et facturation.\" \/>\n<meta name=\"robots\" content=\"index, follow, max-snippet:-1, max-image-preview:large, max-video-preview:-1\" \/>\n<link rel=\"canonical\" href=\"https:\/\/camplogistiks.com\/fr\/\" \/>\n<meta property=\"og:locale\" content=\"fr_FR\" \/>\n<meta property=\"og:type\" content=\"article\" \/>\n<meta property=\"og:title\" content=\"Accueil | Logiciel CampLogistiks\" \/>\n<meta property=\"og:description\" content=\"La meilleure solution int\u00e9gr\u00e9e pour la gestion des campements industriels \u00e9loign\u00e9s. Horaires de travail r\u00e9currents, h\u00e9bergement, transport, m\u00e9nages, caf\u00e9t\u00e9ria et facturation.\" \/>\n<meta property=\"og:url\" content=\"https:\/\/camplogistiks.com\/fr\/\" \/>\n<meta property=\"og:site_name\" content=\"Camp Logistiks\" \/>\n<meta property=\"article:modified_time\" content=\"2019-07-10T18:12:33+00:00\" \/>\n<meta property=\"og:image\" content=\"http:\/\/camplogistiks.com\/wp-content\/uploads\/2013\/10\/employees-icon2.png\" \/>\n<meta name=\"twitter:label1\" content=\"Dur\u00e9e de lecture estim\u00e9e\" \/>\n\t<meta name=\"twitter:data1\" content=\"2 minutes\" \/>\n<script type=\"application\/ld+json\" class=\"yoast-schema-graph\">{\"@context\":\"https:\\\/\\\/schema.org\",\"@graph\":[{\"@type\":\"WebPage\",\"@id\":\"https:\\\/\\\/camplogistiks.com\\\/fr\\\/\",\"url\":\"https:\\\/\\\/camplogistiks.com\\\/fr\\\/\",\"name\":\"Accueil | Logiciel CampLogistiks\",\"isPartOf\":{\"@id\":\"https:\\\/\\\/camplogistiks.com\\\/#website\"},\"primaryImageOfPage\":{\"@id\":\"https:\\\/\\\/camplogistiks.com\\\/fr\\\/#primaryimage\"},\"image\":{\"@id\":\"https:\\\/\\\/camplogistiks.com\\\/fr\\\/#primaryimage\"},\"thumbnailUrl\":\"http:\\\/\\\/camplogistiks.com\\\/wp-content\\\/uploads\\\/2013\\\/10\\\/employees-icon2.png\",\"datePublished\":\"2013-10-08T14:41:48+00:00\",\"dateModified\":\"2019-07-10T18:12:33+00:00\",\"description\":\"La meilleure solution int\u00e9gr\u00e9e pour la gestion des campements industriels \u00e9loign\u00e9s. Horaires de travail r\u00e9currents, h\u00e9bergement, transport, m\u00e9nages, caf\u00e9t\u00e9ria et facturation.\",\"breadcrumb\":{\"@id\":\"https:\\\/\\\/camplogistiks.com\\\/fr\\\/#breadcrumb\"},\"inLanguage\":\"fr-FR\",\"potentialAction\":[{\"@type\":\"ReadAction\",\"target\":[\"https:\\\/\\\/camplogistiks.com\\\/fr\\\/\"]}]},{\"@type\":\"ImageObject\",\"inLanguage\":\"fr-FR\",\"@id\":\"https:\\\/\\\/camplogistiks.com\\\/fr\\\/#primaryimage\",\"url\":\"http:\\\/\\\/camplogistiks.com\\\/wp-content\\\/uploads\\\/2013\\\/10\\\/employees-icon2.png\",\"contentUrl\":\"http:\\\/\\\/camplogistiks.com\\\/wp-content\\\/uploads\\\/2013\\\/10\\\/employees-icon2.png\"},{\"@type\":\"BreadcrumbList\",\"@id\":\"https:\\\/\\\/camplogistiks.com\\\/fr\\\/#breadcrumb\",\"itemListElement\":[{\"@type\":\"ListItem\",\"position\":1,\"name\":\"Accueil\",\"item\":\"https:\\\/\\\/camplogistiks.com\\\/fr\\\/\"},{\"@type\":\"ListItem\",\"position\":2,\"name\":\"Accueil\"}]},{\"@type\":\"WebSite\",\"@id\":\"https:\\\/\\\/camplogistiks.com\\\/#website\",\"url\":\"https:\\\/\\\/camplogistiks.com\\\/\",\"name\":\"Camp Logistiks\",\"description\":\"Powered by Infynia\",\"potentialAction\":[{\"@type\":\"SearchAction\",\"target\":{\"@type\":\"EntryPoint\",\"urlTemplate\":\"https:\\\/\\\/camplogistiks.com\\\/?s={search_term_string}\"},\"query-input\":{\"@type\":\"PropertyValueSpecification\",\"valueRequired\":true,\"valueName\":\"search_term_string\"}}],\"inLanguage\":\"fr-FR\"}]}<\/script>\n<!-- \/ Yoast SEO plugin. -->","yoast_head_json":{"title":"Accueil | Logiciel CampLogistiks","description":"La meilleure solution int\u00e9gr\u00e9e pour la gestion des campements industriels \u00e9loign\u00e9s. Horaires de travail r\u00e9currents, h\u00e9bergement, transport, m\u00e9nages, caf\u00e9t\u00e9ria et facturation.","robots":{"index":"index","follow":"follow","max-snippet":"max-snippet:-1","max-image-preview":"max-image-preview:large","max-video-preview":"max-video-preview:-1"},"canonical":"https:\/\/camplogistiks.com\/fr\/","og_locale":"fr_FR","og_type":"article","og_title":"Accueil | Logiciel CampLogistiks","og_description":"La meilleure solution int\u00e9gr\u00e9e pour la gestion des campements industriels \u00e9loign\u00e9s. Horaires de travail r\u00e9currents, h\u00e9bergement, transport, m\u00e9nages, caf\u00e9t\u00e9ria et facturation.","og_url":"https:\/\/camplogistiks.com\/fr\/","og_site_name":"Camp Logistiks","article_modified_time":"2019-07-10T18:12:33+00:00","og_image":[{"url":"http:\/\/camplogistiks.com\/wp-content\/uploads\/2013\/10\/employees-icon2.png","type":"","width":"","height":""}],"twitter_misc":{"Dur\u00e9e de lecture estim\u00e9e":"2 minutes"},"schema":{"@context":"https:\/\/schema.org","@graph":[{"@type":"WebPage","@id":"https:\/\/camplogistiks.com\/fr\/","url":"https:\/\/camplogistiks.com\/fr\/","name":"Accueil | Logiciel CampLogistiks","isPartOf":{"@id":"https:\/\/camplogistiks.com\/#website"},"primaryImageOfPage":{"@id":"https:\/\/camplogistiks.com\/fr\/#primaryimage"},"image":{"@id":"https:\/\/camplogistiks.com\/fr\/#primaryimage"},"thumbnailUrl":"http:\/\/camplogistiks.com\/wp-content\/uploads\/2013\/10\/employees-icon2.png","datePublished":"2013-10-08T14:41:48+00:00","dateModified":"2019-07-10T18:12:33+00:00","description":"La meilleure solution int\u00e9gr\u00e9e pour la gestion des campements industriels \u00e9loign\u00e9s. Horaires de travail r\u00e9currents, h\u00e9bergement, transport, m\u00e9nages, caf\u00e9t\u00e9ria et facturation.","breadcrumb":{"@id":"https:\/\/camplogistiks.com\/fr\/#breadcrumb"},"inLanguage":"fr-FR","potentialAction":[{"@type":"ReadAction","target":["https:\/\/camplogistiks.com\/fr\/"]}]},{"@type":"ImageObject","inLanguage":"fr-FR","@id":"https:\/\/camplogistiks.com\/fr\/#primaryimage","url":"http:\/\/camplogistiks.com\/wp-content\/uploads\/2013\/10\/employees-icon2.png","contentUrl":"http:\/\/camplogistiks.com\/wp-content\/uploads\/2013\/10\/employees-icon2.png"},{"@type":"BreadcrumbList","@id":"https:\/\/camplogistiks.com\/fr\/#breadcrumb","itemListElement":[{"@type":"ListItem","position":1,"name":"Accueil","item":"https:\/\/camplogistiks.com\/fr\/"},{"@type":"ListItem","position":2,"name":"Accueil"}]},{"@type":"WebSite","@id":"https:\/\/camplogistiks.com\/#website","url":"https:\/\/camplogistiks.com\/","name":"Camp Logistiks","description":"Powered by Infynia","potentialAction":[{"@type":"SearchAction","target":{"@type":"EntryPoint","urlTemplate":"https:\/\/camplogistiks.com\/?s={search_term_string}"},"query-input":{"@type":"PropertyValueSpecification","valueRequired":true,"valueName":"search_term_string"}}],"inLanguage":"fr-FR"}]}},"featured_image_src":null,"featured_image_src_square":null,"_links":{"self":[{"href":"https:\/\/camplogistiks.com\/fr\/wp-json\/wp\/v2\/pages\/584","targetHints":{"allow":["GET"]}}],"collection":[{"href":"https:\/\/camplogistiks.com\/fr\/wp-json\/wp\/v2\/pages"}],"about":[{"href":"https:\/\/camplogistiks.com\/fr\/wp-json\/wp\/v2\/types\/page"}],"author":[{"embeddable":true,"href":"https:\/\/camplogistiks.com\/fr\/wp-json\/wp\/v2\/users\/6"}],"replies":[{"embeddable":true,"href":"https:\/\/camplogistiks.com\/fr\/wp-json\/wp\/v2\/comments?post=584"}],"version-history":[{"count":0,"href":"https:\/\/camplogistiks.com\/fr\/wp-json\/wp\/v2\/pages\/584\/revisions"}],"wp:attachment":[{"href":"https:\/\/camplogistiks.com\/fr\/wp-json\/wp\/v2\/media?parent=584"}],"curies":[{"name":"wp","href":"https:\/\/api.w.org\/{rel}","templated":true}]}}