{"id":1634,"date":"2018-08-31T12:05:44","date_gmt":"2018-08-31T17:05:44","guid":{"rendered":"http:\/\/camplogistiks.com\/fr\/?page_id=1634"},"modified":"2018-09-21T11:04:24","modified_gmt":"2018-09-21T16:04:24","slug":"facturation","status":"publish","type":"page","link":"https:\/\/camplogistiks.com\/fr\/camp-logistiks\/facturation\/","title":{"rendered":"Module de facturation"},"content":{"rendered":"<div class=\"wpb_row vc_row-fluid\">\n\t<div class=\"vc_span12 wpb_column column_container\">\n\t\t<div class=\"wpb_wrapper\">\n\t\t\t\n\t<div class=\"wpb_text_column wpb_content_element \">\n\t\t<div class=\"wpb_wrapper\">\n\t\t\t<p>Vous \u00eates une entreprise qui construit et\/ou op\u00e8re des campements ferm\u00e9s ou ouverts que vous louez \u00e0 des clients miniers et p\u00e9troliers ? Vous h\u00e9bergez des travailleurs dans des sites industriels \u00e9loign\u00e9s et vous avez besoin d\u2019un logiciel pour g\u00e9rer vos campements et votre facturation de fa\u00e7on efficace ? <strong><em>CampLogisti<span style=\"color: #f49c14;\">k<\/span>s<\/em><\/strong>\u00a0est la solution indiqu\u00e9e pour votre compagnie.<\/p>\n\n\t\t<\/div> \n\t<\/div> <div class=\"highlightbox contenttable\"><div class=\"two_third\">\n<h2>D\u00e9couvrez le logiciel CampLogistiks<\/h2>\n<p>Obtenez une d\u00e9monstration gratuite de notre module de\u00a0facturation<br \/>\n<\/div>\n<div class=\"one_third lastcolumn\">\n<div class=\" \" style=\"display:block;clear:both;height:10px\"><\/div><br \/>\n<a class=\"btn btn-warning btnposright margin5\" title=\"Request a DEMO\" href=\"http:\/\/camplogistiks.com\/fr\/demonstration\">D\u00e9monstration gratuite<br \/>\n<\/a><\/p>\n<p><\/div><div class=\"clear\"><\/div><\/div><div class=\"clear\"><\/div><div class=\"vc_separator wpb_content_element vc_el_width_100\">\n\t<span class=\"vc_sep_holder vc_sep_holder_l\"><span class=\"vc_sep_line\"><\/span><\/span>\n\t\t<span class=\"vc_sep_holder vc_sep_holder_r\"><span class=\"vc_sep_line\"><\/span><\/span>\n<\/div>\n\n<div class=\"wpb_row vc_row-fluid\">\n\t<div class=\"vc_span12 wpb_column column_container\">\n\t\t<div class=\"wpb_wrapper\">\n\t\t\t\n\t<div class=\"wpb_text_column wpb_content_element \">\n\t\t<div class=\"wpb_wrapper\">\n\t\t\t<h2 style=\"text-align: center;\">Un logiciel qui vous permettra de g\u00e9rer efficacement votre facturation<\/h2>\n<p>Notre module de facturation permet de collecter toutes les donn\u00e9es de nuit\u00e9es et de charges suppl\u00e9mentaires (ex.: repas et achats divers) qui sont attach\u00e9es aux r\u00e9servations et de les consolider dans des factures claires et pr\u00e9cises. Les r\u00e9servations ainsi que les factures rattach\u00e9es peuvent \u00eatre cat\u00e9goris\u00e9es par client, entrepreneur, projet, emplacement ou encore par d\u00e9partement.<\/p>\n<h3 class=\"H3\"><span lang=\"FR-CA\">Profitez d\u2019un outil de facturation flexible<\/span><\/h3>\n<p><strong><em>CampLogisti<span style=\"color: #f49c14;\">k<\/span>s<\/em><\/strong> offre une flexibilit\u00e9 totale en termes de tarification, notamment pour l\u2019<a href=\"http:\/\/camplogistiks.com\/fr\/camp-logistiks\/hebergement-entretien-menager\/\">h\u00e9bergement<\/a> et les charges additionnelles. En effet, vous aurez la latitude de d\u00e9finir diff\u00e9rentes cat\u00e9gories de chambres et diff\u00e9rents niveaux de prix par cat\u00e9gorie, par client, par contrat, etc.<\/p>\n<p>Vous aurez \u00e9galement la possibilit\u00e9 de g\u00e9rer vos charges suppl\u00e9mentaires (ex.: repas, \u00e9piceries, etc.) et leur attribuer un prix par campement.<\/p>\n<h3>Demeurez inform\u00e9 en tout temps<\/h3>\n<p>Par ailleurs, notre gestionnaire de transactions vous donne une vue pr\u00e9cise et en temps r\u00e9el de l\u2019\u00e9tat de chaque chambre quotidiennement. Vous pourrez ainsi d\u00e9tecter toutes les exceptions de fa\u00e7on rapide et visuelle, notamment les d\u00e9parts pr\u00e9matur\u00e9s et les \u00ab no show \u00bb puis de les corriger ou de les facturer en cons\u00e9quence.<\/p>\n<h3>Facilitez l\u2019archivage de vos donn\u00e9es et de vos factures<\/h3>\n<p>Le processus de facturation inclut un m\u00e9canisme d\u2019approbation et garantit une synchronisation compl\u00e8te avec les donn\u00e9es de la r\u00e9servation pour pr\u00e9server l\u2019int\u00e9grit\u00e9 des donn\u00e9es.<\/p>\n<p>Enfin, notre m\u00e9canisme de modification automatique permet de garder une trace de tous les changements qui affectent une r\u00e9servation ainsi que ses factures rattach\u00e9es.<\/p>\n<p>L\u2019ensemble de ces outils automatis\u00e9s et faciles \u00e0 utiliser vous garantissent un processus de facturation rapide et fiable et vous permettent de gagner beaucoup de temps et d\u2019argent.<\/p>\n\n\t\t<\/div> \n\t<\/div> \n\t\t<\/div> \n\t<\/div> \n<\/div><div class=\"vc_separator wpb_content_element vc_el_width_100\">\n\t<span class=\"vc_sep_holder vc_sep_holder_l\"><span class=\"vc_sep_line\"><\/span><\/span>\n\t\t<span class=\"vc_sep_holder vc_sep_holder_r\"><span class=\"vc_sep_line\"><\/span><\/span>\n<\/div>\n\n\n\t\t<\/div> \n\t<\/div> \n<\/div><div class=\"wpb_row vc_row-fluid\">\n\t<div class=\"vc_span12 wpb_column column_container\">\n\t\t<div class=\"wpb_wrapper\">\n\t\t\t<div class=\"highlightbox contenttable\"><div class=\"two_third\">\n<h2>Vous voulez en savoir plus sur notre module de gestion des factures?<\/h2>\n<p>Remplissez notre formulaire et il nous fera plaisir de vous contacter pour une pr\u00e9sentation de notre logiciel.<br \/>\n<\/div>\n<div class=\"one_third lastcolumn\">\n<div class=\" \" style=\"display:block;clear:both;height:20px\"><\/div><br \/>\n<a class=\"btn btn-warning margin5\" title=\"Request a DEMO\" href=\"http:\/\/camplogistiks.com\/?page_id=163\">Demander une d\u00e9mo<br \/>\n<\/a><a class=\"btn btn-warning margin5 right10\" title=\"Brochure\" href=\"http:\/\/camplogistiks.com\/wp-content\/uploads\/2015\/09\/Brochure_Infynia-CampLogistiks_FR.pdf\" target=\"_blank\" download=\"\">T\u00e9l\u00e9charger la brochure<\/a><\/p>\n<p><\/div><div class=\"clear\"><\/div><\/div><div class=\"clear\"><\/div>\n\t\t<\/div> \n\t<\/div> \n<\/div>\n","protected":false},"excerpt":{"rendered":"Vous \u00eates une entreprise qui construit et\/ou op\u00e8re des campements ferm\u00e9s ou ouverts que vous louez \u00e0 des clients miniers et p\u00e9troliers ? Vous h\u00e9bergez des travailleurs dans des sites industriels \u00e9loign\u00e9s et vous avez besoin d\u2019un logiciel pour g\u00e9rer vos campements et votre facturation de fa\u00e7on efficace ? CampLogistiks\u00a0est la solution indiqu\u00e9e pour votre ...","protected":false},"author":1001005,"featured_media":0,"parent":596,"menu_order":0,"comment_status":"closed","ping_status":"closed","template":"","meta":{"_monsterinsights_skip_tracking":false,"_monsterinsights_sitenote_active":false,"_monsterinsights_sitenote_note":"","_monsterinsights_sitenote_category":0,"footnotes":""},"class_list":["post-1634","page","type-page","status-publish","hentry"],"yoast_head":"<!-- This site is optimized with the Yoast SEO plugin v27.4 - https:\/\/yoast.com\/product\/yoast-seo-wordpress\/ -->\n<title>Module de facturation | Logiciel CampLogistiks<\/title>\n<meta name=\"description\" content=\"G\u00e9rez vos campements \u00e9loign\u00e9s et la facturation de vos clients miniers et p\u00e9troli\u00e8rs de fa\u00e7on efficace gr\u00e2ce \u00e0 CampLogistiks.\" \/>\n<meta name=\"robots\" content=\"index, follow, max-snippet:-1, max-image-preview:large, max-video-preview:-1\" \/>\n<link rel=\"canonical\" href=\"https:\/\/camplogistiks.com\/fr\/camp-logistiks\/facturation\/\" \/>\n<meta property=\"og:locale\" content=\"fr_FR\" \/>\n<meta property=\"og:type\" content=\"article\" \/>\n<meta property=\"og:title\" content=\"Module de facturation | Logiciel CampLogistiks\" \/>\n<meta property=\"og:description\" content=\"G\u00e9rez vos campements \u00e9loign\u00e9s et la facturation de vos clients miniers et p\u00e9troli\u00e8rs de fa\u00e7on efficace gr\u00e2ce \u00e0 CampLogistiks.\" \/>\n<meta property=\"og:url\" content=\"https:\/\/camplogistiks.com\/fr\/camp-logistiks\/facturation\/\" \/>\n<meta property=\"og:site_name\" content=\"Camp Logistiks\" \/>\n<meta property=\"article:modified_time\" content=\"2018-09-21T16:04:24+00:00\" \/>\n<meta name=\"twitter:label1\" content=\"Dur\u00e9e de lecture estim\u00e9e\" \/>\n\t<meta name=\"twitter:data1\" content=\"3 minutes\" \/>\n<script type=\"application\/ld+json\" class=\"yoast-schema-graph\">{\"@context\":\"https:\\\/\\\/schema.org\",\"@graph\":[{\"@type\":\"WebPage\",\"@id\":\"https:\\\/\\\/camplogistiks.com\\\/fr\\\/camp-logistiks\\\/facturation\\\/\",\"url\":\"https:\\\/\\\/camplogistiks.com\\\/fr\\\/camp-logistiks\\\/facturation\\\/\",\"name\":\"Module de facturation | Logiciel CampLogistiks\",\"isPartOf\":{\"@id\":\"https:\\\/\\\/camplogistiks.com\\\/#website\"},\"datePublished\":\"2018-08-31T17:05:44+00:00\",\"dateModified\":\"2018-09-21T16:04:24+00:00\",\"description\":\"G\u00e9rez vos campements \u00e9loign\u00e9s et la facturation de vos clients miniers et p\u00e9troli\u00e8rs de fa\u00e7on efficace gr\u00e2ce \u00e0 CampLogistiks.\",\"breadcrumb\":{\"@id\":\"https:\\\/\\\/camplogistiks.com\\\/fr\\\/camp-logistiks\\\/facturation\\\/#breadcrumb\"},\"inLanguage\":\"fr-FR\",\"potentialAction\":[{\"@type\":\"ReadAction\",\"target\":[\"https:\\\/\\\/camplogistiks.com\\\/fr\\\/camp-logistiks\\\/facturation\\\/\"]}]},{\"@type\":\"BreadcrumbList\",\"@id\":\"https:\\\/\\\/camplogistiks.com\\\/fr\\\/camp-logistiks\\\/facturation\\\/#breadcrumb\",\"itemListElement\":[{\"@type\":\"ListItem\",\"position\":1,\"name\":\"Accueil\",\"item\":\"https:\\\/\\\/camplogistiks.com\\\/fr\\\/\"},{\"@type\":\"ListItem\",\"position\":2,\"name\":\"CampLogistiks : Solution de gestion de camps \u00e9loign\u00e9s\",\"item\":\"https:\\\/\\\/camplogistiks.com\\\/fr\\\/camp-logistiks\\\/\"},{\"@type\":\"ListItem\",\"position\":3,\"name\":\"Module de facturation\"}]},{\"@type\":\"WebSite\",\"@id\":\"https:\\\/\\\/camplogistiks.com\\\/#website\",\"url\":\"https:\\\/\\\/camplogistiks.com\\\/\",\"name\":\"Camp Logistiks\",\"description\":\"Powered by Infynia\",\"potentialAction\":[{\"@type\":\"SearchAction\",\"target\":{\"@type\":\"EntryPoint\",\"urlTemplate\":\"https:\\\/\\\/camplogistiks.com\\\/?s={search_term_string}\"},\"query-input\":{\"@type\":\"PropertyValueSpecification\",\"valueRequired\":true,\"valueName\":\"search_term_string\"}}],\"inLanguage\":\"fr-FR\"}]}<\/script>\n<!-- \/ Yoast SEO plugin. -->","yoast_head_json":{"title":"Module de facturation | Logiciel CampLogistiks","description":"G\u00e9rez vos campements \u00e9loign\u00e9s et la facturation de vos clients miniers et p\u00e9troli\u00e8rs de fa\u00e7on efficace gr\u00e2ce \u00e0 CampLogistiks.","robots":{"index":"index","follow":"follow","max-snippet":"max-snippet:-1","max-image-preview":"max-image-preview:large","max-video-preview":"max-video-preview:-1"},"canonical":"https:\/\/camplogistiks.com\/fr\/camp-logistiks\/facturation\/","og_locale":"fr_FR","og_type":"article","og_title":"Module de facturation | Logiciel CampLogistiks","og_description":"G\u00e9rez vos campements \u00e9loign\u00e9s et la facturation de vos clients miniers et p\u00e9troli\u00e8rs de fa\u00e7on efficace gr\u00e2ce \u00e0 CampLogistiks.","og_url":"https:\/\/camplogistiks.com\/fr\/camp-logistiks\/facturation\/","og_site_name":"Camp Logistiks","article_modified_time":"2018-09-21T16:04:24+00:00","twitter_misc":{"Dur\u00e9e de lecture estim\u00e9e":"3 minutes"},"schema":{"@context":"https:\/\/schema.org","@graph":[{"@type":"WebPage","@id":"https:\/\/camplogistiks.com\/fr\/camp-logistiks\/facturation\/","url":"https:\/\/camplogistiks.com\/fr\/camp-logistiks\/facturation\/","name":"Module de facturation | Logiciel CampLogistiks","isPartOf":{"@id":"https:\/\/camplogistiks.com\/#website"},"datePublished":"2018-08-31T17:05:44+00:00","dateModified":"2018-09-21T16:04:24+00:00","description":"G\u00e9rez vos campements \u00e9loign\u00e9s et la facturation de vos clients miniers et p\u00e9troli\u00e8rs de fa\u00e7on efficace gr\u00e2ce \u00e0 CampLogistiks.","breadcrumb":{"@id":"https:\/\/camplogistiks.com\/fr\/camp-logistiks\/facturation\/#breadcrumb"},"inLanguage":"fr-FR","potentialAction":[{"@type":"ReadAction","target":["https:\/\/camplogistiks.com\/fr\/camp-logistiks\/facturation\/"]}]},{"@type":"BreadcrumbList","@id":"https:\/\/camplogistiks.com\/fr\/camp-logistiks\/facturation\/#breadcrumb","itemListElement":[{"@type":"ListItem","position":1,"name":"Accueil","item":"https:\/\/camplogistiks.com\/fr\/"},{"@type":"ListItem","position":2,"name":"CampLogistiks : Solution de gestion de camps \u00e9loign\u00e9s","item":"https:\/\/camplogistiks.com\/fr\/camp-logistiks\/"},{"@type":"ListItem","position":3,"name":"Module de facturation"}]},{"@type":"WebSite","@id":"https:\/\/camplogistiks.com\/#website","url":"https:\/\/camplogistiks.com\/","name":"Camp Logistiks","description":"Powered by Infynia","potentialAction":[{"@type":"SearchAction","target":{"@type":"EntryPoint","urlTemplate":"https:\/\/camplogistiks.com\/?s={search_term_string}"},"query-input":{"@type":"PropertyValueSpecification","valueRequired":true,"valueName":"search_term_string"}}],"inLanguage":"fr-FR"}]}},"featured_image_src":null,"featured_image_src_square":null,"_links":{"self":[{"href":"https:\/\/camplogistiks.com\/fr\/wp-json\/wp\/v2\/pages\/1634","targetHints":{"allow":["GET"]}}],"collection":[{"href":"https:\/\/camplogistiks.com\/fr\/wp-json\/wp\/v2\/pages"}],"about":[{"href":"https:\/\/camplogistiks.com\/fr\/wp-json\/wp\/v2\/types\/page"}],"author":[{"embeddable":true,"href":"https:\/\/camplogistiks.com\/fr\/wp-json\/wp\/v2\/users\/1001005"}],"replies":[{"embeddable":true,"href":"https:\/\/camplogistiks.com\/fr\/wp-json\/wp\/v2\/comments?post=1634"}],"version-history":[{"count":0,"href":"https:\/\/camplogistiks.com\/fr\/wp-json\/wp\/v2\/pages\/1634\/revisions"}],"up":[{"embeddable":true,"href":"https:\/\/camplogistiks.com\/fr\/wp-json\/wp\/v2\/pages\/596"}],"wp:attachment":[{"href":"https:\/\/camplogistiks.com\/fr\/wp-json\/wp\/v2\/media?parent=1634"}],"curies":[{"name":"wp","href":"https:\/\/api.w.org\/{rel}","templated":true}]}}