{"id":1629,"date":"2018-08-31T10:08:00","date_gmt":"2018-08-31T15:08:00","guid":{"rendered":"http:\/\/camplogistiks.com\/fr\/?page_id=1629"},"modified":"2018-09-21T15:28:43","modified_gmt":"2018-09-21T20:28:43","slug":"gestion-contrats-clients","status":"publish","type":"page","link":"https:\/\/camplogistiks.com\/fr\/camp-logistiks\/gestion-contrats-clients\/","title":{"rendered":"Module de gestion des contrats et des clients"},"content":{"rendered":"<div class=\"wpb_row vc_row-fluid\">\n\t<div class=\"vc_span12 wpb_column column_container\">\n\t\t<div class=\"wpb_wrapper\">\n\t\t\t\n\t<div class=\"wpb_text_column wpb_content_element \">\n\t\t<div class=\"wpb_wrapper\">\n\t\t\t<p>Le <a href=\"http:\/\/camplogistiks.com\/fr\/camp-logistiks\/\">logiciel <strong><em>CampLogisti<span style=\"color: #f49c14;\">k<\/span>s<\/em><\/strong><\/a> offre des fonctionnalit\u00e9s flexibles et \u00e9volu\u00e9es pour vous aider \u00e0 g\u00e9rer vos clients et vos contrats de fa\u00e7on simple et efficace. C\u2019est un atout non n\u00e9gligeable pour les gestionnaires de campements \u00e9loign\u00e9s, pour vos \u00e9quipes de vente et de finances.<\/p>\n\n\t\t<\/div> \n\t<\/div> <div class=\"highlightbox contenttable\"><div class=\"two_third\">\n<h2>D\u00e9couvrez le logiciel CampLogistiks<\/h2>\n<p>Obtenez une d\u00e9monstration gratuite de notre module de gestion des employ\u00e9s<br \/>\n<\/div>\n<div class=\"one_third lastcolumn\">\n<div class=\" \" style=\"display:block;clear:both;height:10px\"><\/div><br \/>\n<a class=\"btn btn-warning btnposright margin5\" title=\"Request a DEMO\" href=\"http:\/\/camplogistiks.com\/fr\/demonstration\">D\u00e9monstration gratuite<br \/>\n<\/a><\/p>\n<p><\/div><div class=\"clear\"><\/div><\/div><div class=\"clear\"><\/div><div class=\"vc_separator wpb_content_element vc_el_width_100\">\n\t<span class=\"vc_sep_holder vc_sep_holder_l\"><span class=\"vc_sep_line\"><\/span><\/span>\n\t\t<span class=\"vc_sep_holder vc_sep_holder_r\"><span class=\"vc_sep_line\"><\/span><\/span>\n<\/div>\n\n<div class=\"wpb_row vc_row-fluid\">\n\t<div class=\"vc_span12 wpb_column column_container\">\n\t\t<div class=\"wpb_wrapper\">\n\t\t\t\n\t<div class=\"wpb_text_column wpb_content_element \">\n\t\t<div class=\"wpb_wrapper\">\n\t\t\t<h2 style=\"text-align: center;\">Gestion des clients<\/h2>\n<p>La fonctionnalit\u00e9 gestion des clients vous permet notamment de cr\u00e9er des fiches clients et de les associer \u00e0 un ou plusieurs campements, d\u2019attacher une ou plusieurs variables en ce qui trait \u00e0 la facturation par client :<\/p>\n<ul>\n<li>Projets<\/li>\n<li>D\u00e9partements<\/li>\n<li>Emplacements<\/li>\n<li>Centres de co\u00fbt<\/li>\n<li>Num\u00e9ros de bons de commande<\/li>\n<\/ul>\n<h3>Profitez d\u2019un outil flexible<\/h3>\n<p>Ce module permet \u00e9galement de d\u00e9finir la tarification des nuit\u00e9es pour chaque client. Il vous donne la flexibilit\u00e9 de param\u00e9trer certains modes d\u2019op\u00e9ration que vous pouvez avoir n\u00e9goci\u00e9s avec vos clients, tels que la gestion des m\u00e9nages ou encore le nombre de repas autoris\u00e9s par jour.<br \/>\nUne fois ces param\u00e8tres configur\u00e9s correctement, le syst\u00e8me agira en cons\u00e9quence pour vous aider \u00e0 respecter vos ententes contractuelles et \u00e0 r\u00e9pondre aux besoins \u00e9volutifs de vos clients.<\/p>\n<h3>Organisez clairement vos donn\u00e9es sur vos clients<\/h3>\n<p>Lors de la d\u00e9sactivation d\u2019un client, le syst\u00e8me garde l\u2019historique de toutes les transactions qui y sont rattach\u00e9es, mais d\u00e9sactive les variables de facturation et toute autre donn\u00e9e de param\u00e9trage sp\u00e9cifique \u00e0 ce client, en vue de vous offrir une vue \u00e9pur\u00e9e qui ne pr\u00e9sente que les donn\u00e9es actives du syst\u00e8me.<\/p>\n\n\t\t<\/div> \n\t<\/div> <div class=\"vc_separator wpb_content_element vc_el_width_100 vc_sep_color_grey\">\n\t<span class=\"vc_sep_holder vc_sep_holder_l\"><span class=\"vc_sep_line\"><\/span><\/span>\n\t\t<span class=\"vc_sep_holder vc_sep_holder_r\"><span class=\"vc_sep_line\"><\/span><\/span>\n<\/div>\n\n\n\t\t<\/div> \n\t<\/div> \n<\/div>\n\t<div class=\"wpb_text_column wpb_content_element \">\n\t\t<div class=\"wpb_wrapper\">\n\t\t\t<h2 style=\"text-align: center;\">Gestion des contrats<\/h2>\n<p>Ce module vous permet de g\u00e9rer les contrats que vous pourriez avoir sign\u00e9s avec certains de vos clients sur certains sites. Vous pourrez alors d\u00e9finir la dur\u00e9e d\u2019un contrat, ainsi que les tarifs par nuit\u00e9e pour les chambres allou\u00e9es, les chambres r\u00e9serv\u00e9es et les chambres occup\u00e9es.<\/p>\n<h3>Faites le suivi des contrats en temps r\u00e9el<\/h3>\n<p>Vous pouvez \u00e9galement utiliser le contrat pour allouer un certain nombre de chambres \u00e0 un client donn\u00e9 et le facturer \u00e0 un tarif diff\u00e9rent pour ces chambres. <a href=\"http:\/\/camplogistiks.com\/fr\/camp-logistiks\/rapports-statistiques\/\">Nos rapports<\/a> vous permettent d\u2019effectuer un suivi en temps r\u00e9el des chambres allou\u00e9es, r\u00e9serv\u00e9es ou occup\u00e9es, par client et par p\u00e9riode.<\/p>\n<h3>G\u00e9n\u00e9rez vos factures ais\u00e9ment<\/h3>\n<p>Chaque r\u00e9servation cr\u00e9\u00e9e dans <strong><em>CampLogisti<span style=\"color: #f49c14;\">k<\/span>s<\/em><\/strong> peut \u00eatre attach\u00e9e \u00e0 un client et\/ou \u00e0 un contrat. Vous aurez alors la latitude de d\u00e9finir le tarif applicable pour les nuit\u00e9es de cette r\u00e9servation, soit les tarifs de base de la chambre, ou bien les tarifs du client ou encore ceux qui sont d\u00e9finis \u00e0 l\u2019\u00e9chelle du contrat. Le module de facturation utilisera ces donn\u00e9es pour vous g\u00e9n\u00e9rer les factures en cons\u00e9quence.<\/p>\n\n\t\t<\/div> \n\t<\/div> <div class=\"vc_separator wpb_content_element vc_el_width_100\">\n\t<span class=\"vc_sep_holder vc_sep_holder_l\"><span class=\"vc_sep_line\"><\/span><\/span>\n\t\t<span class=\"vc_sep_holder vc_sep_holder_r\"><span class=\"vc_sep_line\"><\/span><\/span>\n<\/div>\n\n\n\t\t<\/div> \n\t<\/div> \n<\/div><div class=\"wpb_row vc_row-fluid\">\n\t<div class=\"vc_span12 wpb_column column_container\">\n\t\t<div class=\"wpb_wrapper\">\n\t\t\t<div class=\"highlightbox contenttable\"><div class=\"two_third\">\n<h2>Vous voulez en savoir plus sur notre module de gestion des contrats et des clients?<\/h2>\n<p>Remplissez notre formulaire et il nous fera plaisir de vous contacter pour une pr\u00e9sentation de notre logiciel.<br \/>\n<\/div>\n<div class=\"one_third lastcolumn\">\n<div class=\" \" style=\"display:block;clear:both;height:20px\"><\/div><br \/>\n<a class=\"btn btn-warning margin5\" title=\"Request a DEMO\" href=\"http:\/\/camplogistiks.com\/?page_id=163\">Demander une d\u00e9mo<br \/>\n<\/a><a class=\"btn btn-warning margin5 right10\" title=\"Brochure\" href=\"http:\/\/camplogistiks.com\/wp-content\/uploads\/2015\/09\/Brochure_Infynia-CampLogistiks_FR.pdf\" target=\"_blank\" download=\"\">T\u00e9l\u00e9charger la brochure<\/a><\/p>\n<p><\/div><div class=\"clear\"><\/div><\/div><div class=\"clear\"><\/div>\n\t\t<\/div> \n\t<\/div> \n<\/div>\n","protected":false},"excerpt":{"rendered":"Le logiciel CampLogistiks offre des fonctionnalit\u00e9s flexibles et \u00e9volu\u00e9es pour vous aider \u00e0 g\u00e9rer vos clients et vos contrats de fa\u00e7on simple et efficace. C\u2019est un atout non n\u00e9gligeable pour les gestionnaires de campements \u00e9loign\u00e9s, pour vos \u00e9quipes de vente et de finances. D\u00e9couvrez le logiciel CampLogistiks Obtenez une d\u00e9monstration gratuite de notre module de ...","protected":false},"author":1001005,"featured_media":0,"parent":596,"menu_order":0,"comment_status":"closed","ping_status":"closed","template":"","meta":{"_monsterinsights_skip_tracking":false,"_monsterinsights_sitenote_active":false,"_monsterinsights_sitenote_note":"","_monsterinsights_sitenote_category":0,"footnotes":""},"class_list":["post-1629","page","type-page","status-publish","hentry"],"yoast_head":"<!-- This site is optimized with the Yoast SEO plugin v27.3 - https:\/\/yoast.com\/product\/yoast-seo-wordpress\/ -->\n<title>Module de gestion des contrats et des clients | Logiciel CampLogistiks<\/title>\n<meta name=\"description\" content=\"Vous \u00eates responsables de la gestion de campements \u00e9loign\u00e9s pour des entreprises mini\u00e8res ou p\u00e9troli\u00e8res ? Vous cherchez un logiciel pour vous aider la gestion de vos contrats et de vos clients ? CampLogistiks est la solution qu&#039;il vous faut.\" \/>\n<meta name=\"robots\" content=\"index, follow, max-snippet:-1, max-image-preview:large, max-video-preview:-1\" \/>\n<link rel=\"canonical\" href=\"https:\/\/camplogistiks.com\/fr\/camp-logistiks\/gestion-contrats-clients\/\" \/>\n<meta property=\"og:locale\" content=\"fr_FR\" \/>\n<meta property=\"og:type\" content=\"article\" \/>\n<meta property=\"og:title\" content=\"Module de gestion des contrats et des clients | Logiciel CampLogistiks\" \/>\n<meta property=\"og:description\" content=\"Vous \u00eates responsables de la gestion de campements \u00e9loign\u00e9s pour des entreprises mini\u00e8res ou p\u00e9troli\u00e8res ? Vous cherchez un logiciel pour vous aider la gestion de vos contrats et de vos clients ? CampLogistiks est la solution qu&#039;il vous faut.\" \/>\n<meta property=\"og:url\" content=\"https:\/\/camplogistiks.com\/fr\/camp-logistiks\/gestion-contrats-clients\/\" \/>\n<meta property=\"og:site_name\" content=\"Camp Logistiks\" \/>\n<meta property=\"article:modified_time\" content=\"2018-09-21T20:28:43+00:00\" \/>\n<meta name=\"twitter:label1\" content=\"Dur\u00e9e de lecture estim\u00e9e\" \/>\n\t<meta name=\"twitter:data1\" content=\"3 minutes\" \/>\n<script type=\"application\/ld+json\" class=\"yoast-schema-graph\">{\"@context\":\"https:\\\/\\\/schema.org\",\"@graph\":[{\"@type\":\"WebPage\",\"@id\":\"https:\\\/\\\/camplogistiks.com\\\/fr\\\/camp-logistiks\\\/gestion-contrats-clients\\\/\",\"url\":\"https:\\\/\\\/camplogistiks.com\\\/fr\\\/camp-logistiks\\\/gestion-contrats-clients\\\/\",\"name\":\"Module de gestion des contrats et des clients | Logiciel CampLogistiks\",\"isPartOf\":{\"@id\":\"https:\\\/\\\/camplogistiks.com\\\/#website\"},\"datePublished\":\"2018-08-31T15:08:00+00:00\",\"dateModified\":\"2018-09-21T20:28:43+00:00\",\"description\":\"Vous \u00eates responsables de la gestion de campements \u00e9loign\u00e9s pour des entreprises mini\u00e8res ou p\u00e9troli\u00e8res ? Vous cherchez un logiciel pour vous aider la gestion de vos contrats et de vos clients ? CampLogistiks est la solution qu'il vous faut.\",\"breadcrumb\":{\"@id\":\"https:\\\/\\\/camplogistiks.com\\\/fr\\\/camp-logistiks\\\/gestion-contrats-clients\\\/#breadcrumb\"},\"inLanguage\":\"fr-FR\",\"potentialAction\":[{\"@type\":\"ReadAction\",\"target\":[\"https:\\\/\\\/camplogistiks.com\\\/fr\\\/camp-logistiks\\\/gestion-contrats-clients\\\/\"]}]},{\"@type\":\"BreadcrumbList\",\"@id\":\"https:\\\/\\\/camplogistiks.com\\\/fr\\\/camp-logistiks\\\/gestion-contrats-clients\\\/#breadcrumb\",\"itemListElement\":[{\"@type\":\"ListItem\",\"position\":1,\"name\":\"Accueil\",\"item\":\"https:\\\/\\\/camplogistiks.com\\\/fr\\\/\"},{\"@type\":\"ListItem\",\"position\":2,\"name\":\"CampLogistiks : Solution de gestion de camps \u00e9loign\u00e9s\",\"item\":\"https:\\\/\\\/camplogistiks.com\\\/fr\\\/camp-logistiks\\\/\"},{\"@type\":\"ListItem\",\"position\":3,\"name\":\"Module de gestion des contrats et des clients\"}]},{\"@type\":\"WebSite\",\"@id\":\"https:\\\/\\\/camplogistiks.com\\\/#website\",\"url\":\"https:\\\/\\\/camplogistiks.com\\\/\",\"name\":\"Camp Logistiks\",\"description\":\"Powered by Infynia\",\"potentialAction\":[{\"@type\":\"SearchAction\",\"target\":{\"@type\":\"EntryPoint\",\"urlTemplate\":\"https:\\\/\\\/camplogistiks.com\\\/?s={search_term_string}\"},\"query-input\":{\"@type\":\"PropertyValueSpecification\",\"valueRequired\":true,\"valueName\":\"search_term_string\"}}],\"inLanguage\":\"fr-FR\"}]}<\/script>\n<!-- \/ Yoast SEO plugin. -->","yoast_head_json":{"title":"Module de gestion des contrats et des clients | Logiciel CampLogistiks","description":"Vous \u00eates responsables de la gestion de campements \u00e9loign\u00e9s pour des entreprises mini\u00e8res ou p\u00e9troli\u00e8res ? Vous cherchez un logiciel pour vous aider la gestion de vos contrats et de vos clients ? CampLogistiks est la solution qu'il vous faut.","robots":{"index":"index","follow":"follow","max-snippet":"max-snippet:-1","max-image-preview":"max-image-preview:large","max-video-preview":"max-video-preview:-1"},"canonical":"https:\/\/camplogistiks.com\/fr\/camp-logistiks\/gestion-contrats-clients\/","og_locale":"fr_FR","og_type":"article","og_title":"Module de gestion des contrats et des clients | Logiciel CampLogistiks","og_description":"Vous \u00eates responsables de la gestion de campements \u00e9loign\u00e9s pour des entreprises mini\u00e8res ou p\u00e9troli\u00e8res ? Vous cherchez un logiciel pour vous aider la gestion de vos contrats et de vos clients ? CampLogistiks est la solution qu'il vous faut.","og_url":"https:\/\/camplogistiks.com\/fr\/camp-logistiks\/gestion-contrats-clients\/","og_site_name":"Camp Logistiks","article_modified_time":"2018-09-21T20:28:43+00:00","twitter_misc":{"Dur\u00e9e de lecture estim\u00e9e":"3 minutes"},"schema":{"@context":"https:\/\/schema.org","@graph":[{"@type":"WebPage","@id":"https:\/\/camplogistiks.com\/fr\/camp-logistiks\/gestion-contrats-clients\/","url":"https:\/\/camplogistiks.com\/fr\/camp-logistiks\/gestion-contrats-clients\/","name":"Module de gestion des contrats et des clients | Logiciel CampLogistiks","isPartOf":{"@id":"https:\/\/camplogistiks.com\/#website"},"datePublished":"2018-08-31T15:08:00+00:00","dateModified":"2018-09-21T20:28:43+00:00","description":"Vous \u00eates responsables de la gestion de campements \u00e9loign\u00e9s pour des entreprises mini\u00e8res ou p\u00e9troli\u00e8res ? Vous cherchez un logiciel pour vous aider la gestion de vos contrats et de vos clients ? CampLogistiks est la solution qu'il vous faut.","breadcrumb":{"@id":"https:\/\/camplogistiks.com\/fr\/camp-logistiks\/gestion-contrats-clients\/#breadcrumb"},"inLanguage":"fr-FR","potentialAction":[{"@type":"ReadAction","target":["https:\/\/camplogistiks.com\/fr\/camp-logistiks\/gestion-contrats-clients\/"]}]},{"@type":"BreadcrumbList","@id":"https:\/\/camplogistiks.com\/fr\/camp-logistiks\/gestion-contrats-clients\/#breadcrumb","itemListElement":[{"@type":"ListItem","position":1,"name":"Accueil","item":"https:\/\/camplogistiks.com\/fr\/"},{"@type":"ListItem","position":2,"name":"CampLogistiks : Solution de gestion de camps \u00e9loign\u00e9s","item":"https:\/\/camplogistiks.com\/fr\/camp-logistiks\/"},{"@type":"ListItem","position":3,"name":"Module de gestion des contrats et des clients"}]},{"@type":"WebSite","@id":"https:\/\/camplogistiks.com\/#website","url":"https:\/\/camplogistiks.com\/","name":"Camp Logistiks","description":"Powered by Infynia","potentialAction":[{"@type":"SearchAction","target":{"@type":"EntryPoint","urlTemplate":"https:\/\/camplogistiks.com\/?s={search_term_string}"},"query-input":{"@type":"PropertyValueSpecification","valueRequired":true,"valueName":"search_term_string"}}],"inLanguage":"fr-FR"}]}},"featured_image_src":null,"featured_image_src_square":null,"_links":{"self":[{"href":"https:\/\/camplogistiks.com\/fr\/wp-json\/wp\/v2\/pages\/1629","targetHints":{"allow":["GET"]}}],"collection":[{"href":"https:\/\/camplogistiks.com\/fr\/wp-json\/wp\/v2\/pages"}],"about":[{"href":"https:\/\/camplogistiks.com\/fr\/wp-json\/wp\/v2\/types\/page"}],"author":[{"embeddable":true,"href":"https:\/\/camplogistiks.com\/fr\/wp-json\/wp\/v2\/users\/1001005"}],"replies":[{"embeddable":true,"href":"https:\/\/camplogistiks.com\/fr\/wp-json\/wp\/v2\/comments?post=1629"}],"version-history":[{"count":0,"href":"https:\/\/camplogistiks.com\/fr\/wp-json\/wp\/v2\/pages\/1629\/revisions"}],"up":[{"embeddable":true,"href":"https:\/\/camplogistiks.com\/fr\/wp-json\/wp\/v2\/pages\/596"}],"wp:attachment":[{"href":"https:\/\/camplogistiks.com\/fr\/wp-json\/wp\/v2\/media?parent=1629"}],"curies":[{"name":"wp","href":"https:\/\/api.w.org\/{rel}","templated":true}]}}