{"id":1736,"date":"2018-09-21T10:03:52","date_gmt":"2018-09-21T15:03:52","guid":{"rendered":"http:\/\/camplogistiks.com\/es\/?page_id=1736"},"modified":"2018-09-21T10:03:52","modified_gmt":"2018-09-21T15:03:52","slug":"gestion-contratos-clientes","status":"publish","type":"page","link":"https:\/\/camplogistiks.com\/es\/camp-logistiks\/gestion-contratos-clientes\/","title":{"rendered":"M\u00f3dulo de gesti\u00f3n de contratos y clientes"},"content":{"rendered":"<div class=\"wpb_row vc_row-fluid\">\n\t<div class=\"vc_span12 wpb_column column_container\">\n\t\t<div class=\"wpb_wrapper\">\n\t\t\t\n\t<div class=\"wpb_text_column wpb_content_element \">\n\t\t<div class=\"wpb_wrapper\">\n\t\t\t<p><a href=\"http:\/\/camplogistiks.com\/es\/camp-logistiks\/\"><strong><em>CampLogisti<span style=\"color: #f49c14;\">k<\/span>s<\/em><\/strong><\/a> es un programa f\u00e1cil y simple. Le ofrece funcionalidades flexibles y avanzadas para ayudarle a gestionar eficazmente, a sus clientes y contratos.<br \/>\n<strong><em>CampLogisti<span style=\"color: #f49c14;\">k<\/span>s<\/em><\/strong> le ser\u00e1 de gran utilidad y aportar\u00e1 un plus especial a los encargados de campamentos lejanos y a sus equipos de venta y finanzas. <\/p>\n\n\t\t<\/div> \n\t<\/div> <div class=\"highlightbox contenttable\"><div class=\"two_third\">\n<h2>Descubra CampLogistiks<\/h2>\n<p>Obtenga una demostraci\u00f3n gratuita de nuestro m\u00f3dulo de gesti\u00f3n de contratos y clientes<br \/>\n<\/div>\n<div class=\"one_third lastcolumn\">\n<div class=\" \" style=\"display:block;clear:both;height:10px\"><\/div><br \/>\n<a class=\"btn btn-warning btnposright margin5\" title=\"demo\" href=\"http:\/\/camplogistiks.com\/es\/solicitar-una-demostracion\/\">Demostraci\u00f3n gratuita<br \/>\n<\/a><\/p>\n<p><\/div><div class=\"clear\"><\/div><\/div><div class=\"clear\"><\/div><div class=\"vc_separator wpb_content_element vc_el_width_100\">\n\t<span class=\"vc_sep_holder vc_sep_holder_l\"><span class=\"vc_sep_line\"><\/span><\/span>\n\t\t<span class=\"vc_sep_holder vc_sep_holder_r\"><span class=\"vc_sep_line\"><\/span><\/span>\n<\/div>\n\n<div class=\"wpb_row vc_row-fluid\">\n\t<div class=\"vc_span12 wpb_column column_container\">\n\t\t<div class=\"wpb_wrapper\">\n\t\t\t\n\t<div class=\"wpb_text_column wpb_content_element \">\n\t\t<div class=\"wpb_wrapper\">\n\t\t\t<h2 style=\"text-align: center;\">Gesti\u00f3n de clientes<\/h2>\n<p>La funcionalidad \u00abgesti\u00f3n de clientes\u00bb le da la posibilidad de crear fichas clientes y poder asociarlas a uno o a varios campamentos, acoplar una o m\u00e1s variables para la facturaci\u00f3n por cliente:<\/p>\n<ul>\n<li>Proyectos<\/li>\n<li>Departamentos<\/li>\n<li>Localizaci\u00f3n<\/li>\n<li>Centros de coste<\/li>\n<li>N\u00fameros de pedidos<\/li>\n<\/ul>\n<h3>Aproveche de una herramienta flexible<\/h3>\n<p>Este m\u00f3dulo le permite, tambi\u00e9n, fijar el precio de la estancia por noche para cada cliente. Le ofrece una flexibilidad que le ayuda a configurar algunos modos de operaci\u00f3n que Usted haya negociado con sus clientes como la gesti\u00f3n dom\u00e9stica o tambi\u00e9n el m\u00e1ximo de comidas diarias permitidas.<br \/>\nUna vez terminada la configuraci\u00f3n de los par\u00e1metros, el sistema actuar\u00e1 en consecuencia para ayudarle a respetar los acuerdos contractuales y satisfacer las necesidades y las demandas de sus clientes que ser\u00e1n siempre en constate evoluci\u00f3n.<\/p>\n<h3>Elabore una organizaci\u00f3n clara de los datos relativos a sus clientes<\/h3>\n<p>Cuando se desactiva a un cliente, el sistema conserva el historial de todas las transacciones relativas a este cliente pero desactiva las variables de facturaci\u00f3n y todos los datos de parametrizaci\u00f3n vinculadas al cliente a fin de ofrecerle a usted, una vista de lectura que s\u00f3lo presenta los datos activos del sistema.<\/p>\n\n\t\t<\/div> \n\t<\/div> <div class=\"vc_separator wpb_content_element vc_el_width_100 vc_sep_color_grey\">\n\t<span class=\"vc_sep_holder vc_sep_holder_l\"><span class=\"vc_sep_line\"><\/span><\/span>\n\t\t<span class=\"vc_sep_holder vc_sep_holder_r\"><span class=\"vc_sep_line\"><\/span><\/span>\n<\/div>\n\n\n\t\t<\/div> \n\t<\/div> \n<\/div>\n\t<div class=\"wpb_text_column wpb_content_element \">\n\t\t<div class=\"wpb_wrapper\">\n\t\t\t<h2 style=\"text-align: center;\">Gesti\u00f3n de contratos<\/h2>\n<p>Este m\u00f3dulo le permite administrar los contratos concertados con clientes en algunos sitios. Podr\u00e1, pues, determinar la duraci\u00f3n del contrato, el precio de la estancia por noche, para las habitaciones atribuidas, las habitaciones reservadas y las ocupadas.<\/p>\n<h3>Supervise los contratos en tiempo real<\/h3>\n<p>Tiene, tambi\u00e9n, la posibilidad de utilizar el contrato para atribuir un determinado n\u00famero de habitaciones a un cliente concreto y cobrarle, por estas habitaciones, un precio diferente. Nuestros <a href=\"http:\/\/camplogistiks.com\/es\/camp-logistiks\/reportes-y-estadisticas\/\">lazos<\/a> le permiten supervisar en tiempo real, las habitaciones atribuidas, reservadas u ocupadas por cliente y por per\u00edodo.<\/p>\n<h3>Gestione sus facturas con mucha facilidad<\/h3>\n<p>Cada reserva creada en <strong><em>CampLogisti<span style=\"color: #f49c14;\">k<\/span>s<\/em><\/strong> puede ser acoplada a un cliente o\/y a un contrato. As\u00ed, podr\u00e1 fijar, para esta reserva, la tarifa aplicable a la estancia por noche; o bien las tarifas base de la habitaci\u00f3n, o bien las tarifas del cliente o pueden ser tambi\u00e9n las tarifas acordadas en el contrato.<\/p>\n\n\t\t<\/div> \n\t<\/div> <div class=\"vc_separator wpb_content_element vc_el_width_100\">\n\t<span class=\"vc_sep_holder vc_sep_holder_l\"><span class=\"vc_sep_line\"><\/span><\/span>\n\t\t<span class=\"vc_sep_holder vc_sep_holder_r\"><span class=\"vc_sep_line\"><\/span><\/span>\n<\/div>\n\n\n\t\t<\/div> \n\t<\/div> \n<\/div><div class=\"wpb_row vc_row-fluid\">\n\t<div class=\"vc_span12 wpb_column column_container\">\n\t\t<div class=\"wpb_wrapper\">\n\t\t\t<div class=\"highlightbox contenttable\"><div class=\"two_third\">\n<h2>\u00bfDesee m\u00e1s informaci\u00f3n sobre nuestro m\u00f3dulo de gesti\u00f3n de contratos y clientes?<\/h2>\n<p>Rellene nuestro formulario; estaremos encantados de contactar con usted para presentarle nuestro software<br \/>\n<\/div>\n<div class=\"one_third lastcolumn\">\n<div class=\" \" style=\"display:block;clear:both;height:20px\"><\/div><br \/>\n<a class=\"btn btn-warning margin5\" title=\"Pida una demostracion\" href=\"http:\/\/camplogistiks.com\/es\/solicitar-una-demostracion\/\">Pida una demostracion<br \/>\n<\/a><a class=\"btn btn-warning margin5 right10\" title=\"Folleto\" href=\"http:\/\/camplogistiks.com\/wp-content\/uploads\/2015\/12\/Flyer_Camp-Logistiks_FINAL_ES.pdf\" target=\"_blank\" download=\"\">Descargue el folleto<\/a><\/p>\n<p><\/div><div class=\"clear\"><\/div><\/div><div class=\"clear\"><\/div>\n\t\t<\/div> \n\t<\/div> \n<\/div>\n","protected":false},"excerpt":{"rendered":"CampLogistiks es un programa f\u00e1cil y simple. Le ofrece funcionalidades flexibles y avanzadas para ayudarle a gestionar eficazmente, a sus clientes y contratos. CampLogistiks le ser\u00e1 de gran utilidad y aportar\u00e1 un plus especial a los encargados de campamentos lejanos y a sus equipos de venta y finanzas. Descubra CampLogistiks Obtenga una demostraci\u00f3n gratuita de ...","protected":false},"author":1001005,"featured_media":0,"parent":1298,"menu_order":0,"comment_status":"closed","ping_status":"closed","template":"","meta":{"_monsterinsights_skip_tracking":false,"_monsterinsights_sitenote_active":false,"_monsterinsights_sitenote_note":"","_monsterinsights_sitenote_category":0,"footnotes":""},"class_list":["post-1736","page","type-page","status-publish","hentry"],"yoast_head":"<!-- This site is optimized with the Yoast SEO plugin v27.5 - https:\/\/yoast.com\/product\/yoast-seo-wordpress\/ -->\n<title>M\u00f3dulo de gesti\u00f3n de contratos y clientes | Software CampLogistiks<\/title>\n<meta name=\"description\" content=\"\u00bfEs Usted\u00a0 encargado de la gesti\u00f3n de campamentos? \u00bfEs Usted responsable de la gesti\u00f3n de campamentos \u00a0lejanos para compa\u00f1\u00edas mineras o petroleras? \u00a0\u00bfEst\u00e1 buscando Usted un Software que le ayude en la gesti\u00f3n de sus contratos y clientes? \u00a0CampLogistiks es la soluci\u00f3n.\u00a0\" \/>\n<meta name=\"robots\" content=\"index, follow, max-snippet:-1, max-image-preview:large, max-video-preview:-1\" \/>\n<link rel=\"canonical\" href=\"https:\/\/camplogistiks.com\/es\/camp-logistiks\/gestion-contratos-clientes\/\" \/>\n<meta property=\"og:locale\" content=\"es_ES\" \/>\n<meta property=\"og:type\" content=\"article\" \/>\n<meta property=\"og:title\" content=\"M\u00f3dulo de gesti\u00f3n de contratos y clientes | Software CampLogistiks\" \/>\n<meta property=\"og:description\" content=\"\u00bfEs Usted\u00a0 encargado de la gesti\u00f3n de campamentos? \u00bfEs Usted responsable de la gesti\u00f3n de campamentos \u00a0lejanos para compa\u00f1\u00edas mineras o petroleras? \u00a0\u00bfEst\u00e1 buscando Usted un Software que le ayude en la gesti\u00f3n de sus contratos y clientes? \u00a0CampLogistiks es la soluci\u00f3n.\u00a0\" \/>\n<meta property=\"og:url\" content=\"https:\/\/camplogistiks.com\/es\/camp-logistiks\/gestion-contratos-clientes\/\" \/>\n<meta property=\"og:site_name\" content=\"Camp Logistiks\" \/>\n<meta name=\"twitter:label1\" content=\"Tiempo de lectura\" \/>\n\t<meta name=\"twitter:data1\" content=\"3 minutos\" \/>\n<script type=\"application\/ld+json\" class=\"yoast-schema-graph\">{\"@context\":\"https:\\\/\\\/schema.org\",\"@graph\":[{\"@type\":\"WebPage\",\"@id\":\"https:\\\/\\\/camplogistiks.com\\\/es\\\/camp-logistiks\\\/gestion-contratos-clientes\\\/\",\"url\":\"https:\\\/\\\/camplogistiks.com\\\/es\\\/camp-logistiks\\\/gestion-contratos-clientes\\\/\",\"name\":\"M\u00f3dulo de gesti\u00f3n de contratos y clientes | Software CampLogistiks\",\"isPartOf\":{\"@id\":\"https:\\\/\\\/camplogistiks.com\\\/#website\"},\"datePublished\":\"2018-09-21T15:03:52+00:00\",\"description\":\"\u00bfEs Usted\u00a0 encargado de la gesti\u00f3n de campamentos? \u00bfEs Usted responsable de la gesti\u00f3n de campamentos \u00a0lejanos para compa\u00f1\u00edas mineras o petroleras? \u00a0\u00bfEst\u00e1 buscando Usted un Software que le ayude en la gesti\u00f3n de sus contratos y clientes? \u00a0CampLogistiks es la soluci\u00f3n.\u00a0\",\"breadcrumb\":{\"@id\":\"https:\\\/\\\/camplogistiks.com\\\/es\\\/camp-logistiks\\\/gestion-contratos-clientes\\\/#breadcrumb\"},\"inLanguage\":\"es\",\"potentialAction\":[{\"@type\":\"ReadAction\",\"target\":[\"https:\\\/\\\/camplogistiks.com\\\/es\\\/camp-logistiks\\\/gestion-contratos-clientes\\\/\"]}]},{\"@type\":\"BreadcrumbList\",\"@id\":\"https:\\\/\\\/camplogistiks.com\\\/es\\\/camp-logistiks\\\/gestion-contratos-clientes\\\/#breadcrumb\",\"itemListElement\":[{\"@type\":\"ListItem\",\"position\":1,\"name\":\"Portada\",\"item\":\"https:\\\/\\\/camplogistiks.com\\\/es\\\/\"},{\"@type\":\"ListItem\",\"position\":2,\"name\":\"CampLogistiks Sinopsis\",\"item\":\"https:\\\/\\\/camplogistiks.com\\\/es\\\/camp-logistiks\\\/\"},{\"@type\":\"ListItem\",\"position\":3,\"name\":\"M\u00f3dulo de gesti\u00f3n de contratos y clientes\"}]},{\"@type\":\"WebSite\",\"@id\":\"https:\\\/\\\/camplogistiks.com\\\/#website\",\"url\":\"https:\\\/\\\/camplogistiks.com\\\/\",\"name\":\"Camp Logistiks\",\"description\":\"Powered by Infynia\",\"potentialAction\":[{\"@type\":\"SearchAction\",\"target\":{\"@type\":\"EntryPoint\",\"urlTemplate\":\"https:\\\/\\\/camplogistiks.com\\\/?s={search_term_string}\"},\"query-input\":{\"@type\":\"PropertyValueSpecification\",\"valueRequired\":true,\"valueName\":\"search_term_string\"}}],\"inLanguage\":\"es\"}]}<\/script>\n<!-- \/ Yoast SEO plugin. -->","yoast_head_json":{"title":"M\u00f3dulo de gesti\u00f3n de contratos y clientes | Software CampLogistiks","description":"\u00bfEs Usted\u00a0 encargado de la gesti\u00f3n de campamentos? \u00bfEs Usted responsable de la gesti\u00f3n de campamentos \u00a0lejanos para compa\u00f1\u00edas mineras o petroleras? \u00a0\u00bfEst\u00e1 buscando Usted un Software que le ayude en la gesti\u00f3n de sus contratos y clientes? \u00a0CampLogistiks es la soluci\u00f3n.\u00a0","robots":{"index":"index","follow":"follow","max-snippet":"max-snippet:-1","max-image-preview":"max-image-preview:large","max-video-preview":"max-video-preview:-1"},"canonical":"https:\/\/camplogistiks.com\/es\/camp-logistiks\/gestion-contratos-clientes\/","og_locale":"es_ES","og_type":"article","og_title":"M\u00f3dulo de gesti\u00f3n de contratos y clientes | Software CampLogistiks","og_description":"\u00bfEs Usted\u00a0 encargado de la gesti\u00f3n de campamentos? \u00bfEs Usted responsable de la gesti\u00f3n de campamentos \u00a0lejanos para compa\u00f1\u00edas mineras o petroleras? \u00a0\u00bfEst\u00e1 buscando Usted un Software que le ayude en la gesti\u00f3n de sus contratos y clientes? \u00a0CampLogistiks es la soluci\u00f3n.\u00a0","og_url":"https:\/\/camplogistiks.com\/es\/camp-logistiks\/gestion-contratos-clientes\/","og_site_name":"Camp Logistiks","twitter_misc":{"Tiempo de lectura":"3 minutos"},"schema":{"@context":"https:\/\/schema.org","@graph":[{"@type":"WebPage","@id":"https:\/\/camplogistiks.com\/es\/camp-logistiks\/gestion-contratos-clientes\/","url":"https:\/\/camplogistiks.com\/es\/camp-logistiks\/gestion-contratos-clientes\/","name":"M\u00f3dulo de gesti\u00f3n de contratos y clientes | Software CampLogistiks","isPartOf":{"@id":"https:\/\/camplogistiks.com\/#website"},"datePublished":"2018-09-21T15:03:52+00:00","description":"\u00bfEs Usted\u00a0 encargado de la gesti\u00f3n de campamentos? \u00bfEs Usted responsable de la gesti\u00f3n de campamentos \u00a0lejanos para compa\u00f1\u00edas mineras o petroleras? \u00a0\u00bfEst\u00e1 buscando Usted un Software que le ayude en la gesti\u00f3n de sus contratos y clientes? \u00a0CampLogistiks es la soluci\u00f3n.\u00a0","breadcrumb":{"@id":"https:\/\/camplogistiks.com\/es\/camp-logistiks\/gestion-contratos-clientes\/#breadcrumb"},"inLanguage":"es","potentialAction":[{"@type":"ReadAction","target":["https:\/\/camplogistiks.com\/es\/camp-logistiks\/gestion-contratos-clientes\/"]}]},{"@type":"BreadcrumbList","@id":"https:\/\/camplogistiks.com\/es\/camp-logistiks\/gestion-contratos-clientes\/#breadcrumb","itemListElement":[{"@type":"ListItem","position":1,"name":"Portada","item":"https:\/\/camplogistiks.com\/es\/"},{"@type":"ListItem","position":2,"name":"CampLogistiks Sinopsis","item":"https:\/\/camplogistiks.com\/es\/camp-logistiks\/"},{"@type":"ListItem","position":3,"name":"M\u00f3dulo de gesti\u00f3n de contratos y clientes"}]},{"@type":"WebSite","@id":"https:\/\/camplogistiks.com\/#website","url":"https:\/\/camplogistiks.com\/","name":"Camp Logistiks","description":"Powered by Infynia","potentialAction":[{"@type":"SearchAction","target":{"@type":"EntryPoint","urlTemplate":"https:\/\/camplogistiks.com\/?s={search_term_string}"},"query-input":{"@type":"PropertyValueSpecification","valueRequired":true,"valueName":"search_term_string"}}],"inLanguage":"es"}]}},"featured_image_src":null,"featured_image_src_square":null,"_links":{"self":[{"href":"https:\/\/camplogistiks.com\/es\/wp-json\/wp\/v2\/pages\/1736","targetHints":{"allow":["GET"]}}],"collection":[{"href":"https:\/\/camplogistiks.com\/es\/wp-json\/wp\/v2\/pages"}],"about":[{"href":"https:\/\/camplogistiks.com\/es\/wp-json\/wp\/v2\/types\/page"}],"author":[{"embeddable":true,"href":"https:\/\/camplogistiks.com\/es\/wp-json\/wp\/v2\/users\/1001005"}],"replies":[{"embeddable":true,"href":"https:\/\/camplogistiks.com\/es\/wp-json\/wp\/v2\/comments?post=1736"}],"version-history":[{"count":0,"href":"https:\/\/camplogistiks.com\/es\/wp-json\/wp\/v2\/pages\/1736\/revisions"}],"up":[{"embeddable":true,"href":"https:\/\/camplogistiks.com\/es\/wp-json\/wp\/v2\/pages\/1298"}],"wp:attachment":[{"href":"https:\/\/camplogistiks.com\/es\/wp-json\/wp\/v2\/media?parent=1736"}],"curies":[{"name":"wp","href":"https:\/\/api.w.org\/{rel}","templated":true}]}}