{"id":1731,"date":"2018-09-21T09:33:58","date_gmt":"2018-09-21T14:33:58","guid":{"rendered":"http:\/\/camplogistiks.com\/es\/?page_id=1731"},"modified":"2018-09-21T09:33:58","modified_gmt":"2018-09-21T14:33:58","slug":"facturacion","status":"publish","type":"page","link":"https:\/\/camplogistiks.com\/es\/camp-logistiks\/facturacion\/","title":{"rendered":"M\u00f3dulo de facturaci\u00f3n"},"content":{"rendered":"<div class=\"wpb_row vc_row-fluid\">\n\t<div class=\"vc_span12 wpb_column column_container\">\n\t\t<div class=\"wpb_wrapper\">\n\t\t\t\n\t<div class=\"wpb_text_column wpb_content_element \">\n\t\t<div class=\"wpb_wrapper\">\n\t\t\t<p>Si usted es una empresa que construye y\/o gestiona campamentos cerrados o abiertos, si usted alquila sus campamentos a clientes mineros y petroleros, si usted aloja a trabajadores en sitios industriales lejanos y necesita un SOFTWARE para gestionar eficazmente sus campamentos y la facturaci\u00f3n a sus clientes: <strong><em>CampLogisti<span style=\"color: #f49c14;\">k<\/span>s<\/em><\/strong>\u00a0es la soluci\u00f3n m\u00e1s pertinente para su compa\u00f1\u00eda.<\/p>\n\n\t\t<\/div> \n\t<\/div> <div class=\"highlightbox contenttable\"><div class=\"two_third\">\n<h2>Descubra CampLogistiks<\/h2>\n<p>Obtenga una demostraci\u00f3n gratuita de nuestro m\u00f3dulo de facturaci\u00f3n<br \/>\n<\/div>\n<div class=\"one_third lastcolumn\">\n<div class=\" \" style=\"display:block;clear:both;height:10px\"><\/div><br \/>\n<a class=\"btn btn-warning btnposright margin5\" title=\"demo\" href=\"http:\/\/camplogistiks.com\/es\/solicitar-una-demostracion\/\">Demostraci\u00f3n gratuita<br \/>\n<\/a><\/p>\n<p><\/div><div class=\"clear\"><\/div><\/div><div class=\"clear\"><\/div><div class=\"vc_separator wpb_content_element vc_el_width_100\">\n\t<span class=\"vc_sep_holder vc_sep_holder_l\"><span class=\"vc_sep_line\"><\/span><\/span>\n\t\t<span class=\"vc_sep_holder vc_sep_holder_r\"><span class=\"vc_sep_line\"><\/span><\/span>\n<\/div>\n\n<div class=\"wpb_row vc_row-fluid\">\n\t<div class=\"vc_span12 wpb_column column_container\">\n\t\t<div class=\"wpb_wrapper\">\n\t\t\t\n\t<div class=\"wpb_text_column wpb_content_element \">\n\t\t<div class=\"wpb_wrapper\">\n\t\t\t<h2 style=\"text-align: center;\">Un Software para una gesti\u00f3n eficiente de su facturaci\u00f3n<\/h2>\n<p>Nuestro m\u00f3dulo de facturaci\u00f3n permite recopilar todos los datos relativos a la estancia por noche y a los gastos adicionales vinculados con las reservas (comida y gastos diversos de adquisici\u00f3n), y detallarlos en facturas claras y precisas. Las reservas y las facturas acopladas, se pueden categorizar por cliente, por empresario, por proyecto, por localizaci\u00f3n o por departamento.<\/p>\n<h3 class=\"H3\">Aproveche de una herramienta de facturaci\u00f3n flexible<\/h3>\n<p><strong><em>CampLogisti<span style=\"color: #f49c14;\">k<\/span>s<\/em><\/strong> le ofrece una gran flexibilidad en materia de tarificaci\u00f3n, particularmente, en materia de alojamiento y gastos adicionales: le da la posibilidad de determinar diferentes categor\u00edas de habitaciones y diferentes niveles de precios, por cliente, por categor\u00eda y por contrato etc. Le permite tambi\u00e9n, gestionar sus gastos adicionales (comida, compras de la tienda de comestibles etc.) y asignar un precio por campamento.<\/p>\n<h3>Mant\u00e9ngase informado en todo momento<\/h3>\n<p>Nuestro Transaction Manager le ofrece adem\u00e1s, una visi\u00f3n precisa y en tiempo real, del estado de cada habitaci\u00f3n a diario, de modo que podr\u00e1 usted detectar todas las excepciones visualmente y de manera r\u00e1pida, precisamente, las salidas anticipadas y las \u201cno show \u201c; en consecuencia, podr\u00e1 corregirlas o facturarlas.<\/p>\n<h3>Archive sus datos y sus facturas f\u00e1cilmente<\/h3>\n<p>El proceso de facturaci\u00f3n incluye un mecanismo de aprobaci\u00f3n y asegura una sincronizaci\u00f3n completa con los datos de la reserva a fin de proteger su integridad.<\/p>\n<p>Disponemos de un mecanismo de modificaci\u00f3n autom\u00e1tica que registra todos los cambios que afectan a una reserva y a las facturas vinculadas con esta reserva.<\/p>\n<p>El conjunto de estas herramientas automatizadas, de uso f\u00e1cil, le garantizan a usted un proceso de facturaci\u00f3n r\u00e1pido y seguro, permiti\u00e9ndole ahorrar mucho tiempo y ganar m\u00e1s beneficios<\/p>\n\n\t\t<\/div> \n\t<\/div> \n\t\t<\/div> \n\t<\/div> \n<\/div><div class=\"vc_separator wpb_content_element vc_el_width_100\">\n\t<span class=\"vc_sep_holder vc_sep_holder_l\"><span class=\"vc_sep_line\"><\/span><\/span>\n\t\t<span class=\"vc_sep_holder vc_sep_holder_r\"><span class=\"vc_sep_line\"><\/span><\/span>\n<\/div>\n\n\n\t\t<\/div> \n\t<\/div> \n<\/div><div class=\"wpb_row vc_row-fluid\">\n\t<div class=\"vc_span12 wpb_column column_container\">\n\t\t<div class=\"wpb_wrapper\">\n\t\t\t<div class=\"highlightbox contenttable\"><div class=\"two_third\">\n<h2>\u00bfDesea usted saber m\u00e1s sobre nuestro m\u00f3dulo de facturaci\u00f3n?<\/h2>\n<p>Rellene nuestro formulario; estaremos encantados de contactar con usted para presentarle nuestro software.<br \/>\n<\/div>\n<div class=\"one_third lastcolumn\">\n<div class=\" \" style=\"display:block;clear:both;height:20px\"><\/div><br \/>\n<a class=\"btn btn-warning margin5\" title=\"Pida una demostracion\" href=\"http:\/\/camplogistiks.com\/es\/solicitar-una-demostracion\/\">Pida una demostracion<br \/>\n<\/a><a class=\"btn btn-warning margin5 right10\" title=\"Brochure\" href=\"http:\/\/camplogistiks.com\/wp-content\/uploads\/2015\/12\/Flyer_Camp-Logistiks_FINAL_ES.pdf\" target=\"_blank\" download=\"\">Descargue el folleto<\/a><\/p>\n<p><\/div><div class=\"clear\"><\/div><\/div><div class=\"clear\"><\/div>\n\t\t<\/div> \n\t<\/div> \n<\/div>\n","protected":false},"excerpt":{"rendered":"Si usted es una empresa que construye y\/o gestiona campamentos cerrados o abiertos, si usted alquila sus campamentos a clientes mineros y petroleros, si usted aloja a trabajadores en sitios industriales lejanos y necesita un SOFTWARE para gestionar eficazmente sus campamentos y la facturaci\u00f3n a sus clientes: CampLogistiks\u00a0es la soluci\u00f3n m\u00e1s pertinente para su compa\u00f1\u00eda. ...","protected":false},"author":1001005,"featured_media":0,"parent":1298,"menu_order":0,"comment_status":"closed","ping_status":"closed","template":"","meta":{"_monsterinsights_skip_tracking":false,"_monsterinsights_sitenote_active":false,"_monsterinsights_sitenote_note":"","_monsterinsights_sitenote_category":0,"footnotes":""},"class_list":["post-1731","page","type-page","status-publish","hentry"],"yoast_head":"<!-- This site is optimized with the Yoast SEO plugin v27.4 - https:\/\/yoast.com\/product\/yoast-seo-wordpress\/ -->\n<title>M\u00f3dulo de facturaci\u00f3n | Software CampLogistiks<\/title>\n<meta name=\"description\" content=\"Gestione, eficaz y f\u00e1cilmente, sus campamentos\u00a0 lejanos y la facturaci\u00f3n a sus clientes mineros y petroleros\u00a0\u00a0 \u00a0gracias a CampLogistiks.\" \/>\n<meta name=\"robots\" content=\"index, follow, max-snippet:-1, max-image-preview:large, max-video-preview:-1\" \/>\n<link rel=\"canonical\" href=\"https:\/\/camplogistiks.com\/es\/camp-logistiks\/facturacion\/\" \/>\n<meta property=\"og:locale\" content=\"es_ES\" \/>\n<meta property=\"og:type\" content=\"article\" \/>\n<meta property=\"og:title\" content=\"M\u00f3dulo de facturaci\u00f3n | Software CampLogistiks\" \/>\n<meta property=\"og:description\" content=\"Gestione, eficaz y f\u00e1cilmente, sus campamentos\u00a0 lejanos y la facturaci\u00f3n a sus clientes mineros y petroleros\u00a0\u00a0 \u00a0gracias a CampLogistiks.\" \/>\n<meta property=\"og:url\" content=\"https:\/\/camplogistiks.com\/es\/camp-logistiks\/facturacion\/\" \/>\n<meta property=\"og:site_name\" content=\"Camp Logistiks\" \/>\n<meta name=\"twitter:label1\" content=\"Tiempo de lectura\" \/>\n\t<meta name=\"twitter:data1\" content=\"2 minutos\" \/>\n<script type=\"application\/ld+json\" class=\"yoast-schema-graph\">{\"@context\":\"https:\\\/\\\/schema.org\",\"@graph\":[{\"@type\":\"WebPage\",\"@id\":\"https:\\\/\\\/camplogistiks.com\\\/es\\\/camp-logistiks\\\/facturacion\\\/\",\"url\":\"https:\\\/\\\/camplogistiks.com\\\/es\\\/camp-logistiks\\\/facturacion\\\/\",\"name\":\"M\u00f3dulo de facturaci\u00f3n | Software CampLogistiks\",\"isPartOf\":{\"@id\":\"https:\\\/\\\/camplogistiks.com\\\/#website\"},\"datePublished\":\"2018-09-21T14:33:58+00:00\",\"description\":\"Gestione, eficaz y f\u00e1cilmente, sus campamentos\u00a0 lejanos y la facturaci\u00f3n a sus clientes mineros y petroleros\u00a0\u00a0 \u00a0gracias a CampLogistiks.\",\"breadcrumb\":{\"@id\":\"https:\\\/\\\/camplogistiks.com\\\/es\\\/camp-logistiks\\\/facturacion\\\/#breadcrumb\"},\"inLanguage\":\"es\",\"potentialAction\":[{\"@type\":\"ReadAction\",\"target\":[\"https:\\\/\\\/camplogistiks.com\\\/es\\\/camp-logistiks\\\/facturacion\\\/\"]}]},{\"@type\":\"BreadcrumbList\",\"@id\":\"https:\\\/\\\/camplogistiks.com\\\/es\\\/camp-logistiks\\\/facturacion\\\/#breadcrumb\",\"itemListElement\":[{\"@type\":\"ListItem\",\"position\":1,\"name\":\"Portada\",\"item\":\"https:\\\/\\\/camplogistiks.com\\\/es\\\/\"},{\"@type\":\"ListItem\",\"position\":2,\"name\":\"CampLogistiks Sinopsis\",\"item\":\"https:\\\/\\\/camplogistiks.com\\\/es\\\/camp-logistiks\\\/\"},{\"@type\":\"ListItem\",\"position\":3,\"name\":\"M\u00f3dulo de facturaci\u00f3n\"}]},{\"@type\":\"WebSite\",\"@id\":\"https:\\\/\\\/camplogistiks.com\\\/#website\",\"url\":\"https:\\\/\\\/camplogistiks.com\\\/\",\"name\":\"Camp Logistiks\",\"description\":\"Powered by Infynia\",\"potentialAction\":[{\"@type\":\"SearchAction\",\"target\":{\"@type\":\"EntryPoint\",\"urlTemplate\":\"https:\\\/\\\/camplogistiks.com\\\/?s={search_term_string}\"},\"query-input\":{\"@type\":\"PropertyValueSpecification\",\"valueRequired\":true,\"valueName\":\"search_term_string\"}}],\"inLanguage\":\"es\"}]}<\/script>\n<!-- \/ Yoast SEO plugin. -->","yoast_head_json":{"title":"M\u00f3dulo de facturaci\u00f3n | Software CampLogistiks","description":"Gestione, eficaz y f\u00e1cilmente, sus campamentos\u00a0 lejanos y la facturaci\u00f3n a sus clientes mineros y petroleros\u00a0\u00a0 \u00a0gracias a CampLogistiks.","robots":{"index":"index","follow":"follow","max-snippet":"max-snippet:-1","max-image-preview":"max-image-preview:large","max-video-preview":"max-video-preview:-1"},"canonical":"https:\/\/camplogistiks.com\/es\/camp-logistiks\/facturacion\/","og_locale":"es_ES","og_type":"article","og_title":"M\u00f3dulo de facturaci\u00f3n | Software CampLogistiks","og_description":"Gestione, eficaz y f\u00e1cilmente, sus campamentos\u00a0 lejanos y la facturaci\u00f3n a sus clientes mineros y petroleros\u00a0\u00a0 \u00a0gracias a CampLogistiks.","og_url":"https:\/\/camplogistiks.com\/es\/camp-logistiks\/facturacion\/","og_site_name":"Camp Logistiks","twitter_misc":{"Tiempo de lectura":"2 minutos"},"schema":{"@context":"https:\/\/schema.org","@graph":[{"@type":"WebPage","@id":"https:\/\/camplogistiks.com\/es\/camp-logistiks\/facturacion\/","url":"https:\/\/camplogistiks.com\/es\/camp-logistiks\/facturacion\/","name":"M\u00f3dulo de facturaci\u00f3n | Software CampLogistiks","isPartOf":{"@id":"https:\/\/camplogistiks.com\/#website"},"datePublished":"2018-09-21T14:33:58+00:00","description":"Gestione, eficaz y f\u00e1cilmente, sus campamentos\u00a0 lejanos y la facturaci\u00f3n a sus clientes mineros y petroleros\u00a0\u00a0 \u00a0gracias a CampLogistiks.","breadcrumb":{"@id":"https:\/\/camplogistiks.com\/es\/camp-logistiks\/facturacion\/#breadcrumb"},"inLanguage":"es","potentialAction":[{"@type":"ReadAction","target":["https:\/\/camplogistiks.com\/es\/camp-logistiks\/facturacion\/"]}]},{"@type":"BreadcrumbList","@id":"https:\/\/camplogistiks.com\/es\/camp-logistiks\/facturacion\/#breadcrumb","itemListElement":[{"@type":"ListItem","position":1,"name":"Portada","item":"https:\/\/camplogistiks.com\/es\/"},{"@type":"ListItem","position":2,"name":"CampLogistiks Sinopsis","item":"https:\/\/camplogistiks.com\/es\/camp-logistiks\/"},{"@type":"ListItem","position":3,"name":"M\u00f3dulo de facturaci\u00f3n"}]},{"@type":"WebSite","@id":"https:\/\/camplogistiks.com\/#website","url":"https:\/\/camplogistiks.com\/","name":"Camp Logistiks","description":"Powered by Infynia","potentialAction":[{"@type":"SearchAction","target":{"@type":"EntryPoint","urlTemplate":"https:\/\/camplogistiks.com\/?s={search_term_string}"},"query-input":{"@type":"PropertyValueSpecification","valueRequired":true,"valueName":"search_term_string"}}],"inLanguage":"es"}]}},"featured_image_src":null,"featured_image_src_square":null,"_links":{"self":[{"href":"https:\/\/camplogistiks.com\/es\/wp-json\/wp\/v2\/pages\/1731","targetHints":{"allow":["GET"]}}],"collection":[{"href":"https:\/\/camplogistiks.com\/es\/wp-json\/wp\/v2\/pages"}],"about":[{"href":"https:\/\/camplogistiks.com\/es\/wp-json\/wp\/v2\/types\/page"}],"author":[{"embeddable":true,"href":"https:\/\/camplogistiks.com\/es\/wp-json\/wp\/v2\/users\/1001005"}],"replies":[{"embeddable":true,"href":"https:\/\/camplogistiks.com\/es\/wp-json\/wp\/v2\/comments?post=1731"}],"version-history":[{"count":0,"href":"https:\/\/camplogistiks.com\/es\/wp-json\/wp\/v2\/pages\/1731\/revisions"}],"up":[{"embeddable":true,"href":"https:\/\/camplogistiks.com\/es\/wp-json\/wp\/v2\/pages\/1298"}],"wp:attachment":[{"href":"https:\/\/camplogistiks.com\/es\/wp-json\/wp\/v2\/media?parent=1731"}],"curies":[{"name":"wp","href":"https:\/\/api.w.org\/{rel}","templated":true}]}}