{"id":1306,"date":"2015-10-26T18:51:27","date_gmt":"2015-10-26T18:51:27","guid":{"rendered":"http:\/\/camplogistiks.com\/?page_id=1306"},"modified":"2018-09-21T16:05:05","modified_gmt":"2018-09-21T21:05:05","slug":"cafeteria","status":"publish","type":"page","link":"https:\/\/camplogistiks.com\/es\/camp-logistiks\/cafeteria\/","title":{"rendered":"Cafeter\u00eda"},"content":{"rendered":"<div class=\"wpb_row vc_row-fluid\">\n\t<div class=\"vc_span12 wpb_column column_container\">\n\t\t<div class=\"wpb_wrapper\">\n\t\t\t\n\t<div class=\"wpb_text_column wpb_content_element \">\n\t\t<div class=\"wpb_wrapper\">\n\t\t\t<h2>Gestionar apropiadamente las transacciones de comida y aumentar el control en la cafeter\u00eda es importante<\/h2>\n\n\t\t<\/div> \n\t<\/div> <div class=\"vc_separator wpb_content_element vc_el_width_100\">\n\t<span class=\"vc_sep_holder vc_sep_holder_l\"><span class=\"vc_sep_line\"><\/span><\/span>\n\t\t<span class=\"vc_sep_holder vc_sep_holder_r\"><span class=\"vc_sep_line\"><\/span><\/span>\n<\/div>\n\n<div class=\"wpb_row vc_row-fluid\">\n\t<div class=\"vc_span12 wpb_column column_container\">\n\t\t<div class=\"wpb_wrapper\">\n\t\t\t\n\t<div class=\"wpb_text_column wpb_content_element \">\n\t\t<div class=\"wpb_wrapper\">\n\t\t\t<p>El m\u00f3dulo de cafeter\u00eda consiste en una pantalla t\u00e1ctil la cual le permitir\u00e1 registrar diariamente las transacciones de comida. Este m\u00f3dulo opera mediante la configuraci\u00f3n de par\u00e1metros clave tales como: el n\u00famero m\u00e1ximo de comidas por d\u00eda y la autorizaci\u00f3n de consumo despu\u00e9s del check-out o entre comidas.<\/p>\n<p>Este m\u00f3dulo est\u00e1 completamente integrado con las reservaciones de <strong><em>CampLogisti<span style=\"color: #f49c14;\">k<\/span>s\u00a0<\/em><\/strong>reservations. Cuando el empleado se presenta en la cafeter\u00eda, el encargado selecciona el tipo de comida (desayuno, almuerzo, cena o colaci\u00f3n) y la transacci\u00f3n es verificada en tiempo real.<\/p>\n<p>Adicionalmente, el nombre y la foto del empleado aparecer\u00e1n en la pantalla t\u00e1ctil cuando la tarjeta de acceso sea escaneada para una verificaci\u00f3n visual lo que permite disminuir las posibilidades de fraude.<\/p>\n<ul>\n<li>Identifique visualmente a los empleados para reducir las posibilidades de fraude.<\/li>\n<li>Verifique si el empleado posee una reservaci\u00f3n v\u00e1lida antes de permitir su acceso.<\/li>\n<li>Registre la cantidad de comidas consumidas por d\u00eda, por empleado y por contratista.<\/li>\n<li>Realice un cotejo entre las reservaciones y las transacciones m\u00e1s recientes de la cafeter\u00eda.<\/li>\n<li>Corrobore el monto facturado por parte de su proveedor con la cantidad de transacciones en el sistema.<\/li>\n<\/ul>\n\n\t\t<\/div> \n\t<\/div> \n\t\t<\/div> \n\t<\/div> \n<\/div>\n\t\t<\/div> \n\t<\/div> \n<\/div><div class=\"wpb_row vc_row-fluid\">\n\t<div class=\"vc_span12 wpb_column column_container\">\n\t\t<div class=\"wpb_wrapper\">\n\t\t\t<div class=\"highlightbox contenttable\"><div class=\"two_third\">\n<h2>\u00bfDesea saber m\u00e1s?<\/h2>\n<p>Complete el siguiente formulario y lo contactaremos para presentarle nuestro software.<br \/>\n<\/div>\n<div class=\"one_third lastcolumn\">\n<a class=\"btn btn-warning btnposright margin5\" title=\"Request Demo Now!\" href=\"http:\/\/camplogistiks.com\/es\/solicitar-una-demostracion\/\">Solicite una Demo<br \/>\n<\/a><a class=\"btn btn-warning btnposright margin5 right10\" title=\"Brochure\" href=\"http:\/\/camplogistiks.com\/wp-content\/uploads\/2015\/12\/Flyer_Camp-Logistiks_FINAL_ES.pdf\" target=\"_blank\">Descargar folleto<\/a><\/p>\n<p><\/div><div class=\"clear\"><\/div><\/div><div class=\"clear\"><\/div><div class=\"wpb_row vc_row-fluid\">\n\t<div class=\"vc_span12 wpb_column column_container\">\n\t\t<div class=\"wpb_wrapper\">\n\t\t\t<div class=\"vc_separator wpb_content_element vc_el_width_100\">\n\t<span class=\"vc_sep_holder vc_sep_holder_l\"><span class=\"vc_sep_line\"><\/span><\/span>\n\t\t<span class=\"vc_sep_holder vc_sep_holder_r\"><span class=\"vc_sep_line\"><\/span><\/span>\n<\/div>\n\n<div class=\"vc_separator wpb_content_element vc_separator_align_left vc_el_width_100\">\n\t<span class=\"vc_sep_holder vc_sep_holder_l\"><span class=\"vc_sep_line\"><\/span><\/span>\n\t<h4>Sreenshots<\/h4>\t<span class=\"vc_sep_holder vc_sep_holder_r\"><span class=\"vc_sep_line\"><\/span><\/span>\n<\/div>\n\n<div class=\"left mr\" style=\"width:850px;\">\n\t\t\t\t\t\t\t<div class=\"holderwrap\">\n\t\t\t\t\t\t\t\t<div class=\"mediaholder\">\n\t\t\t\t\t\t\t\t\t<img decoding=\"async\" src=\"https:\/\/camplogistiks.com\/wp-content\/uploads\/2013\/11\/Cafeteria-en.png\" alt=\"\">\n\t\t\t\t\t\t\t\t\t<div class=\"cover\"><\/div>\n\t\t\t\t\t\t\t\t\t<a href=\"https:\/\/camplogistiks.com\/wp-content\/uploads\/2013\/11\/Cafeteria-en.png\" rel=\"group2\" data-rel=\"group2\" class=\"fancybox\" title=\"\"><div class=\"show icon-search \"><\/div><\/a><\/div>\n\t\t\t\t\t\t\t\t<div class=\"foliotextholder\">\n\t\t\t\t\t\t\t\t\t<div class=\"foliotextwrapper\">\n\t\t\t\t\t\t\t\t\t\t<h5 class=\"itemtitle\"><a href=\"\"><\/a><\/h5>\n\t\t\t\t\t\t\t\t\t<\/div>\n\t\t\t\t\t\t\t\t<\/div>\n\t\t\t\t\t\t\t<\/div>\n\t\t\t\t\t\t<\/div>\n\n\t\t<\/div> \n\t<\/div> \n<\/div>\n\t\t<\/div> \n\t<\/div> \n<\/div>\n","protected":false},"excerpt":{"rendered":"Gestionar apropiadamente las transacciones de comida y aumentar el control en la cafeter\u00eda es importante El m\u00f3dulo de cafeter\u00eda consiste en una pantalla t\u00e1ctil la cual le permitir\u00e1 registrar diariamente las transacciones de comida. Este m\u00f3dulo opera mediante la configuraci\u00f3n de par\u00e1metros clave tales como: el n\u00famero m\u00e1ximo de comidas por d\u00eda y la autorizaci\u00f3n ...","protected":false},"author":1001005,"featured_media":0,"parent":1298,"menu_order":5,"comment_status":"open","ping_status":"closed","template":"","meta":{"_monsterinsights_skip_tracking":false,"_monsterinsights_sitenote_active":false,"_monsterinsights_sitenote_note":"","_monsterinsights_sitenote_category":0,"footnotes":""},"class_list":["post-1306","page","type-page","status-publish","hentry"],"yoast_head":"<!-- This site is optimized with the Yoast SEO plugin v27.5 - https:\/\/yoast.com\/product\/yoast-seo-wordpress\/ -->\n<title>M\u00f3dulo de Cafeter\u00eda | Software CampLogistiks<\/title>\n<meta name=\"description\" content=\"El m\u00f3dulo de cafeter\u00eda consiste en una pantalla t\u00e1ctil la cual le permitir\u00e1 registrar diariamente las transacciones de comida.\" \/>\n<meta name=\"robots\" content=\"index, follow, max-snippet:-1, max-image-preview:large, max-video-preview:-1\" \/>\n<link rel=\"canonical\" href=\"https:\/\/camplogistiks.com\/es\/camp-logistiks\/cafeteria\/\" \/>\n<meta property=\"og:locale\" content=\"es_ES\" \/>\n<meta property=\"og:type\" content=\"article\" \/>\n<meta property=\"og:title\" content=\"M\u00f3dulo de Cafeter\u00eda | Software CampLogistiks\" \/>\n<meta property=\"og:description\" content=\"El m\u00f3dulo de cafeter\u00eda consiste en una pantalla t\u00e1ctil la cual le permitir\u00e1 registrar diariamente las transacciones de comida.\" \/>\n<meta property=\"og:url\" content=\"https:\/\/camplogistiks.com\/es\/camp-logistiks\/cafeteria\/\" \/>\n<meta property=\"og:site_name\" content=\"Camp Logistiks\" \/>\n<meta property=\"article:modified_time\" content=\"2018-09-21T21:05:05+00:00\" \/>\n<meta name=\"twitter:label1\" content=\"Tiempo de lectura\" \/>\n\t<meta name=\"twitter:data1\" content=\"2 minutos\" \/>\n<script type=\"application\/ld+json\" class=\"yoast-schema-graph\">{\"@context\":\"https:\\\/\\\/schema.org\",\"@graph\":[{\"@type\":\"WebPage\",\"@id\":\"https:\\\/\\\/camplogistiks.com\\\/es\\\/camp-logistiks\\\/cafeteria\\\/\",\"url\":\"https:\\\/\\\/camplogistiks.com\\\/es\\\/camp-logistiks\\\/cafeteria\\\/\",\"name\":\"M\u00f3dulo de Cafeter\u00eda | Software CampLogistiks\",\"isPartOf\":{\"@id\":\"https:\\\/\\\/camplogistiks.com\\\/#website\"},\"datePublished\":\"2015-10-26T18:51:27+00:00\",\"dateModified\":\"2018-09-21T21:05:05+00:00\",\"description\":\"El m\u00f3dulo de cafeter\u00eda consiste en una pantalla t\u00e1ctil la cual le permitir\u00e1 registrar diariamente las transacciones de comida.\",\"breadcrumb\":{\"@id\":\"https:\\\/\\\/camplogistiks.com\\\/es\\\/camp-logistiks\\\/cafeteria\\\/#breadcrumb\"},\"inLanguage\":\"es\",\"potentialAction\":[{\"@type\":\"ReadAction\",\"target\":[\"https:\\\/\\\/camplogistiks.com\\\/es\\\/camp-logistiks\\\/cafeteria\\\/\"]}]},{\"@type\":\"BreadcrumbList\",\"@id\":\"https:\\\/\\\/camplogistiks.com\\\/es\\\/camp-logistiks\\\/cafeteria\\\/#breadcrumb\",\"itemListElement\":[{\"@type\":\"ListItem\",\"position\":1,\"name\":\"Portada\",\"item\":\"https:\\\/\\\/camplogistiks.com\\\/es\\\/\"},{\"@type\":\"ListItem\",\"position\":2,\"name\":\"CampLogistiks Sinopsis\",\"item\":\"https:\\\/\\\/camplogistiks.com\\\/es\\\/camp-logistiks\\\/\"},{\"@type\":\"ListItem\",\"position\":3,\"name\":\"Cafeter\u00eda\"}]},{\"@type\":\"WebSite\",\"@id\":\"https:\\\/\\\/camplogistiks.com\\\/#website\",\"url\":\"https:\\\/\\\/camplogistiks.com\\\/\",\"name\":\"Camp Logistiks\",\"description\":\"Powered by Infynia\",\"potentialAction\":[{\"@type\":\"SearchAction\",\"target\":{\"@type\":\"EntryPoint\",\"urlTemplate\":\"https:\\\/\\\/camplogistiks.com\\\/?s={search_term_string}\"},\"query-input\":{\"@type\":\"PropertyValueSpecification\",\"valueRequired\":true,\"valueName\":\"search_term_string\"}}],\"inLanguage\":\"es\"}]}<\/script>\n<!-- \/ Yoast SEO plugin. -->","yoast_head_json":{"title":"M\u00f3dulo de Cafeter\u00eda | Software CampLogistiks","description":"El m\u00f3dulo de cafeter\u00eda consiste en una pantalla t\u00e1ctil la cual le permitir\u00e1 registrar diariamente las transacciones de comida.","robots":{"index":"index","follow":"follow","max-snippet":"max-snippet:-1","max-image-preview":"max-image-preview:large","max-video-preview":"max-video-preview:-1"},"canonical":"https:\/\/camplogistiks.com\/es\/camp-logistiks\/cafeteria\/","og_locale":"es_ES","og_type":"article","og_title":"M\u00f3dulo de Cafeter\u00eda | Software CampLogistiks","og_description":"El m\u00f3dulo de cafeter\u00eda consiste en una pantalla t\u00e1ctil la cual le permitir\u00e1 registrar diariamente las transacciones de comida.","og_url":"https:\/\/camplogistiks.com\/es\/camp-logistiks\/cafeteria\/","og_site_name":"Camp Logistiks","article_modified_time":"2018-09-21T21:05:05+00:00","twitter_misc":{"Tiempo de lectura":"2 minutos"},"schema":{"@context":"https:\/\/schema.org","@graph":[{"@type":"WebPage","@id":"https:\/\/camplogistiks.com\/es\/camp-logistiks\/cafeteria\/","url":"https:\/\/camplogistiks.com\/es\/camp-logistiks\/cafeteria\/","name":"M\u00f3dulo de Cafeter\u00eda | Software CampLogistiks","isPartOf":{"@id":"https:\/\/camplogistiks.com\/#website"},"datePublished":"2015-10-26T18:51:27+00:00","dateModified":"2018-09-21T21:05:05+00:00","description":"El m\u00f3dulo de cafeter\u00eda consiste en una pantalla t\u00e1ctil la cual le permitir\u00e1 registrar diariamente las transacciones de comida.","breadcrumb":{"@id":"https:\/\/camplogistiks.com\/es\/camp-logistiks\/cafeteria\/#breadcrumb"},"inLanguage":"es","potentialAction":[{"@type":"ReadAction","target":["https:\/\/camplogistiks.com\/es\/camp-logistiks\/cafeteria\/"]}]},{"@type":"BreadcrumbList","@id":"https:\/\/camplogistiks.com\/es\/camp-logistiks\/cafeteria\/#breadcrumb","itemListElement":[{"@type":"ListItem","position":1,"name":"Portada","item":"https:\/\/camplogistiks.com\/es\/"},{"@type":"ListItem","position":2,"name":"CampLogistiks Sinopsis","item":"https:\/\/camplogistiks.com\/es\/camp-logistiks\/"},{"@type":"ListItem","position":3,"name":"Cafeter\u00eda"}]},{"@type":"WebSite","@id":"https:\/\/camplogistiks.com\/#website","url":"https:\/\/camplogistiks.com\/","name":"Camp Logistiks","description":"Powered by Infynia","potentialAction":[{"@type":"SearchAction","target":{"@type":"EntryPoint","urlTemplate":"https:\/\/camplogistiks.com\/?s={search_term_string}"},"query-input":{"@type":"PropertyValueSpecification","valueRequired":true,"valueName":"search_term_string"}}],"inLanguage":"es"}]}},"featured_image_src":null,"featured_image_src_square":null,"_links":{"self":[{"href":"https:\/\/camplogistiks.com\/es\/wp-json\/wp\/v2\/pages\/1306","targetHints":{"allow":["GET"]}}],"collection":[{"href":"https:\/\/camplogistiks.com\/es\/wp-json\/wp\/v2\/pages"}],"about":[{"href":"https:\/\/camplogistiks.com\/es\/wp-json\/wp\/v2\/types\/page"}],"author":[{"embeddable":true,"href":"https:\/\/camplogistiks.com\/es\/wp-json\/wp\/v2\/users\/1001005"}],"replies":[{"embeddable":true,"href":"https:\/\/camplogistiks.com\/es\/wp-json\/wp\/v2\/comments?post=1306"}],"version-history":[{"count":0,"href":"https:\/\/camplogistiks.com\/es\/wp-json\/wp\/v2\/pages\/1306\/revisions"}],"up":[{"embeddable":true,"href":"https:\/\/camplogistiks.com\/es\/wp-json\/wp\/v2\/pages\/1298"}],"wp:attachment":[{"href":"https:\/\/camplogistiks.com\/es\/wp-json\/wp\/v2\/media?parent=1306"}],"curies":[{"name":"wp","href":"https:\/\/api.w.org\/{rel}","templated":true}]}}