{"id":1298,"date":"2015-11-23T21:41:18","date_gmt":"2015-11-24T02:41:18","guid":{"rendered":"http:\/\/camplogistiks.com\/?page_id=1298"},"modified":"2018-10-01T10:21:05","modified_gmt":"2018-10-01T15:21:05","slug":"camp-logistiks","status":"publish","type":"page","link":"https:\/\/camplogistiks.com\/es\/camp-logistiks\/","title":{"rendered":"CampLogistiks Sinopsis"},"content":{"rendered":"<div class=\"wpb_row vc_row-fluid\">\n\t<div class=\"vc_span12 wpb_column column_container\">\n\t\t<div class=\"wpb_wrapper\">\n\t\t\t\n\t<div class=\"wpb_text_column wpb_content_element \">\n\t\t<div class=\"wpb_wrapper\">\n\t\t\t<h2>Gestione de forma centralizada todas las actividades de su campamento<\/h2>\n\n\t\t<\/div> \n\t<\/div> <div class=\"vc_separator wpb_content_element vc_el_width_100\">\n\t<span class=\"vc_sep_holder vc_sep_holder_l\"><span class=\"vc_sep_line\"><\/span><\/span>\n\t\t<span class=\"vc_sep_holder vc_sep_holder_r\"><span class=\"vc_sep_line\"><\/span><\/span>\n<\/div>\n\n<div class=\"wpb_row vc_row-fluid\">\n\t<div class=\"vc_span12 wpb_column column_container\">\n\t\t<div class=\"wpb_wrapper\">\n\t\t\t\n\t<div class=\"wpb_text_column wpb_content_element \">\n\t\t<div class=\"wpb_wrapper\">\n\t\t\t<p><strong><em>CampLogisti<span style=\"color: #f49c14;\">k<\/span>s<\/em><\/strong> es un Software espec\u00edficamente dise\u00f1ado para las industrias de Miner\u00eda, Petr\u00f3leo y Gas que permite a los administradores de campamentos gestionar de forma eficiente sus operaciones diarias. Desde el a\u00f1o 2008, nuestra soluci\u00f3n ha evolucionado constantemente para satisfacer las necesidades espec\u00edficas de nuestros clientes.<\/p>\n<p>Nuestra soluci\u00f3n ayudar\u00e1 a los campamentos remotos en la optimizaci\u00f3n del uso de recursos y la reducci\u00f3n de costos de operaci\u00f3n proporcion\u00e1ndole las herramientas adecuadas para manejar, desde rotaciones de trabajo, cafeter\u00eda limpieza y mantenimiento, hasta solicitudes de alojamiento y reservaciones de vuelo.<\/p>\n<p>Asigne los gastos a los proyectos, contratistas y departamentos apropiados. Obtenga, en tiempo real y en un ambiente centralizado, reportes y estad\u00edsticas para ayudar en la toma de decisiones y en las operaciones de su negocio.<\/p>\n<p>Adicionalmente, usted puede conectar su sistema de control de acceso a <strong><em>CampLogisti<span style=\"color: #f49c14;\">k<\/span>s<\/em><\/strong>\u00a0para un mejor control de presencia en sus instalaciones. <div class=\" \" style=\"display:block;clear:both;height:20px\"><\/div><div class=\" \" style=\"display:block;clear:both;height:20px\"><\/div>\n\n\t\t<\/div> \n\t<\/div> <div class=\"left mr\" style=\"width:850px;\">\n\t\t\t\t\t\t\t<div class=\"holderwrap\">\n\t\t\t\t\t\t\t\t<div class=\"mediaholder\">\n\t\t\t\t\t\t\t\t\t<img decoding=\"async\" src=\"https:\/\/camplogistiks.com\/wp-content\/uploads\/2015\/10\/Process-ES.png\" alt=\"\">\n\t\t\t\t\t\t\t\t\t<div class=\"cover\"><\/div>\n\t\t\t\t\t\t\t\t\t<a href=\"https:\/\/camplogistiks.com\/wp-content\/uploads\/2015\/10\/Process-ES.png\" rel=\"group2\" data-rel=\"group2\" class=\"fancybox\" title=\"\"><div class=\"show icon-search \"><\/div><\/a><\/div>\n\t\t\t\t\t\t\t\t<div class=\"foliotextholder\">\n\t\t\t\t\t\t\t\t\t<div class=\"foliotextwrapper\">\n\t\t\t\t\t\t\t\t\t\t<h5 class=\"itemtitle\"><a href=\"\"><\/a><\/h5>\n\t\t\t\t\t\t\t\t\t<\/div>\n\t\t\t\t\t\t\t\t<\/div>\n\t\t\t\t\t\t\t<\/div>\n\t\t\t\t\t\t<\/div>\n\n\t<div class=\"wpb_text_column wpb_content_element \">\n\t\t<div class=\"wpb_wrapper\">\n\t\t\t<h3><div class=\" \" style=\"display:block;clear:both;height:20px\"><\/div><span style=\"text-decoration: underline; color: #000000;\"><strong>Beneficios clave de <em>CampLogisti<span style=\"color: #f49c14;\">k<\/span>s<\/em><\/strong><\/span><\/h3>\n<ol style=\"text-align: left;\">\n<li><span style=\"color: #000000;\">Reducci\u00f3n de los costos de operaci\u00f3n de sus campamentos remotos<\/span><\/li>\n<li><span style=\"color: #000000;\">Automatizaci\u00f3n y optimizaci\u00f3n del uso de sus recursos<\/span><\/li>\n<li><span style=\"color: #000000;\">Incremento de la eficiencia del administrador de campamento<\/span><\/li>\n<li><span style=\"color: #000000;\">Control de las facturas de sus subcontratistas<\/span><\/li>\n<li><span style=\"color: #000000;\">Asignaci\u00f3n de gastos a los proyectos, departamentos y contratistas adecuados<\/span><\/li>\n<li><span style=\"color: #000000;\">Gesti\u00f3n autom\u00e1tica de los turnos de trabajo recurrentes<\/span><\/li>\n<li><span style=\"color: #000000;\">Control de acceso a la cafeter\u00eda y de los costos del servicio de comedor<\/span><\/li>\n<li><span style=\"color: #000000;\">Acceso a sus indicadores de desempe\u00f1o en tiempo real<\/span><\/li>\n<li><span style=\"color: #000000;\">Cumplimiento de las normas vigentes<\/span><\/li>\n<li><span style=\"color: #000000;\">Mejora de la localizaci\u00f3n y seguimiento mediante su integraci\u00f3n con el control de acceso<\/span><\/li>\n<\/ol>\n<div class=\" \" style=\"display:block;clear:both;height:20px\"><\/div><div class=\" \" style=\"display:block;clear:both;height:20px\"><\/div><div class=\" \" style=\"display:block;clear:both;height:20px\"><\/div>\n\n\t\t<\/div> \n\t<\/div> \n\t\t<\/div> \n\t<\/div> \n<\/div>\n\t\t<\/div> \n\t<\/div> \n<\/div><div class=\"wpb_row vc_row-fluid\">\n\t<div class=\"vc_span12 wpb_column column_container\">\n\t\t<div class=\"wpb_wrapper\">\n\t\t\t<div class=\"highlightbox contenttable\"><div class=\"two_third\">\n<h2>\u00bfDesea saber m\u00e1s?<\/h2>\n<p>Complete el siguiente formulario y lo contactaremos para presentarle nuestro software.<br \/>\n<\/div>\n<div class=\"one_third lastcolumn\">\n<a class=\"btn btn-warning btnposright margin5\" title=\"Request a DEMO\" href=\"http:\/\/camplogistiks.com\/es\/solicitar-una-demostracion\/\"> Solicite una Demo<br \/>\n<\/a><a class=\"btn btn-warning btnposright margin5 right10\" title=\"Brochure\" href=\"http:\/\/camplogistiks.com\/wp-content\/uploads\/2015\/12\/Flyer_Camp-Logistiks_FINAL_ES.pdf\" target=\"_blank\">Descargar folleto<\/a><\/p>\n<p><\/div><div class=\"clear\"><\/div><\/div><div class=\"clear\"><\/div>\n\t\t<\/div> \n\t<\/div> \n<\/div>\n","protected":false},"excerpt":{"rendered":"Gestione de forma centralizada todas las actividades de su campamento CampLogistiks es un Software espec\u00edficamente dise\u00f1ado para las industrias de Miner\u00eda, Petr\u00f3leo y Gas que permite a los administradores de campamentos gestionar de forma eficiente sus operaciones diarias. Desde el a\u00f1o 2008, nuestra soluci\u00f3n ha evolucionado constantemente para satisfacer las necesidades espec\u00edficas de nuestros clientes. ...","protected":false},"author":1001005,"featured_media":0,"parent":0,"menu_order":1,"comment_status":"closed","ping_status":"closed","template":"","meta":{"_monsterinsights_skip_tracking":false,"_monsterinsights_sitenote_active":false,"_monsterinsights_sitenote_note":"","_monsterinsights_sitenote_category":0,"footnotes":""},"class_list":["post-1298","page","type-page","status-publish","hentry"],"yoast_head":"<!-- This site is optimized with the Yoast SEO plugin v27.3 - https:\/\/yoast.com\/product\/yoast-seo-wordpress\/ -->\n<title>CampLogistiks | Sinopsis<\/title>\n<meta name=\"description\" content=\"CampLogistiks ayudar\u00e1 a los campamentos remotos en la optimizaci\u00f3n del uso de recursos y la reducci\u00f3n de costos de operaci\u00f3n.\" \/>\n<meta name=\"robots\" content=\"index, follow, max-snippet:-1, max-image-preview:large, max-video-preview:-1\" \/>\n<link rel=\"canonical\" href=\"https:\/\/camplogistiks.com\/es\/camp-logistiks\/\" \/>\n<meta property=\"og:locale\" content=\"es_ES\" \/>\n<meta property=\"og:type\" content=\"article\" \/>\n<meta property=\"og:title\" content=\"CampLogistiks | Sinopsis\" \/>\n<meta property=\"og:description\" content=\"CampLogistiks ayudar\u00e1 a los campamentos remotos en la optimizaci\u00f3n del uso de recursos y la reducci\u00f3n de costos de operaci\u00f3n.\" \/>\n<meta property=\"og:url\" content=\"https:\/\/camplogistiks.com\/es\/camp-logistiks\/\" \/>\n<meta property=\"og:site_name\" content=\"Camp Logistiks\" \/>\n<meta property=\"article:modified_time\" content=\"2018-10-01T15:21:05+00:00\" \/>\n<meta name=\"twitter:label1\" content=\"Tiempo de lectura\" \/>\n\t<meta name=\"twitter:data1\" content=\"2 minutos\" \/>\n<script type=\"application\/ld+json\" class=\"yoast-schema-graph\">{\"@context\":\"https:\\\/\\\/schema.org\",\"@graph\":[{\"@type\":\"WebPage\",\"@id\":\"https:\\\/\\\/camplogistiks.com\\\/es\\\/camp-logistiks\\\/\",\"url\":\"https:\\\/\\\/camplogistiks.com\\\/es\\\/camp-logistiks\\\/\",\"name\":\"CampLogistiks | Sinopsis\",\"isPartOf\":{\"@id\":\"https:\\\/\\\/camplogistiks.com\\\/#website\"},\"datePublished\":\"2015-11-24T02:41:18+00:00\",\"dateModified\":\"2018-10-01T15:21:05+00:00\",\"description\":\"CampLogistiks ayudar\u00e1 a los campamentos remotos en la optimizaci\u00f3n del uso de recursos y la reducci\u00f3n de costos de operaci\u00f3n.\",\"breadcrumb\":{\"@id\":\"https:\\\/\\\/camplogistiks.com\\\/es\\\/camp-logistiks\\\/#breadcrumb\"},\"inLanguage\":\"es\",\"potentialAction\":[{\"@type\":\"ReadAction\",\"target\":[\"https:\\\/\\\/camplogistiks.com\\\/es\\\/camp-logistiks\\\/\"]}]},{\"@type\":\"BreadcrumbList\",\"@id\":\"https:\\\/\\\/camplogistiks.com\\\/es\\\/camp-logistiks\\\/#breadcrumb\",\"itemListElement\":[{\"@type\":\"ListItem\",\"position\":1,\"name\":\"Portada\",\"item\":\"https:\\\/\\\/camplogistiks.com\\\/es\\\/\"},{\"@type\":\"ListItem\",\"position\":2,\"name\":\"CampLogistiks Sinopsis\"}]},{\"@type\":\"WebSite\",\"@id\":\"https:\\\/\\\/camplogistiks.com\\\/#website\",\"url\":\"https:\\\/\\\/camplogistiks.com\\\/\",\"name\":\"Camp Logistiks\",\"description\":\"Powered by Infynia\",\"potentialAction\":[{\"@type\":\"SearchAction\",\"target\":{\"@type\":\"EntryPoint\",\"urlTemplate\":\"https:\\\/\\\/camplogistiks.com\\\/?s={search_term_string}\"},\"query-input\":{\"@type\":\"PropertyValueSpecification\",\"valueRequired\":true,\"valueName\":\"search_term_string\"}}],\"inLanguage\":\"es\"}]}<\/script>\n<!-- \/ Yoast SEO plugin. -->","yoast_head_json":{"title":"CampLogistiks | Sinopsis","description":"CampLogistiks ayudar\u00e1 a los campamentos remotos en la optimizaci\u00f3n del uso de recursos y la reducci\u00f3n de costos de operaci\u00f3n.","robots":{"index":"index","follow":"follow","max-snippet":"max-snippet:-1","max-image-preview":"max-image-preview:large","max-video-preview":"max-video-preview:-1"},"canonical":"https:\/\/camplogistiks.com\/es\/camp-logistiks\/","og_locale":"es_ES","og_type":"article","og_title":"CampLogistiks | Sinopsis","og_description":"CampLogistiks ayudar\u00e1 a los campamentos remotos en la optimizaci\u00f3n del uso de recursos y la reducci\u00f3n de costos de operaci\u00f3n.","og_url":"https:\/\/camplogistiks.com\/es\/camp-logistiks\/","og_site_name":"Camp Logistiks","article_modified_time":"2018-10-01T15:21:05+00:00","twitter_misc":{"Tiempo de lectura":"2 minutos"},"schema":{"@context":"https:\/\/schema.org","@graph":[{"@type":"WebPage","@id":"https:\/\/camplogistiks.com\/es\/camp-logistiks\/","url":"https:\/\/camplogistiks.com\/es\/camp-logistiks\/","name":"CampLogistiks | Sinopsis","isPartOf":{"@id":"https:\/\/camplogistiks.com\/#website"},"datePublished":"2015-11-24T02:41:18+00:00","dateModified":"2018-10-01T15:21:05+00:00","description":"CampLogistiks ayudar\u00e1 a los campamentos remotos en la optimizaci\u00f3n del uso de recursos y la reducci\u00f3n de costos de operaci\u00f3n.","breadcrumb":{"@id":"https:\/\/camplogistiks.com\/es\/camp-logistiks\/#breadcrumb"},"inLanguage":"es","potentialAction":[{"@type":"ReadAction","target":["https:\/\/camplogistiks.com\/es\/camp-logistiks\/"]}]},{"@type":"BreadcrumbList","@id":"https:\/\/camplogistiks.com\/es\/camp-logistiks\/#breadcrumb","itemListElement":[{"@type":"ListItem","position":1,"name":"Portada","item":"https:\/\/camplogistiks.com\/es\/"},{"@type":"ListItem","position":2,"name":"CampLogistiks Sinopsis"}]},{"@type":"WebSite","@id":"https:\/\/camplogistiks.com\/#website","url":"https:\/\/camplogistiks.com\/","name":"Camp Logistiks","description":"Powered by Infynia","potentialAction":[{"@type":"SearchAction","target":{"@type":"EntryPoint","urlTemplate":"https:\/\/camplogistiks.com\/?s={search_term_string}"},"query-input":{"@type":"PropertyValueSpecification","valueRequired":true,"valueName":"search_term_string"}}],"inLanguage":"es"}]}},"featured_image_src":null,"featured_image_src_square":null,"_links":{"self":[{"href":"https:\/\/camplogistiks.com\/es\/wp-json\/wp\/v2\/pages\/1298","targetHints":{"allow":["GET"]}}],"collection":[{"href":"https:\/\/camplogistiks.com\/es\/wp-json\/wp\/v2\/pages"}],"about":[{"href":"https:\/\/camplogistiks.com\/es\/wp-json\/wp\/v2\/types\/page"}],"author":[{"embeddable":true,"href":"https:\/\/camplogistiks.com\/es\/wp-json\/wp\/v2\/users\/1001005"}],"replies":[{"embeddable":true,"href":"https:\/\/camplogistiks.com\/es\/wp-json\/wp\/v2\/comments?post=1298"}],"version-history":[{"count":0,"href":"https:\/\/camplogistiks.com\/es\/wp-json\/wp\/v2\/pages\/1298\/revisions"}],"wp:attachment":[{"href":"https:\/\/camplogistiks.com\/es\/wp-json\/wp\/v2\/media?parent=1298"}],"curies":[{"name":"wp","href":"https:\/\/api.w.org\/{rel}","templated":true}]}}