{"id":1286,"date":"2015-12-07T19:48:10","date_gmt":"2015-12-07T19:48:10","guid":{"rendered":"http:\/\/camplogistiks.com\/?page_id=1286"},"modified":"2018-09-20T16:05:00","modified_gmt":"2018-09-20T21:05:00","slug":"quienes-somos","status":"publish","type":"page","link":"https:\/\/camplogistiks.com\/es\/quienes-somos\/","title":{"rendered":"Sobre nuestra soluci\u00f3n de gesti\u00f3n de industriales, sitios lejanos, CampLogistiks"},"content":{"rendered":"<div class=\"wpb_row vc_row-fluid\">\n\t<div class=\"vc_span12 wpb_column column_container\">\n\t\t<div class=\"wpb_wrapper\">\n\t\t\t\n\t<div class=\"wpb_text_column wpb_content_element \">\n\t\t<div class=\"wpb_wrapper\">\n\t\t\t<p>La historia de CampLogistiks empez\u00f3 en el a\u00f1o 2008, cuando la compa\u00f1\u00eda minera Consolidated Thompson solicit\u00f3 nuestro asesoramiento, pidiendo que desarroll\u00e1ramos para su campamento del Lago Bloom en Fermont (Quebec), una aplicaci\u00f3n de gesti\u00f3n de habitaciones y de una cafeter\u00eda.<\/p>\n<p>Para nuestro cliente, desarrollamos un prototipo en Access que pudo responder a sus necesidades inmediatas. Unos meses m\u00e1s tarde, quisimos anticipar la demanda pensando en que podr\u00eda surgir una oportunidad en el mercado y que una aplicaci\u00f3n \u201cEmpresa\u201d podr\u00eda servir a todos los <a href=\"http:\/\/camplogistiks.com\/es\/nuestros-clientes\/\">clientes mineros de Quebec<\/a> y por qu\u00e9 no a los mineros del mundo entero. As\u00ed fue c\u00f3mo comenz\u00f3 la aventura CampLogistiks.<\/p>\n<p>A comienzos del a\u00f1o 2009, nuestros equipos en Montreal (Canad\u00e1) y en T\u00fanez (Norte de \u00c1frica), comenzaron a desarrollar la primera versi\u00f3n de nuestro software que llamamos, en aquel entonces, \u201cGesti\u00f3n de sitios\u201d. Se trata de una aplicaci\u00f3n totalmente Web, modular, basada en las tecnolog\u00edas NET y SOL Server y una estructura multisitio y en varios idiomas.<\/p>\n<p>Pudimos de esta forma, migrar a la compa\u00f1\u00eda \u201cConsolidated Thompson\u201d a esta nueva versi\u00f3n para comenzar despu\u00e9s, a administrar la aplicaci\u00f3n como un producto comercial con todas sus consecuencias en t\u00e9rminos de equipo de desarrollo et de soporte, marketing, modelo comercial, roadmap, documentaci\u00f3n etc.<\/p>\n\n\t\t<\/div> \n\t<\/div> <div class=\"vc_separator wpb_content_element vc_el_width_100\">\n\t<span class=\"vc_sep_holder vc_sep_holder_l\"><span class=\"vc_sep_line\"><\/span><\/span>\n\t\t<span class=\"vc_sep_holder vc_sep_holder_r\"><span class=\"vc_sep_line\"><\/span><\/span>\n<\/div>\n\n\n\t\t<\/div> \n\t<\/div> \n<\/div><div class=\"wpb_row vc_row-fluid\">\n\t<div class=\"vc_span12 wpb_column column_container\">\n\t\t<div class=\"wpb_wrapper\">\n\t\t\t\n\t<div class=\"wpb_text_column wpb_content_element \">\n\t\t<div class=\"wpb_wrapper\">\n\t\t\t<h2 style=\"text-align: center;\">Los valores que rigen nuestras acciones<\/h2>\n\n\t\t<\/div> \n\t<\/div> <div class=\"wpb_row vc_row-fluid\">\n\t<div class=\"vc_span3 wpb_column column_container\">\n\t\t<div class=\"wpb_wrapper\">\n\t\t\t\n\t<div class=\"wpb_text_column wpb_content_element \">\n\t\t<div class=\"wpb_wrapper\">\n\t\t\t<p style=\"text-align: center;\">\u00a0<i class=\"fa fa-handshake fa-6x\"><\/i><\/p>\n\n\t\t<\/div> \n\t<\/div> \n\t<div class=\"wpb_text_column wpb_content_element \">\n\t\t<div class=\"wpb_wrapper\">\n\t\t\t<h3 style=\"text-align: center;\">Compromiso<\/h3>\n<p>Cumplir con los compromisos y respetar los acuerdos para construir relaciones viables y duraderas. <\/p>\n\n\t\t<\/div> \n\t<\/div> \n\t\t<\/div> \n\t<\/div> \n\n\t<div class=\"vc_span3 wpb_column column_container\">\n\t\t<div class=\"wpb_wrapper\">\n\t\t\t\n\t<div class=\"wpb_text_column wpb_content_element \">\n\t\t<div class=\"wpb_wrapper\">\n\t\t\t<p style=\"text-align: center;\">\u00a0<i class=\"fa fa-brain fa-6x\"><\/i><\/p>\n\n\t\t<\/div> \n\t<\/div> \n\t<div class=\"wpb_text_column wpb_content_element \">\n\t\t<div class=\"wpb_wrapper\">\n\t\t\t<h3 style=\"text-align: center;\">Flexibilidad<\/h3>\n<p>Permanecer abierto a la innovaci\u00f3n con una capacidad de adaptaci\u00f3n r\u00e1pida para responder eficazmente a los cambios continuos en las necesidades de nuestros clientes. <\/p>\n\n\t\t<\/div> \n\t<\/div> \n\t\t<\/div> \n\t<\/div> \n\n\t<div class=\"vc_span3 wpb_column column_container\">\n\t\t<div class=\"wpb_wrapper\">\n\t\t\t\n\t<div class=\"wpb_text_column wpb_content_element \">\n\t\t<div class=\"wpb_wrapper\">\n\t\t\t<p style=\"text-align: center;\">\u00a0<i class=\"fa fa-clipboard-list fa-6x\"><\/i><\/p>\n\n\t\t<\/div> \n\t<\/div> \n\t<div class=\"wpb_text_column wpb_content_element \">\n\t\t<div class=\"wpb_wrapper\">\n\t\t\t<h3 style=\"text-align: center;\">Servicio<\/h3>\n<p>Prestar un alto nivel de servicio en su idioma con la m\u00e1xima rapidez y eficacia. Eso es lo que nuestros clientes les dir\u00e1n de nosotros.<\/p>\n\n\t\t<\/div> \n\t<\/div> \n\t\t<\/div> \n\t<\/div> \n\n\t<div class=\"vc_span3 wpb_column column_container\">\n\t\t<div class=\"wpb_wrapper\">\n\t\t\t\n\t<div class=\"wpb_text_column wpb_content_element \">\n\t\t<div class=\"wpb_wrapper\">\n\t\t\t<p style=\"text-align: center;\"><i class=\"fa fa-chart-line fa-6x\"><\/i><\/p>\n\n\t\t<\/div> \n\t<\/div> \n\t<div class=\"wpb_text_column wpb_content_element \">\n\t\t<div class=\"wpb_wrapper\">\n\t\t\t<h3 style=\"text-align: center;\">Calidad<\/h3>\n<p>Prestar servicios y aportar soluciones para negocios que generen valor, forma parte de nuestra cultura y es nuestro compromiso. <\/p>\n\n\t\t<\/div> \n\t<\/div> \n\t\t<\/div> \n\t<\/div> \n<\/div><div class=\"vc_separator wpb_content_element vc_el_width_100\">\n\t<span class=\"vc_sep_holder vc_sep_holder_l\"><span class=\"vc_sep_line\"><\/span><\/span>\n\t\t<span class=\"vc_sep_holder vc_sep_holder_r\"><span class=\"vc_sep_line\"><\/span><\/span>\n<\/div>\n\n\n\t\t<\/div> \n\t<\/div> \n<\/div><div class=\"wpb_row vc_row-fluid\">\n\t<div class=\"vc_span12 wpb_column column_container\">\n\t\t<div class=\"wpb_wrapper\">\n\t\t\t\n\t<div class=\"wpb_text_column wpb_content_element \">\n\t\t<div class=\"wpb_wrapper\">\n\t\t\t<h2 style=\"text-align: center;\">Cronolog\u00eda de los momentos culminantes para nuestra empresa<\/h2>\n\n\t\t<\/div> \n\t<\/div> \n\t<div class=\"wpb_text_column wpb_content_element \">\n\t\t<div class=\"wpb_wrapper\">\n\t\t\t\t\t<div class=\"wpostahs-slider-wrp \" data-conf=\"{&quot;dots&quot;:&quot;false&quot;,&quot;arrows&quot;:&quot;true&quot;,&quot;loop&quot;:&quot;false&quot;,&quot;autoplay&quot;:&quot;false&quot;,&quot;autoplayInterval&quot;:3000,&quot;speed&quot;:300,&quot;fade&quot;:&quot;true&quot;,&quot;rtl&quot;:&quot;false&quot;,&quot;centermode&quot;:&quot;false&quot;,&quot;slidestoshow&quot;:3,&quot;lazyload&quot;:&quot;&quot;}\">\r\n\t\t\t<div class=\"wpostahs-slider wpostahs-slider-inner-wrp wpostahs-slider-design-2\">\r\n\t\t\t\t\n<div id=\"wpostahs-slider-nav-1\" class=\"wpostahs-slider-nav-1 wpostahs-slider-nav wpostahs-slick-slider\" data-slider-nav-for='wpostahs-slider-for-1'>\n\t\t\t\t<div class=\"wpostahs-slider-nav-title\">\n\t\t\t<div class=\"wpostahs-main-title\">\n\t\t\t\t<button><\/button>\n\t\t\t<\/div>\n\t\t\t<div class=\"wpostahs-title\">2008<\/div>\n\t\t<\/div>\n\t\t\t<div class=\"wpostahs-slider-nav-title\">\n\t\t\t<div class=\"wpostahs-main-title\">\n\t\t\t\t<button><\/button>\n\t\t\t<\/div>\n\t\t\t<div class=\"wpostahs-title\">2009<\/div>\n\t\t<\/div>\n\t\t\t<div class=\"wpostahs-slider-nav-title\">\n\t\t\t<div class=\"wpostahs-main-title\">\n\t\t\t\t<button><\/button>\n\t\t\t<\/div>\n\t\t\t<div class=\"wpostahs-title\">2010<\/div>\n\t\t<\/div>\n\t\t\t<div class=\"wpostahs-slider-nav-title\">\n\t\t\t<div class=\"wpostahs-main-title\">\n\t\t\t\t<button><\/button>\n\t\t\t<\/div>\n\t\t\t<div class=\"wpostahs-title\">2011<\/div>\n\t\t<\/div>\n\t\t\t<div class=\"wpostahs-slider-nav-title\">\n\t\t\t<div class=\"wpostahs-main-title\">\n\t\t\t\t<button><\/button>\n\t\t\t<\/div>\n\t\t\t<div class=\"wpostahs-title\">2012<\/div>\n\t\t<\/div>\n\t\t\t<div class=\"wpostahs-slider-nav-title\">\n\t\t\t<div class=\"wpostahs-main-title\">\n\t\t\t\t<button><\/button>\n\t\t\t<\/div>\n\t\t\t<div class=\"wpostahs-title\">2013<\/div>\n\t\t<\/div>\n\t\t\t<div class=\"wpostahs-slider-nav-title\">\n\t\t\t<div class=\"wpostahs-main-title\">\n\t\t\t\t<button><\/button>\n\t\t\t<\/div>\n\t\t\t<div class=\"wpostahs-title\">2014<\/div>\n\t\t<\/div>\n\t\t\t<div class=\"wpostahs-slider-nav-title\">\n\t\t\t<div class=\"wpostahs-main-title\">\n\t\t\t\t<button><\/button>\n\t\t\t<\/div>\n\t\t\t<div class=\"wpostahs-title\">2015<\/div>\n\t\t<\/div>\n\t\t\t<div class=\"wpostahs-slider-nav-title\">\n\t\t\t<div class=\"wpostahs-main-title\">\n\t\t\t\t<button><\/button>\n\t\t\t<\/div>\n\t\t\t<div class=\"wpostahs-title\">2016<\/div>\n\t\t<\/div>\n\t\t\t<div class=\"wpostahs-slider-nav-title\">\n\t\t\t<div class=\"wpostahs-main-title\">\n\t\t\t\t<button><\/button>\n\t\t\t<\/div>\n\t\t\t<div class=\"wpostahs-title\">2017<\/div>\n\t\t<\/div>\n\t\t\t<div class=\"wpostahs-slider-nav-title\">\n\t\t\t<div class=\"wpostahs-main-title\">\n\t\t\t\t<button><\/button>\n\t\t\t<\/div>\n\t\t\t<div class=\"wpostahs-title\">2017<\/div>\n\t\t<\/div>\n\t\t\t<div class=\"wpostahs-slider-nav-title\">\n\t\t\t<div class=\"wpostahs-main-title\">\n\t\t\t\t<button><\/button>\n\t\t\t<\/div>\n\t\t\t<div class=\"wpostahs-title\">2018<\/div>\n\t\t<\/div>\n\t<\/div>\n\n<div class=\"wpostahs-slider-for-1 wpostahs-slider-for wpostahs-slick-slider\">\n\t\t\t\n\t\t<div class=\"wpostahs-slider-nav-content\">\n\t\t<h2 class=\"wpostahs-centent-title\">2008<\/h2>\n\t\t\t<div class=\"wpostahs-centent\">\n\t\t\t\t<p>Desarrollo del <strong>1<sup>er<\/sup> prototipo<\/strong> de aplicaci\u00f3n Windows para su primer cliente <em>Consolidated Thompson;<\/em><\/p>\n\t\t\t<\/div>\n\n\t\t\t\t<\/div>\n\t\t\t\n\t\t<div class=\"wpostahs-slider-nav-content\">\n\t\t<h2 class=\"wpostahs-centent-title\">2009<\/h2>\n\t\t\t<div class=\"wpostahs-centent\">\n\t\t\t\t<p>Remodelaci\u00f3n del prototipo y aparici\u00f3n de la versi\u00f3n 1 de \u00ab Gesti\u00f3n de sitios, <strong>antecesor de CampLogistiks en forma de una aplicaci\u00f3n web<\/strong>, basada en C#, ASP, NET y SOL Server. Los principales m\u00f3dulos que estaban incluidos en esta versi\u00f3n son la gesti\u00f3n de los empleados y visitantes, las reservas puntuales, los servicios de limpieza y la cafeter\u00eda;<\/p>\n\t\t\t<\/div>\n\n\t\t\t\t<\/div>\n\t\t\t\n\t\t<div class=\"wpostahs-slider-nav-content\">\n\t\t<h2 class=\"wpostahs-centent-title\">2010<\/h2>\n\t\t\t<div class=\"wpostahs-centent\">\n\t\t\t\t<p>Lanzamos la <strong>versi\u00f3n 2<\/strong> que incluye el m\u00f3dulo \u00ab Extranet \u00bb. \u00c9ste permite a los empresarios externos hacer pedidos de reservas v\u00eda Web;<\/p>\n\t\t\t<\/div>\n\n\t\t\t\t<\/div>\n\t\t\t\n\t\t<div class=\"wpostahs-slider-nav-content\">\n\t\t<h2 class=\"wpostahs-centent-title\">2011<\/h2>\n\t\t\t<div class=\"wpostahs-centent\">\n\t\t\t\t<p>Venta de la <strong>1era licencia a DetourGold<\/strong> e incorporaci\u00f3n de un m\u00f3dulo para la gesti\u00f3n del dep\u00f3sito. En el mismo a\u00f1o, fue elaborada la 1era versi\u00f3n de la <strong>documentaci\u00f3n del producto<\/strong>. Esto nos conduce a la versi\u00f3n 3 del software;<\/p>\n\t\t\t<\/div>\n\n\t\t\t\t<\/div>\n\t\t\t\n\t\t<div class=\"wpostahs-slider-nav-content\">\n\t\t<h2 class=\"wpostahs-centent-title\">2012<\/h2>\n\t\t\t<div class=\"wpostahs-centent\">\n\t\t\t\t<p><strong>ArcelorMittal, la 1era f\u00e1brica mundial de acero<\/strong> compra una licencia corporativa para administrar todos sus sitios mineros en Canad\u00e1;<\/p>\n\t\t\t<\/div>\n\n\t\t\t\t<\/div>\n\t\t\t\n\t\t<div class=\"wpostahs-slider-nav-content\">\n\t\t<h2 class=\"wpostahs-centent-title\">2013<\/h2>\n\t\t\t<div class=\"wpostahs-centent\">\n\t\t\t\t<p>Firma de un contrato estrat\u00e9gico con <strong>GoldCorp<\/strong>. La 2unda mina de oro mundial nos elige para administrar su proyecto m\u00e1s importante, ubicado en Baie-James.<\/p>\n\t\t\t<\/div>\n\n\t\t\t\t<\/div>\n\t\t\t\n\t\t<div class=\"wpostahs-slider-nav-content\">\n\t\t<h2 class=\"wpostahs-centent-title\">2014<\/h2>\n\t\t\t<div class=\"wpostahs-centent\">\n\t\t\t\t<p>Prestaci\u00f3n de una mayor versi\u00f3n que incluye la gesti\u00f3n de los <strong>horarios recurrentes<\/strong>, integrados con el alojamiento y el <strong>transporte terrestre y a\u00e9reo<\/strong>, adem\u00e1s de varios nuevos lazos y una nueva herramienta de mensajer\u00eda integrada en el extranet . Aprovechamos de esta etapa para revisar y reformular la estructura backend del programa, lo que nos llev\u00f3 a la versi\u00f3n 5.<\/p>\n\t\t\t<\/div>\n\n\t\t\t\t<\/div>\n\t\t\t\n\t\t<div class=\"wpostahs-slider-nav-content\">\n\t\t<h2 class=\"wpostahs-centent-title\">2015<\/h2>\n\t\t\t<div class=\"wpostahs-centent\">\n\t\t\t\t<p>Adopci\u00f3n de <strong>CampLogistiks<\/strong> como nuevo nombre del programa y puesta en marcha del sitio oficial http:\/\/camplogistiks.com<br \/>\nA nivel de producto, conseguimos llegar a la versi\u00f3n 7 gracias a la incorporaci\u00f3n de varias funcionalidades, como un Quiosco para los check-in \/ check-out en libre-servicio y una mejor contabilidad con el conjunto de navegadores Internet.<\/p>\n\t\t\t<\/div>\n\n\t\t\t\t<\/div>\n\t\t\t\n\t\t<div class=\"wpostahs-slider-nav-content\">\n\t\t<h2 class=\"wpostahs-centent-title\">2016<\/h2>\n\t\t\t<div class=\"wpostahs-centent\">\n\t\t\t\t<p>Modernizaci\u00f3n y <strong>revisi\u00f3n completa de todas las interfaces<\/strong> del programa; esto nos conduce a la versi\u00f3n 8.<br \/>\nEntre 2015 y 2016, m\u00e1s clientes eligen CampLogistiks para gestionar sus campamentos lejanos, citamos a <strong>Stornoway Diamonds<\/strong>, Mine de fer Qu\u00e9bec, Alamos Gold y Osisko Mining.<\/p>\n\t\t\t<\/div>\n\n\t\t\t\t<\/div>\n\t\t\t\n\t\t<div class=\"wpostahs-slider-nav-content\">\n\t\t<h2 class=\"wpostahs-centent-title\">2017<\/h2>\n\t\t\t<div class=\"wpostahs-centent\">\n\t\t\t\t<p>Entre las empresas galardonadas por el programa Passeport PME de la C\u00e1mara de Comercio de Montreal Metropolitana, optamos por Infynia para lanzar nuestro <strong>proyecto de exportaci\u00f3n<\/strong> de CampLogistiks hacia Estados Unidos y Am\u00e9rica Latina.<\/p>\n\t\t\t<\/div>\n\n\t\t\t\t<\/div>\n\t\t\t\n\t\t<div class=\"wpostahs-slider-nav-content\">\n\t\t<h2 class=\"wpostahs-centent-title\">2017<\/h2>\n\t\t\t<div class=\"wpostahs-centent\">\n\t\t\t\t<p>Firma de un contrato con nuestro primer <strong>cliente estrat\u00e9gico del oeste de Canad\u00e1<\/strong>. <em>Horizon North Logistics<\/em> elige CampLogistiks como operador para administrar sus 40 campamentos con unos 8000 habitaciones .<\/p>\n\t\t\t<\/div>\n\n\t\t\t\t<\/div>\n\t\t\t\n\t\t<div class=\"wpostahs-slider-nav-content\">\n\t\t<h2 class=\"wpostahs-centent-title\">2018<\/h2>\n\t\t\t<div class=\"wpostahs-centent\">\n\t\t\t\t<p>Prestaci\u00f3n de una mayor versi\u00f3n que incluye la gesti\u00f3n de <strong>clientes, de contratos y de la facturaci\u00f3n<\/strong>. Hemos llegado a la versi\u00f3n 9 y un nuevo cap\u00edtulo se abre ante nosotros : el mercado de constructores y operadores de campamentos, m\u00e1s precisamente, en las industrias de petr\u00f3leo, de gas y de la energ\u00eda.<\/p>\n\t\t\t<\/div>\n\n\t\t\t\t<\/div>\n\t<\/div>\t\t\t<\/div>\r\n\t\t<\/div>\r\n\t\t\n\n\t\t<\/div> \n\t<\/div> <div class=\"vc_separator wpb_content_element vc_el_width_100\">\n\t<span class=\"vc_sep_holder vc_sep_holder_l\"><span class=\"vc_sep_line\"><\/span><\/span>\n\t\t<span class=\"vc_sep_holder vc_sep_holder_r\"><span class=\"vc_sep_line\"><\/span><\/span>\n<\/div>\n\n\n\t\t<\/div> \n\t<\/div> \n<\/div><div class=\"wpb_row vc_row-fluid\">\n\t<div class=\"vc_span12 wpb_column column_container\">\n\t\t<div class=\"wpb_wrapper\">\n\t\t\t\n\t<div class=\"wpb_text_column wpb_content_element \">\n\t\t<div class=\"wpb_wrapper\">\n\t\t\t<h2 style=\"text-align: center;\">Pasan los a\u00f1os, pero conservamos las mismas prioridades<\/h2>\n\n\t\t<\/div> \n\t<\/div> \n\t<div class=\"wpb_text_column wpb_content_element \">\n\t\t<div class=\"wpb_wrapper\">\n\t\t\t<p>A lo largo de esta aventura, hemos escuchado atentamente a nuestros clientes y siempre les hemos prestado funcionalidades que respondan de manera eficaz a sus necesidades, sin olvidar el soporte y asesoramiento de alto nivel que les ofrecemos en franc\u00e9s y en ingl\u00e9s.<\/p>\n<p>Lo que da a CampLogistiks la posici\u00f3n actual de L\u00edder de programas de gesti\u00f3n de sitios industriales lejanos, en Quebec y dentro de poco en Canad\u00e1, es uso f\u00e1cil del software, su plataforma evolutiva y completamente Web y sus interfaces totalmente biling\u00fces.<\/p>\n\n\t\t<\/div> \n\t<\/div> <div class=\"vc_separator wpb_content_element vc_el_width_100\">\n\t<span class=\"vc_sep_holder vc_sep_holder_l\"><span class=\"vc_sep_line\"><\/span><\/span>\n\t\t<span class=\"vc_sep_holder vc_sep_holder_r\"><span class=\"vc_sep_line\"><\/span><\/span>\n<\/div>\n\n\n\t\t<\/div> \n\t<\/div> \n<\/div><div class=\"wpb_row vc_row-fluid\">\n\t<div class=\"vc_span12 wpb_column column_container\">\n\t\t<div class=\"wpb_wrapper\">\n\t\t\t\n\t<div class=\"wpb_text_column wpb_content_element \">\n\t\t<div class=\"wpb_wrapper\">\n\t\t\t<h2 style=\"text-align: center;\">\u00bfDesee obtener informaci\u00f3n sobre nuestra empresa y nuestro programa de gesti\u00f3n de campamentos lejanos?<\/h2>\n\n\t\t<\/div> \n\t<\/div> \n\t<div class=\"wpb_text_column wpb_content_element  orange-link\">\n\t\t<div class=\"wpb_wrapper\">\n\t\t\t<p>Si Ustedes desean informaciones sobre nuestra organizaci\u00f3n o nuestras soluciones de software, p\u00f3ngase en <a href=\"http:\/\/camplogistiks.com\/es\/contactenos\/\">contacto con nosotros<\/a>; responderemos a sus preguntas con mucho gusto.<\/p>\n\n\t\t<\/div> \n\t<\/div> \n\t\t<\/div> \n\t<\/div> \n<\/div>\n","protected":false},"excerpt":{"rendered":"Prestaci\u00f3n de una mayor versi\u00f3n que incluye la gesti\u00f3n de clientes, de contratos y de la facturaci\u00f3n. Hemos llegado a la versi\u00f3n 9 y un nuevo cap\u00edtulo se abre ante nosotros : el mercado de constructores y operadores de campamentos, m\u00e1s precisamente, en las industrias de petr\u00f3leo, de gas y de la energ\u00eda.","protected":false},"author":1001005,"featured_media":0,"parent":0,"menu_order":0,"comment_status":"open","ping_status":"open","template":"","meta":{"_monsterinsights_skip_tracking":false,"_monsterinsights_sitenote_active":false,"_monsterinsights_sitenote_note":"","_monsterinsights_sitenote_category":0,"footnotes":""},"class_list":["post-1286","page","type-page","status-publish","hentry"],"yoast_head":"<!-- This site is optimized with the Yoast SEO plugin v27.5 - https:\/\/yoast.com\/product\/yoast-seo-wordpress\/ -->\n<title>Sobre Nuestra empresa\u00a0y Nuestro Software CampLogistiks \u00a0<\/title>\n<meta name=\"description\" content=\"Aprenda m\u00e1s sobre c\u00f3mo ha sido desarrollada la aplicaci\u00f3n de la gesti\u00f3n de campamentos lejanos . CampLogistiks . Descubra nuestros valores y \u00a0la cronolog\u00eda de los momentos culminantes de nuestro programa.\" \/>\n<meta name=\"robots\" content=\"index, follow, max-snippet:-1, max-image-preview:large, max-video-preview:-1\" \/>\n<link rel=\"canonical\" href=\"https:\/\/camplogistiks.com\/es\/quienes-somos\/\" \/>\n<meta property=\"og:locale\" content=\"es_ES\" \/>\n<meta property=\"og:type\" content=\"article\" \/>\n<meta property=\"og:title\" content=\"Sobre Nuestra empresa\u00a0y Nuestro Software CampLogistiks \u00a0\" \/>\n<meta property=\"og:description\" content=\"Aprenda m\u00e1s sobre c\u00f3mo ha sido desarrollada la aplicaci\u00f3n de la gesti\u00f3n de campamentos lejanos . CampLogistiks . Descubra nuestros valores y \u00a0la cronolog\u00eda de los momentos culminantes de nuestro programa.\" \/>\n<meta property=\"og:url\" content=\"https:\/\/camplogistiks.com\/es\/quienes-somos\/\" \/>\n<meta property=\"og:site_name\" content=\"Camp Logistiks\" \/>\n<meta property=\"article:modified_time\" content=\"2018-09-20T21:05:00+00:00\" \/>\n<meta name=\"twitter:label1\" content=\"Tiempo de lectura\" \/>\n\t<meta name=\"twitter:data1\" content=\"3 minutos\" \/>\n<script type=\"application\/ld+json\" class=\"yoast-schema-graph\">{\"@context\":\"https:\\\/\\\/schema.org\",\"@graph\":[{\"@type\":\"WebPage\",\"@id\":\"https:\\\/\\\/camplogistiks.com\\\/es\\\/quienes-somos\\\/\",\"url\":\"https:\\\/\\\/camplogistiks.com\\\/es\\\/quienes-somos\\\/\",\"name\":\"Sobre Nuestra empresa\u00a0y Nuestro Software CampLogistiks \u00a0\",\"isPartOf\":{\"@id\":\"https:\\\/\\\/camplogistiks.com\\\/#website\"},\"datePublished\":\"2015-12-07T19:48:10+00:00\",\"dateModified\":\"2018-09-20T21:05:00+00:00\",\"description\":\"Aprenda m\u00e1s sobre c\u00f3mo ha sido desarrollada la aplicaci\u00f3n de la gesti\u00f3n de campamentos lejanos . CampLogistiks . Descubra nuestros valores y \u00a0la cronolog\u00eda de los momentos culminantes de nuestro programa.\",\"breadcrumb\":{\"@id\":\"https:\\\/\\\/camplogistiks.com\\\/es\\\/quienes-somos\\\/#breadcrumb\"},\"inLanguage\":\"es\",\"potentialAction\":[{\"@type\":\"ReadAction\",\"target\":[\"https:\\\/\\\/camplogistiks.com\\\/es\\\/quienes-somos\\\/\"]}]},{\"@type\":\"BreadcrumbList\",\"@id\":\"https:\\\/\\\/camplogistiks.com\\\/es\\\/quienes-somos\\\/#breadcrumb\",\"itemListElement\":[{\"@type\":\"ListItem\",\"position\":1,\"name\":\"Portada\",\"item\":\"https:\\\/\\\/camplogistiks.com\\\/es\\\/\"},{\"@type\":\"ListItem\",\"position\":2,\"name\":\"Sobre nuestra soluci\u00f3n de gesti\u00f3n de industriales, sitios lejanos, CampLogistiks\"}]},{\"@type\":\"WebSite\",\"@id\":\"https:\\\/\\\/camplogistiks.com\\\/#website\",\"url\":\"https:\\\/\\\/camplogistiks.com\\\/\",\"name\":\"Camp Logistiks\",\"description\":\"Powered by Infynia\",\"potentialAction\":[{\"@type\":\"SearchAction\",\"target\":{\"@type\":\"EntryPoint\",\"urlTemplate\":\"https:\\\/\\\/camplogistiks.com\\\/?s={search_term_string}\"},\"query-input\":{\"@type\":\"PropertyValueSpecification\",\"valueRequired\":true,\"valueName\":\"search_term_string\"}}],\"inLanguage\":\"es\"}]}<\/script>\n<!-- \/ Yoast SEO plugin. -->","yoast_head_json":{"title":"Sobre Nuestra empresa\u00a0y Nuestro Software CampLogistiks \u00a0","description":"Aprenda m\u00e1s sobre c\u00f3mo ha sido desarrollada la aplicaci\u00f3n de la gesti\u00f3n de campamentos lejanos . CampLogistiks . Descubra nuestros valores y \u00a0la cronolog\u00eda de los momentos culminantes de nuestro programa.","robots":{"index":"index","follow":"follow","max-snippet":"max-snippet:-1","max-image-preview":"max-image-preview:large","max-video-preview":"max-video-preview:-1"},"canonical":"https:\/\/camplogistiks.com\/es\/quienes-somos\/","og_locale":"es_ES","og_type":"article","og_title":"Sobre Nuestra empresa\u00a0y Nuestro Software CampLogistiks \u00a0","og_description":"Aprenda m\u00e1s sobre c\u00f3mo ha sido desarrollada la aplicaci\u00f3n de la gesti\u00f3n de campamentos lejanos . CampLogistiks . Descubra nuestros valores y \u00a0la cronolog\u00eda de los momentos culminantes de nuestro programa.","og_url":"https:\/\/camplogistiks.com\/es\/quienes-somos\/","og_site_name":"Camp Logistiks","article_modified_time":"2018-09-20T21:05:00+00:00","twitter_misc":{"Tiempo de lectura":"3 minutos"},"schema":{"@context":"https:\/\/schema.org","@graph":[{"@type":"WebPage","@id":"https:\/\/camplogistiks.com\/es\/quienes-somos\/","url":"https:\/\/camplogistiks.com\/es\/quienes-somos\/","name":"Sobre Nuestra empresa\u00a0y Nuestro Software CampLogistiks \u00a0","isPartOf":{"@id":"https:\/\/camplogistiks.com\/#website"},"datePublished":"2015-12-07T19:48:10+00:00","dateModified":"2018-09-20T21:05:00+00:00","description":"Aprenda m\u00e1s sobre c\u00f3mo ha sido desarrollada la aplicaci\u00f3n de la gesti\u00f3n de campamentos lejanos . CampLogistiks . Descubra nuestros valores y \u00a0la cronolog\u00eda de los momentos culminantes de nuestro programa.","breadcrumb":{"@id":"https:\/\/camplogistiks.com\/es\/quienes-somos\/#breadcrumb"},"inLanguage":"es","potentialAction":[{"@type":"ReadAction","target":["https:\/\/camplogistiks.com\/es\/quienes-somos\/"]}]},{"@type":"BreadcrumbList","@id":"https:\/\/camplogistiks.com\/es\/quienes-somos\/#breadcrumb","itemListElement":[{"@type":"ListItem","position":1,"name":"Portada","item":"https:\/\/camplogistiks.com\/es\/"},{"@type":"ListItem","position":2,"name":"Sobre nuestra soluci\u00f3n de gesti\u00f3n de industriales, sitios lejanos, CampLogistiks"}]},{"@type":"WebSite","@id":"https:\/\/camplogistiks.com\/#website","url":"https:\/\/camplogistiks.com\/","name":"Camp Logistiks","description":"Powered by Infynia","potentialAction":[{"@type":"SearchAction","target":{"@type":"EntryPoint","urlTemplate":"https:\/\/camplogistiks.com\/?s={search_term_string}"},"query-input":{"@type":"PropertyValueSpecification","valueRequired":true,"valueName":"search_term_string"}}],"inLanguage":"es"}]}},"featured_image_src":null,"featured_image_src_square":null,"_links":{"self":[{"href":"https:\/\/camplogistiks.com\/es\/wp-json\/wp\/v2\/pages\/1286","targetHints":{"allow":["GET"]}}],"collection":[{"href":"https:\/\/camplogistiks.com\/es\/wp-json\/wp\/v2\/pages"}],"about":[{"href":"https:\/\/camplogistiks.com\/es\/wp-json\/wp\/v2\/types\/page"}],"author":[{"embeddable":true,"href":"https:\/\/camplogistiks.com\/es\/wp-json\/wp\/v2\/users\/1001005"}],"replies":[{"embeddable":true,"href":"https:\/\/camplogistiks.com\/es\/wp-json\/wp\/v2\/comments?post=1286"}],"version-history":[{"count":0,"href":"https:\/\/camplogistiks.com\/es\/wp-json\/wp\/v2\/pages\/1286\/revisions"}],"wp:attachment":[{"href":"https:\/\/camplogistiks.com\/es\/wp-json\/wp\/v2\/media?parent=1286"}],"curies":[{"name":"wp","href":"https:\/\/api.w.org\/{rel}","templated":true}]}}